{"id":598196,"date":"2025-03-05T01:50:53","date_gmt":"2025-03-05T00:50:53","guid":{"rendered":"https:\/\/shop.kustom.ch\/?post_type=product&#038;p=598196"},"modified":"2026-03-31T09:05:23","modified_gmt":"2026-03-31T08:05:23","slug":"zippkragen-unterhemd-warm-100-merino","status":"publish","type":"product","link":"https:\/\/shop.kustom.ch\/fr\/produit\/zippkragen-unterhemd-warm-100-merino\/","title":{"rendered":"Maillot de corps \u00e0 col zipp\u00e9 WARM 100% M\u00e9rino"},"content":{"rendered":"<p>Cette couche de base chauffante avec col zipp\u00e9 garde le corps au chaud et au sec par temps froid. Les zones de chaleur se trouvent sur les \u00e9paules, les bras, le dos, les fesses et les c\u00f4t\u00e9s, l\u00e0 o\u00f9 le froid p\u00e9n\u00e8tre le plus rapidement. La couche de base est en 100 % de laine m\u00e9rinos, qui vous garde au chaud et au sec gr\u00e2ce \u00e0 une excellente isolation thermique et \u00e0 une bonne \u00e9vacuation de l'humidit\u00e9. Temp\u00e9rature recommand\u00e9e -5\u00b0C \u00e0 -30\u00b0C. Pas de froid au travail ! Restez au chaud et au sec dans les environnements froids !<\/p>\n<p>FERMETURE : Dos rallong\u00e9. Finition des manches avec poignets. D\u00c9TAILS : Col haut avec fermeture \u00e0 glissi\u00e8re. Coutures contrast\u00e9es. FERMETURE FRONTALE : Fermeture \u00e0 glissi\u00e8re en plastique. FONCTIONNALIT\u00c9 : Temp\u00e9rature recommand\u00e9e -5\u00b0C \u00e0 -30\u00b0C. CARACTERISTIQUES PRINCIPALES : Hommes. TISSU : Hommes. Gris. Vent \/ humidit\u00e9 \/ froid. INSTRUCTIONS DE LAVAGE : utiliser une lessive pour laine. Ne pas repasser.<\/p>\n<p>100% Laine, m\u00e9rinos, tricot c\u00f4tel\u00e9, r\u00e9gulation de l'humidit\u00e9, 200 g\/m<\/p>","protected":false},"excerpt":{"rendered":"<p>Diese w\u00e4rmende Basislage mit Reissverschlusskragen h\u00e4lt den K\u00f6rper warm und trocken bei kaltem Wetter. W\u00e4rmezonen befinden sich an Schultern, Armen, R\u00fccken, Ges\u00e4ss und Seiten, wo die K\u00e4lte am schnellsten eindringt. Die Basislage besteht aus 100 % Merinowolle, die Sie dank ausgezeichneter W\u00e4rmeisolierung und Feuchtigkeitsableitung warm und trocken h\u00e4lt. Empfohlene Temperatur -5\u00b0C bis -30\u00b0C. Kein Frieren [&hellip;]<\/p>\n","protected":false},"featured_media":598264,"template":"","meta":[],"product_brand":[],"product_cat":[4206],"product_tag":[],"class_list":{"0":"post-598196","1":"product","2":"type-product","3":"status-publish","4":"has-post-thumbnail","6":"product_cat-underwear","7":"pa_brand-blaklaeder","8":"pa_brand-type-workwear","9":"pa_filter-color-grau","10":"pa_filter-color-schwarz","12":"first","13":"instock","14":"sale","15":"taxable","16":"shipping-taxable","17":"purchasable","18":"product-type-variable","19":"add-to-wishlist-before_image"},"exclude_global_add_ons":[],"addons":[],"acf":[],"_links":{"self":[{"href":"https:\/\/shop.kustom.ch\/fr\/wp-json\/wp\/v2\/product\/598196"}],"collection":[{"href":"https:\/\/shop.kustom.ch\/fr\/wp-json\/wp\/v2\/product"}],"about":[{"href":"https:\/\/shop.kustom.ch\/fr\/wp-json\/wp\/v2\/types\/product"}],"wp:featuredmedia":[{"embeddable":true,"href":"https:\/\/shop.kustom.ch\/fr\/wp-json\/wp\/v2\/media\/598264"}],"wp:attachment":[{"href":"https:\/\/shop.kustom.ch\/fr\/wp-json\/wp\/v2\/media?parent=598196"}],"wp:term":[{"taxonomy":"product_brand","embeddable":true,"href":"https:\/\/shop.kustom.ch\/fr\/wp-json\/wp\/v2\/product_brand?post=598196"},{"taxonomy":"product_cat","embeddable":true,"href":"https:\/\/shop.kustom.ch\/fr\/wp-json\/wp\/v2\/product_cat?post=598196"},{"taxonomy":"product_tag","embeddable":true,"href":"https:\/\/shop.kustom.ch\/fr\/wp-json\/wp\/v2\/product_tag?post=598196"}],"curies":[{"name":"wp","href":"https:\/\/api.w.org\/{rel}","templated":true}]}}