{"id":598163,"date":"2025-03-05T01:50:47","date_gmt":"2025-03-05T00:50:47","guid":{"rendered":"https:\/\/shop.kustom.ch\/?post_type=product&#038;p=598163"},"modified":"2026-03-31T09:05:15","modified_gmt":"2026-03-31T08:05:15","slug":"microfleece-jacke-4","status":"publish","type":"product","link":"https:\/\/shop.kustom.ch\/fr\/produit\/microfleece-jacke-4\/","title":{"rendered":"Veste en micropolaire"},"content":{"rendered":"<p>Chaude, fine et flexible. Veste en micropolaire avec des inserts stretch agr\u00e9ables sur les c\u00f4t\u00e9s qui garantissent un ajustement parfait. Parfait \u00e0 porter en 2 couches. Se combine de mani\u00e8re optimale avec des vestes softshell ou des vestes shell. \u00c9galement disponible en bleu marine et en noir.<\/p>\n<p>FERMETURE : Dos rallong\u00e9. D\u00c9TAILS : Empi\u00e8cement stretch sur le c\u00f4t\u00e9 et les manches. FERMETURE FRONTALE : Fermeture \u00e0 glissi\u00e8re en plastique. CARACTERISTIQUES PRINCIPALES : Constructeur de b\u00e9ton. TISSU : Hommes. Blanc. Vent \/ humidit\u00e9 \/ froid. POCHES : Poches avant zipp\u00e9es et deux poches int\u00e9rieures. INSTRUCTIONS DE LAVAGE : Ne pas repasser.<\/p>\n<p>100 % polyester, micropolaire, anti-boulochage, 170 g\/m<\/p>","protected":false},"excerpt":{"rendered":"<p>Warm, d\u00fcnn und flexibel. Mikrofleece-Jacke mit angenehmen Stretch-Eins\u00e4tzen an den Seiten, die eine perfekte Passform gew\u00e4hrleisten. Perfekt als 2-Lage zu tragen. Optimal kombinierbar mit Softshell-Jacken oder Shell-Jacken. Ebenfalls erh\u00e4ltlich in Marineblau und Schwarz. ABSCHLUSS: Verl\u00e4ngerter R\u00fccken. DETAILS: Stretch-Einsatz an der Seite und den \u00c4rmeln. FRONTVERSCHLUSS: Reissverschluss aus Kunststoff. HAUPTEIGENSCHAFTEN: Betonbauer. STOFF: Herren. weiss. Wind \/ [&hellip;]<\/p>\n","protected":false},"featured_media":598204,"template":"","meta":[],"product_brand":[],"product_cat":[4186],"product_tag":[],"class_list":{"0":"post-598163","1":"product","2":"type-product","3":"status-publish","4":"has-post-thumbnail","6":"product_cat-jacken","7":"pa_brand-blaklaeder","8":"pa_brand-type-workwear","9":"pa_filter-color-blau","10":"pa_filter-color-grau","11":"pa_filter-color-schwarz","12":"pa_filter-color-weiss","14":"first","15":"instock","16":"sale","17":"taxable","18":"shipping-taxable","19":"purchasable","20":"product-type-variable","21":"add-to-wishlist-before_image"},"exclude_global_add_ons":[],"addons":[],"acf":[],"_links":{"self":[{"href":"https:\/\/shop.kustom.ch\/fr\/wp-json\/wp\/v2\/product\/598163"}],"collection":[{"href":"https:\/\/shop.kustom.ch\/fr\/wp-json\/wp\/v2\/product"}],"about":[{"href":"https:\/\/shop.kustom.ch\/fr\/wp-json\/wp\/v2\/types\/product"}],"wp:featuredmedia":[{"embeddable":true,"href":"https:\/\/shop.kustom.ch\/fr\/wp-json\/wp\/v2\/media\/598204"}],"wp:attachment":[{"href":"https:\/\/shop.kustom.ch\/fr\/wp-json\/wp\/v2\/media?parent=598163"}],"wp:term":[{"taxonomy":"product_brand","embeddable":true,"href":"https:\/\/shop.kustom.ch\/fr\/wp-json\/wp\/v2\/product_brand?post=598163"},{"taxonomy":"product_cat","embeddable":true,"href":"https:\/\/shop.kustom.ch\/fr\/wp-json\/wp\/v2\/product_cat?post=598163"},{"taxonomy":"product_tag","embeddable":true,"href":"https:\/\/shop.kustom.ch\/fr\/wp-json\/wp\/v2\/product_tag?post=598163"}],"curies":[{"name":"wp","href":"https:\/\/api.w.org\/{rel}","templated":true}]}}