{"id":598027,"date":"2025-03-05T01:48:31","date_gmt":"2025-03-05T00:48:31","guid":{"rendered":"https:\/\/shop.kustom.ch\/?post_type=product&#038;p=598027"},"modified":"2026-03-31T09:05:12","modified_gmt":"2026-03-31T08:05:12","slug":"leichte-gefuetterte-winterjacke","status":"publish","type":"product","link":"https:\/\/shop.kustom.ch\/fr\/produit\/leichte-gefuetterte-winterjacke\/","title":{"rendered":"Veste d'hiver l\u00e9g\u00e8re et doubl\u00e9e"},"content":{"rendered":"<p>Une veste d'hiver l\u00e9g\u00e8re avec une doublure en mesh, parfaite \u00e0 porter par temps plus frais. R\u00e9sistante au vent et \u00e0 l'eau, elle est respirante et ses coutures sont scell\u00e9es. Cette veste bicolore avec des couleurs contrast\u00e9es sur les c\u00f4t\u00e9s est \u00e9quip\u00e9e d'une capuche amovible et de d\u00e9tails r\u00e9fl\u00e9chissants remarquables. Avec son design fonctionnel, elle est certifi\u00e9e EN 343 - V\u00eatements de protection contre la pluie.<\/p>\n<p>FERMETURE : Ceinture r\u00e9glable avec cordon de serrage. Poignets r\u00e9glables. D\u00c9TAILS : fermeture \u00e0 glissi\u00e8re dans la doublure, pour une finition textile facile. Logo imprim\u00e9 sur la poitrine. Capuche amovible et r\u00e9glable avec doublure en mesh. FERMETURE FRONTALE : Fermeture \u00e0 glissi\u00e8re en plastique. FONCTIONNALIT\u00c9 : Mat\u00e9riau coupe-vent &amp; imperm\u00e9able avec respirabilit\u00e9, coutures soud\u00e9es. CARACT\u00c9RISTIQUES PRINCIPALES : Artisan. REFLEX : Impression r\u00e9fl\u00e9chissante sur les manches et la capuche. TISSU : Hommes. Vert. Respirabilit\u00e9. Visible. POCHES : Poches de poitrine avec fermeture \u00e0 glissi\u00e8re. Poches avant avec fermetures \u00e0 glissi\u00e8re. INSTRUCTIONS DE LAVAGE : Ne pas repasser. CERTIFICATION : EN 342 avec art. 1810. EN 343, classe 4,2. Non certifi\u00e9 High Vis.<\/p>\n<p>100% Polyester, Oxford, enduit, imperm\u00e9able 15.000 mm, coupe-vent, respirant Ret 8,5, 200g\/m<\/p>","protected":false},"excerpt":{"rendered":"<p>Eine leichte Winterjacke mit Mesh-Futter, die perfekt bei k\u00fchlerem Wetter zu tragen ist. Wind- und wasserdicht mit Atmungsaktivit\u00e4t und versiegelten N\u00e4hten. Diese zweifarbige Jacke mit Kontrastfarben an den Seiten ist mit einer abnehmbaren Kapuze und auffallenden Reflexdetails ausgestattet. Mit ihrem funktionellen Design ist sie nach EN 343 &#8211; Schutzkleidung gegen Regen, zertifiziert. ABSCHLUSS: Verstellbarer Bund [&hellip;]<\/p>\n","protected":false},"featured_media":598080,"template":"","meta":[],"product_brand":[],"product_cat":[4186],"product_tag":[],"class_list":{"0":"post-598027","1":"product","2":"type-product","3":"status-publish","4":"has-post-thumbnail","6":"product_cat-jacken","7":"pa_brand-blaklaeder","8":"pa_brand-type-workwear","9":"pa_filter-color-blau","10":"pa_filter-color-braun","11":"pa_filter-color-gelb","12":"pa_filter-color-grau","13":"pa_filter-color-gruen","14":"pa_filter-color-rot","15":"pa_filter-color-schwarz","16":"pa_filter-color-weiss","18":"first","19":"instock","20":"sale","21":"taxable","22":"shipping-taxable","23":"purchasable","24":"product-type-variable","25":"add-to-wishlist-before_image"},"exclude_global_add_ons":[],"addons":[],"acf":[],"_links":{"self":[{"href":"https:\/\/shop.kustom.ch\/fr\/wp-json\/wp\/v2\/product\/598027"}],"collection":[{"href":"https:\/\/shop.kustom.ch\/fr\/wp-json\/wp\/v2\/product"}],"about":[{"href":"https:\/\/shop.kustom.ch\/fr\/wp-json\/wp\/v2\/types\/product"}],"wp:featuredmedia":[{"embeddable":true,"href":"https:\/\/shop.kustom.ch\/fr\/wp-json\/wp\/v2\/media\/598080"}],"wp:attachment":[{"href":"https:\/\/shop.kustom.ch\/fr\/wp-json\/wp\/v2\/media?parent=598027"}],"wp:term":[{"taxonomy":"product_brand","embeddable":true,"href":"https:\/\/shop.kustom.ch\/fr\/wp-json\/wp\/v2\/product_brand?post=598027"},{"taxonomy":"product_cat","embeddable":true,"href":"https:\/\/shop.kustom.ch\/fr\/wp-json\/wp\/v2\/product_cat?post=598027"},{"taxonomy":"product_tag","embeddable":true,"href":"https:\/\/shop.kustom.ch\/fr\/wp-json\/wp\/v2\/product_tag?post=598027"}],"curies":[{"name":"wp","href":"https:\/\/api.w.org\/{rel}","templated":true}]}}