{"id":598013,"date":"2025-03-05T01:48:28","date_gmt":"2025-03-05T00:48:28","guid":{"rendered":"https:\/\/shop.kustom.ch\/?post_type=product&#038;p=598013"},"modified":"2026-03-31T09:05:02","modified_gmt":"2026-03-31T08:05:02","slug":"high-vis-fleecejacke-winddicht","status":"publish","type":"product","link":"https:\/\/shop.kustom.ch\/fr\/produit\/high-vis-fleecejacke-winddicht\/","title":{"rendered":"Veste polaire haute visibilit\u00e9 coupe-vent"},"content":{"rendered":"<p>Veste polaire robuste en mat\u00e9riau coupe-vent et respirant. Des renforts hydrofuges prot\u00e8gent de la salet\u00e9 et de l'abrasion aux endroits les plus sollicit\u00e9s. Toutes les fermetures \u00e0 glissi\u00e8re sont recouvertes pour les prot\u00e9ger de la salet\u00e9. Poignets r\u00e9glables avec boucle pour le pouce. Bras pr\u00e9form\u00e9s pour un meilleur confort.<\/p>\n<p>FERMETURE : Ceinture r\u00e9glable avec cordon de serrage. Poignets \u00e9largis avec ouverture pour le pouce et ourlet \u00e9lastique. D\u00c9TAILS : Anneau en D. Col haut avec fermeture \u00e0 glissi\u00e8re. FERMETURE FRONTALE : Fermeture \u00e0 glissi\u00e8re en plastique renforc\u00e9e et dissimul\u00e9e. FONCTIONNALIT\u00c9 : Coupe-vent &amp; imperm\u00e9able, coutures non scell\u00e9es, respirant. Manches pr\u00e9form\u00e9es. TRAVAILLEURS PRINCIPAUX : Travailleurs de la route et du b\u00e2timent. EN ISO 20471. REFLEX : bandes r\u00e9fl\u00e9chissantes de 50 mm de large. TISSU : Hommes. Bleu. Respirabilit\u00e9 de la peau. Protection haute visibilit\u00e9. POCHES : Poche de poitrine avec fermeture \u00e0 glissi\u00e8re. Poches avant zipp\u00e9es et deux poches int\u00e9rieures. INSTRUCTIONS DE LAVAGE : Nombre de lavages : 25. Ne pas nettoyer \u00e0 sec. RENFORCEMENT : Renforts en CORDURA\u00ae sur le devant, le dos et les manches. CERTIFICATION : Groupe de certification C<\/p>\n<p>100% Polyester, polaire, lamin\u00e9, imperm\u00e9able au vent et \u00e0 l'eau, respirant, 280 g\/m<\/p>","protected":false},"excerpt":{"rendered":"<p>Robuste Fleecejacke aus winddichtem und atmungsaktiven Material. Wasserabweisende Verst\u00e4rkungen sch\u00fctzen vor Schmutz und Abrieb an beanspruchten Stellen. Alle Reissverschl\u00fcsse sind verdeckt, um sie vor Schmutz zu sch\u00fctzen. Einstellbare Armabschl\u00fcsse mit Daumenschlaufe. Vorgeformte Arme f\u00fcr erh\u00f6hten Tragekomfort. ABSCHLUSS: Verstellbarer Bund mit Kordelzug. Erweiterte B\u00fcndchen mit Daumen\u00f6ffnung und elastischem Saum. DETAILS: D-Ring. Hoher Kragen mit Reissverschluss. FRONTVERSCHLUSS: [&hellip;]<\/p>\n","protected":false},"featured_media":598045,"template":"","meta":[],"product_brand":[],"product_cat":[4186],"product_tag":[],"class_list":{"0":"post-598013","1":"product","2":"type-product","3":"status-publish","4":"has-post-thumbnail","6":"product_cat-jacken","7":"pa_brand-blaklaeder","8":"pa_brand-type-workwear","9":"pa_filter-color-blau","10":"pa_filter-color-gelb","11":"pa_filter-color-orange","12":"pa_filter-color-rot","13":"pa_filter-color-schwarz","15":"first","16":"instock","17":"sale","18":"taxable","19":"shipping-taxable","20":"purchasable","21":"product-type-variable","22":"add-to-wishlist-before_image"},"exclude_global_add_ons":[],"addons":[],"acf":[],"_links":{"self":[{"href":"https:\/\/shop.kustom.ch\/fr\/wp-json\/wp\/v2\/product\/598013"}],"collection":[{"href":"https:\/\/shop.kustom.ch\/fr\/wp-json\/wp\/v2\/product"}],"about":[{"href":"https:\/\/shop.kustom.ch\/fr\/wp-json\/wp\/v2\/types\/product"}],"wp:featuredmedia":[{"embeddable":true,"href":"https:\/\/shop.kustom.ch\/fr\/wp-json\/wp\/v2\/media\/598045"}],"wp:attachment":[{"href":"https:\/\/shop.kustom.ch\/fr\/wp-json\/wp\/v2\/media?parent=598013"}],"wp:term":[{"taxonomy":"product_brand","embeddable":true,"href":"https:\/\/shop.kustom.ch\/fr\/wp-json\/wp\/v2\/product_brand?post=598013"},{"taxonomy":"product_cat","embeddable":true,"href":"https:\/\/shop.kustom.ch\/fr\/wp-json\/wp\/v2\/product_cat?post=598013"},{"taxonomy":"product_tag","embeddable":true,"href":"https:\/\/shop.kustom.ch\/fr\/wp-json\/wp\/v2\/product_tag?post=598013"}],"curies":[{"name":"wp","href":"https:\/\/api.w.org\/{rel}","templated":true}]}}