{"id":597972,"date":"2025-03-05T01:47:25","date_gmt":"2025-03-05T00:47:25","guid":{"rendered":"https:\/\/shop.kustom.ch\/?post_type=product&#038;p=597972"},"modified":"2026-03-31T09:05:01","modified_gmt":"2026-03-31T08:05:01","slug":"winterjacke-8","status":"publish","type":"product","link":"https:\/\/shop.kustom.ch\/fr\/produit\/winterjacke-8\/","title":{"rendered":"Veste d'hiver"},"content":{"rendered":"<p>Veste d'hiver avec tissu coupe-vent et imperm\u00e9able et coutures soud\u00e9es. Gr\u00e2ce \u00e0 des d\u00e9tails bien pens\u00e9s, elle peut rapidement devenir ta veste pr\u00e9f\u00e9r\u00e9e. Le dos rallong\u00e9, l'ourlet r\u00e9glable et le soufflet dans le dos offrent une mobilit\u00e9 am\u00e9lior\u00e9e. La veste est dot\u00e9e d'une doublure matelass\u00e9e et d'une capuche r\u00e9glable et amovible. \u00c9l\u00e9ments r\u00e9fl\u00e9chissants \u00e0 l'avant, \u00e0 l'arri\u00e8re et sur les manches. Certifi\u00e9 selon EN 342, V\u00eatements de protection contre le froid, avec 1810, et EN 343, V\u00eatements de protection contre le mauvais temps.<\/p>\n<p>FERMETURE : Ceinture r\u00e9glable avec fermeture velcro. Poignets avec manchettes int\u00e9rieures. D\u00c9TAILS : Fermeture \u00e0 glissi\u00e8re dans la doublure, pour une finition textile facile. Poche pour carte d'identit\u00e9 amovible. Soufflet dans le dos. Capuche amovible avec doublure chaude. Col doubl\u00e9 en polaire. FERMETURE FRONTALE : Fermeture \u00e0 glissi\u00e8re invisible en plastique. FONCTIONNALIT\u00c9 : Doublure chaude. CARACT\u00c9RISTIQUES PRINCIPALES : Conducteur. REFLEX : D\u00e9tails r\u00e9fl\u00e9chissants. TISSU : Hommes. rouge. coupe-vent. Vent \/ humidit\u00e9 \/ froid. POCHES : Poches poitrine avec rabats et une poche lat\u00e9rale avec fermeture \u00e9clair. Poches int\u00e9rieures, dont une avec poche pour t\u00e9l\u00e9phone portable. Poches avant \u00e0 rabat et poches lat\u00e9rales. INSTRUCTIONS DE LAVAGE : Ne pas blanchir. CERTIFICATION : EN 342 avec art. 1810. EN 343, classe 4,1<\/p>\n<p>100% Polyester, Oxford, enduit, imperm\u00e9able 15.000 mm, coupe-vent, respirant Ret 8,5, 200g\/m<\/p>","protected":false},"excerpt":{"rendered":"<p>Winterjacke mit wind- und wasserabweisendem Stoff und verschweissten N\u00e4hten. Dank durchdachter Details kann sie schnell Ihre Lieblingsjacke werden. Verl\u00e4ngerter R\u00fccken, verstellbarer Saum und Faltenbalg im R\u00fccken bieten verbesserte Mobilit\u00e4t. Die Jacke hat Steppfutter und eine verstellbare, abnehmbare Kapuze. Reflektierende Elemente an Vorder- und R\u00fcckseite und an den \u00c4rmeln. Zertifiziert laut EN 342, Schutzkleidung gegen kaltes [&hellip;]<\/p>\n","protected":false},"featured_media":598008,"template":"","meta":[],"product_brand":[],"product_cat":[4186],"product_tag":[],"class_list":{"0":"post-597972","1":"product","2":"type-product","3":"status-publish","4":"has-post-thumbnail","6":"product_cat-jacken","7":"pa_brand-blaklaeder","8":"pa_brand-type-workwear","9":"pa_filter-color-blau","10":"pa_filter-color-grau","11":"pa_filter-color-rot","12":"pa_filter-color-schwarz","14":"first","15":"instock","16":"sale","17":"taxable","18":"shipping-taxable","19":"purchasable","20":"product-type-variable","21":"add-to-wishlist-before_image"},"exclude_global_add_ons":[],"addons":[],"acf":[],"_links":{"self":[{"href":"https:\/\/shop.kustom.ch\/fr\/wp-json\/wp\/v2\/product\/597972"}],"collection":[{"href":"https:\/\/shop.kustom.ch\/fr\/wp-json\/wp\/v2\/product"}],"about":[{"href":"https:\/\/shop.kustom.ch\/fr\/wp-json\/wp\/v2\/types\/product"}],"wp:featuredmedia":[{"embeddable":true,"href":"https:\/\/shop.kustom.ch\/fr\/wp-json\/wp\/v2\/media\/598008"}],"wp:attachment":[{"href":"https:\/\/shop.kustom.ch\/fr\/wp-json\/wp\/v2\/media?parent=597972"}],"wp:term":[{"taxonomy":"product_brand","embeddable":true,"href":"https:\/\/shop.kustom.ch\/fr\/wp-json\/wp\/v2\/product_brand?post=597972"},{"taxonomy":"product_cat","embeddable":true,"href":"https:\/\/shop.kustom.ch\/fr\/wp-json\/wp\/v2\/product_cat?post=597972"},{"taxonomy":"product_tag","embeddable":true,"href":"https:\/\/shop.kustom.ch\/fr\/wp-json\/wp\/v2\/product_tag?post=597972"}],"curies":[{"name":"wp","href":"https:\/\/api.w.org\/{rel}","templated":true}]}}