{"id":597865,"date":"2025-03-05T01:46:06","date_gmt":"2025-03-05T00:46:06","guid":{"rendered":"https:\/\/shop.kustom.ch\/?post_type=product&#038;p=597865"},"modified":"2026-03-31T09:04:54","modified_gmt":"2026-03-31T08:04:54","slug":"high-vis-softshell-jacke-5","status":"publish","type":"product","link":"https:\/\/shop.kustom.ch\/fr\/produit\/high-vis-softshell-jacke-5\/","title":{"rendered":"Veste Softshell haute visibilit\u00e9"},"content":{"rendered":"<p>Veste softshell de s\u00e9curit\u00e9 souple et l\u00e9g\u00e8re. Coupe ergonomique pour une excellente libert\u00e9 de mouvement. La veste a une surface hydrofuge avec une tr\u00e8s haute respirabilit\u00e9 et une doublure douce en polaire.<\/p>\n<p>FERMETURE : Dos rallong\u00e9. Poignets avec \u00e9lastique. D\u00c9TAILS : Anneau en D. Col haut. \u00c9paules de couleur contrast\u00e9e. FERMETURE FRONTALE : Fermeture \u00e0 glissi\u00e8re robuste en plastique. FONCTIONNALIT\u00c9 : Mat\u00e9riau coupe-vent et imperm\u00e9able, coutures non soud\u00e9es. TRAVAILLEURS PRINCIPAUX : Travailleurs de la route et du b\u00e2timent. EN ISO 20471. REFLEX : bandes r\u00e9fl\u00e9chissantes de 50 mm de large. TISSU : pour hommes. Jaune haute visibilit\u00e9. Respirabilit\u00e9 de la peau. Protection contre la haute visibilit\u00e9. POCHES : Poches avant avec fermetures \u00e0 glissi\u00e8re. CONSEILS DE LAVAGE : Nombre de lavages : 20. 40\u00b0 C. CERTIFICATION : EN ISO 20471, classe 2<\/p>\n<p>100% Polyester, 2 couches, softshell, scell\u00e9, hydrofuge 255 g\/m<\/p>","protected":false},"excerpt":{"rendered":"<p>Geschmeidige und leichte Warnschutz-Softshelljacke. Ergonomischer Schnitt f\u00fcr eine exzellente Bewegungsfreiheit. Die Jacke hat eine wasserabweisende Oberfl\u00e4che mit sehr hoher Atmungsaktivit\u00e4t und einem weichen Fleece-Innenfutter. ABSCHLUSS: Verl\u00e4ngerter R\u00fccken. \u00c4rmelb\u00fcndchen mit Gummizug. DETAILS: D-Ring. Hoher Kragen. Schulterpartien in Kontrastfarbe. FRONTVERSCHLUSS: Robuster Reissverschluss aus Kunststoff. FUNKTIONALIT\u00c4T: Wind- &amp;amp; wasserabweisendes Material, nicht verschweisste N\u00e4hte. HAUPTEIGENSCHAFTEN: Strassen- und Bauarbeiter. EN [&hellip;]<\/p>\n","protected":false},"featured_media":597897,"template":"","meta":[],"product_brand":[],"product_cat":[4186],"product_tag":[],"class_list":{"0":"post-597865","1":"product","2":"type-product","3":"status-publish","4":"has-post-thumbnail","6":"product_cat-jacken","7":"pa_brand-blaklaeder","8":"pa_brand-type-workwear","9":"pa_filter-color-blau","10":"pa_filter-color-gelb","11":"pa_filter-color-grau","12":"pa_filter-color-orange","13":"pa_filter-color-rot","14":"pa_filter-color-schwarz","16":"first","17":"instock","18":"sale","19":"taxable","20":"shipping-taxable","21":"purchasable","22":"product-type-variable","23":"add-to-wishlist-before_image"},"exclude_global_add_ons":[],"addons":[],"acf":[],"_links":{"self":[{"href":"https:\/\/shop.kustom.ch\/fr\/wp-json\/wp\/v2\/product\/597865"}],"collection":[{"href":"https:\/\/shop.kustom.ch\/fr\/wp-json\/wp\/v2\/product"}],"about":[{"href":"https:\/\/shop.kustom.ch\/fr\/wp-json\/wp\/v2\/types\/product"}],"wp:featuredmedia":[{"embeddable":true,"href":"https:\/\/shop.kustom.ch\/fr\/wp-json\/wp\/v2\/media\/597897"}],"wp:attachment":[{"href":"https:\/\/shop.kustom.ch\/fr\/wp-json\/wp\/v2\/media?parent=597865"}],"wp:term":[{"taxonomy":"product_brand","embeddable":true,"href":"https:\/\/shop.kustom.ch\/fr\/wp-json\/wp\/v2\/product_brand?post=597865"},{"taxonomy":"product_cat","embeddable":true,"href":"https:\/\/shop.kustom.ch\/fr\/wp-json\/wp\/v2\/product_cat?post=597865"},{"taxonomy":"product_tag","embeddable":true,"href":"https:\/\/shop.kustom.ch\/fr\/wp-json\/wp\/v2\/product_tag?post=597865"}],"curies":[{"name":"wp","href":"https:\/\/api.w.org\/{rel}","templated":true}]}}