{"id":597829,"date":"2025-03-05T01:45:25","date_gmt":"2025-03-05T00:45:25","guid":{"rendered":"https:\/\/shop.kustom.ch\/?post_type=product&#038;p=597829"},"modified":"2026-03-31T09:04:49","modified_gmt":"2026-03-31T08:04:49","slug":"damen-high-vis-winterjacke-3","status":"publish","type":"product","link":"https:\/\/shop.kustom.ch\/fr\/produit\/damen-high-vis-winterjacke-3\/","title":{"rendered":"Veste d'hiver haute visibilit\u00e9 pour femmes"},"content":{"rendered":"<p>Veste d'hiver de s\u00e9curit\u00e9 chaude, sp\u00e9cialement con\u00e7ue pour les femmes. La veste est dot\u00e9e d'une doublure matelass\u00e9e et d'un mat\u00e9riau ext\u00e9rieur robuste, imperm\u00e9able au vent et \u00e0 l'eau, avec des coutures soud\u00e9es. De m\u00eame, des zones de contraste fonc\u00e9es prot\u00e8gent la veste d'une trop grande salissure. La libert\u00e9 de mouvement est accrue gr\u00e2ce \u00e0 une fermeture \u00e9clair \u00e0 double sens, des bras pr\u00e9form\u00e9s et un dos allong\u00e9. Des bandes r\u00e9fl\u00e9chissantes de 50 mm assurent la visibilit\u00e9. Certifi\u00e9e selon les normes EN 342, EN 343, classe 3,1, EN ISO 20471, classe 2.<\/p>\n<p>FERMETURE : Poignets r\u00e9glables. D\u00c9TAILS : Fermeture \u00e0 glissi\u00e8re dans la doublure, pour une finition textile facile. Poche pour carte d'identit\u00e9 escamotable. Capuche amovible et r\u00e9glable avec doublure chaude. Col haut. Coutures soud\u00e9es. FERMETURE FRONTALE : Fermeture \u00e9clair dissimul\u00e9e \u00e0 double sens en plastique. FONCTIONNALIT\u00c9 : Mat\u00e9riau imperm\u00e9able au vent et \u00e0 l'eau avec respirabilit\u00e9, coutures soud\u00e9es. Taille pour femmes. TRAVAILLEURS PRINCIPAUX : Travailleurs de la route et du b\u00e2timent. EN 343. REFLEX : Bandes r\u00e9fl\u00e9chissantes de 50 mm de large. TISSU : Disponible pour hommes et femmes. Jaune haute visibilit\u00e9. Fermeture \u00e9clair \u00e0 double sens. Protection haute visibilit\u00e9. POCHES : Poche de poitrine avec rabat. Poches int\u00e9rieures, dont une avec maille. Poche int\u00e9rieure pour iPad. CONSEILS DE LAVAGE : Nombre de lavages : 20. Ne pas essorer. CERTIFICATION : EN 342 avec art. 7885. EN 343, classe 3.1. Groupe de certification C.<\/p>\n<p>100% Polyester, serg\u00e9, stretch, enduit, \u00e9tanche \u00e0 l'eau 11.000mm, coupe-vent, respirant Ret 6,3, 150 g\/m\u00b2.<\/p>","protected":false},"excerpt":{"rendered":"<p>Warme Warnschutz-Winterjacke, speziell f\u00fcr Damen geschnitten. Die Jacke hat ein Steppfutter und ein robustes, wind- und wasserdichtes Aussenmaterial mit verschweissten N\u00e4hten. Ebenso sch\u00fctzen dunkle Kontrastbereiche die Jacke vor zu grosser Verschmutzung. Die Bewegungsfreiheit wird durch einen Zwei-Wege-Reissverschluss, vorgeformte Arme und einen verl\u00e4ngerten R\u00fccken erh\u00f6ht. 50 mm breite Reflexstreifen sorgen f\u00fcr Sichtbarkeit. Zertifiziert nach EN 342, [&hellip;]<\/p>\n","protected":false},"featured_media":597844,"template":"","meta":[],"product_brand":[],"product_cat":[4186],"product_tag":[],"class_list":{"0":"post-597829","1":"product","2":"type-product","3":"status-publish","4":"has-post-thumbnail","6":"product_cat-jacken","7":"pa_brand-blaklaeder","8":"pa_brand-type-workwear","9":"pa_filter-color-blau","10":"pa_filter-color-gelb","11":"pa_filter-color-orange","12":"pa_filter-color-rot","13":"pa_filter-color-schwarz","15":"first","16":"instock","17":"sale","18":"taxable","19":"shipping-taxable","20":"purchasable","21":"product-type-variable","22":"add-to-wishlist-before_image"},"exclude_global_add_ons":[],"addons":[],"acf":[],"_links":{"self":[{"href":"https:\/\/shop.kustom.ch\/fr\/wp-json\/wp\/v2\/product\/597829"}],"collection":[{"href":"https:\/\/shop.kustom.ch\/fr\/wp-json\/wp\/v2\/product"}],"about":[{"href":"https:\/\/shop.kustom.ch\/fr\/wp-json\/wp\/v2\/types\/product"}],"wp:featuredmedia":[{"embeddable":true,"href":"https:\/\/shop.kustom.ch\/fr\/wp-json\/wp\/v2\/media\/597844"}],"wp:attachment":[{"href":"https:\/\/shop.kustom.ch\/fr\/wp-json\/wp\/v2\/media?parent=597829"}],"wp:term":[{"taxonomy":"product_brand","embeddable":true,"href":"https:\/\/shop.kustom.ch\/fr\/wp-json\/wp\/v2\/product_brand?post=597829"},{"taxonomy":"product_cat","embeddable":true,"href":"https:\/\/shop.kustom.ch\/fr\/wp-json\/wp\/v2\/product_cat?post=597829"},{"taxonomy":"product_tag","embeddable":true,"href":"https:\/\/shop.kustom.ch\/fr\/wp-json\/wp\/v2\/product_tag?post=597829"}],"curies":[{"name":"wp","href":"https:\/\/api.w.org\/{rel}","templated":true}]}}