{"id":597774,"date":"2025-03-05T01:44:40","date_gmt":"2025-03-05T00:44:40","guid":{"rendered":"https:\/\/shop.kustom.ch\/?post_type=product&#038;p=597774"},"modified":"2026-03-31T09:04:45","modified_gmt":"2026-03-31T08:04:45","slug":"high-vis-winterjacke-6","status":"publish","type":"product","link":"https:\/\/shop.kustom.ch\/fr\/produit\/high-vis-winterjacke-6\/","title":{"rendered":"Veste d'hiver haute visibilit\u00e9"},"content":{"rendered":"<p>Veste d'hiver high-vis en tissu stretch tr\u00e8s durable, imperm\u00e9able et antisalissant \u00e0 l'ext\u00e9rieur. Les zones les plus expos\u00e9es aux salissures ont des champs de couleur sombre. Des solutions de poches spacieuses et sophistiqu\u00e9es comprennent des poches avant, des poches poitrine zipp\u00e9es, un porte-stylo et une poche pour t\u00e9l\u00e9phone portable, ainsi que deux poches int\u00e9rieures, une plus grande pour les gants et une plus petite avec fermeture Velcro\u00ae.<\/p>\n<p>FERMETURE : Ceinture r\u00e9glable avec cordon de serrage. Poignet int\u00e9rieur avec trou pour le pouce. D\u00c9TAILS : fermeture \u00e9clair dans la doublure, pour une finition textile facile. Poche pour carte d'identit\u00e9 escamotable. Capuche amovible et r\u00e9glable avec doublure chaude. Col haut. Coutures soud\u00e9es. FERMETURE FRONTALE : Double coupe-vent avec fermeture velcro. FONCTIONNALIT\u00c9 : Mat\u00e9riau imperm\u00e9able au vent et \u00e0 l'eau avec respirabilit\u00e9, coutures soud\u00e9es. Manches pr\u00e9form\u00e9es. TRAVAILLEURS PRINCIPAUX : Travailleurs de la route et du b\u00e2timent. RIS-3279-TOM . REFLEX : Mat\u00e9riau r\u00e9fl\u00e9chissant sur le torse, les manches et les \u00e9paules. TISSU : Disponible pour hommes et femmes. Jaune haute visibilit\u00e9. Imperm\u00e9able. Protection contre la haute visibilit\u00e9. POCHES : Poches de poitrine, dont une avec espace pour t\u00e9l\u00e9phone portable et stylos. Poches int\u00e9rieures, dont une avec maille. Poches avant avec fermeture \u00e9clair, doubl\u00e9es de polaire. INSTRUCTIONS DE LAVAGE : Nombre de lavages : 20. Ne pas repasser. CERTIFICATION : EN 342 avec art. 1885. EN 343, classe 4,1. EN ISO 20471, XXS classe 1, XS-M classe 2, L-&gt; classe 3.<\/p>\n<p>100% Polyester, serg\u00e9, stretch, enduit, \u00e9tanche \u00e0 l'eau 11.000mm, coupe-vent, respirant Ret 6,3, 150 g\/m\u00b2.<\/p>","protected":false},"excerpt":{"rendered":"<p>High-Vis Winterjacke aus sehr haltbarem, wasser- und schmutzabweisendem Stretchstoff aussen. Die Jacke hat in den st\u00e4rker schmutzausgesetzten Bereichen dunkelfarbige Felder. Ger\u00e4umige und ausgekl\u00fcgelte Taschenl\u00f6sungen umfassen Fronttaschen, Brusttaschen mit Reissverschluss, Stifthalter und Handytasche, sowie zwei Innentaschen, eine gr\u00f6ssere f\u00fcr Handschuhe und eine kleinere mit Velcro\u00ae-Verschluss. ABSCHLUSS: Verstellbarer Bund mit Kordelzug. Innenb\u00fcndchen mit Daumenloch. DETAILS: Reissverschluss im [&hellip;]<\/p>\n","protected":false},"featured_media":597808,"template":"","meta":[],"product_brand":[],"product_cat":[4186],"product_tag":[],"class_list":{"0":"post-597774","1":"product","2":"type-product","3":"status-publish","4":"has-post-thumbnail","6":"product_cat-jacken","7":"pa_brand-blaklaeder","8":"pa_brand-type-workwear","9":"pa_filter-color-blau","10":"pa_filter-color-gelb","11":"pa_filter-color-grau","12":"pa_filter-color-orange","13":"pa_filter-color-rot","14":"pa_filter-color-schwarz","16":"first","17":"instock","18":"sale","19":"taxable","20":"shipping-taxable","21":"purchasable","22":"product-type-variable","23":"add-to-wishlist-before_image"},"exclude_global_add_ons":[],"addons":[],"acf":[],"_links":{"self":[{"href":"https:\/\/shop.kustom.ch\/fr\/wp-json\/wp\/v2\/product\/597774"}],"collection":[{"href":"https:\/\/shop.kustom.ch\/fr\/wp-json\/wp\/v2\/product"}],"about":[{"href":"https:\/\/shop.kustom.ch\/fr\/wp-json\/wp\/v2\/types\/product"}],"wp:featuredmedia":[{"embeddable":true,"href":"https:\/\/shop.kustom.ch\/fr\/wp-json\/wp\/v2\/media\/597808"}],"wp:attachment":[{"href":"https:\/\/shop.kustom.ch\/fr\/wp-json\/wp\/v2\/media?parent=597774"}],"wp:term":[{"taxonomy":"product_brand","embeddable":true,"href":"https:\/\/shop.kustom.ch\/fr\/wp-json\/wp\/v2\/product_brand?post=597774"},{"taxonomy":"product_cat","embeddable":true,"href":"https:\/\/shop.kustom.ch\/fr\/wp-json\/wp\/v2\/product_cat?post=597774"},{"taxonomy":"product_tag","embeddable":true,"href":"https:\/\/shop.kustom.ch\/fr\/wp-json\/wp\/v2\/product_tag?post=597774"}],"curies":[{"name":"wp","href":"https:\/\/api.w.org\/{rel}","templated":true}]}}