{"id":597679,"date":"2025-03-05T01:30:33","date_gmt":"2025-03-05T00:30:33","guid":{"rendered":"https:\/\/shop.kustom.ch\/?post_type=product&#038;p=597679"},"modified":"2026-03-31T09:04:37","modified_gmt":"2026-03-31T08:04:37","slug":"winterjacke-6","status":"publish","type":"product","link":"https:\/\/shop.kustom.ch\/fr\/produit\/winterjacke-6\/","title":{"rendered":"Veste d'hiver"},"content":{"rendered":"<p>Veste d'hiver haute visibilit\u00e9 avec doublure matelass\u00e9e en mat\u00e9riau ext\u00e9rieur durable, imperm\u00e9able et r\u00e9sistant aux salissures. La veste peut \u00eatre ajust\u00e9e dans sa partie inf\u00e9rieure et est \u00e9largie dans le dos afin de prot\u00e9ger le dos du froid m\u00eame en cas de mouvement. Des zones de finition sont pr\u00e9vues sur les bras, la poitrine et le dos. La veste est certifi\u00e9e High Vis et Froid EN et est vraiment une bonne veste d'hiver High Vis polyvalente.<\/p>\n<p>FERMETURE : Dos rallong\u00e9. Poignets r\u00e9glables avec fermeture velcro. D\u00c9TAILS : Poche amovible pour carte d'identit\u00e9. Col doubl\u00e9 en polaire. FERMETURE FRONTALE : Fermeture \u00e0 glissi\u00e8re en plastique renforc\u00e9e et dissimul\u00e9e. FONCTIONNALIT\u00c9 : Tissu ext\u00e9rieur imperm\u00e9able et anti-salissures. ACTIVIT\u00c9S PRINCIPALES : Travailleurs de la route et du b\u00e2timent. RIS-3279-TOM . REFLEX : Mat\u00e9riau r\u00e9fl\u00e9chissant sur le torse, les manches et les \u00e9paules. TISSU : Hommes. Bleu. Protection haute visibilit\u00e9. POCHES : Poche de poitrine avec fermeture \u00e0 glissi\u00e8re. Poche int\u00e9rieure avec fermeture velcro. Poches de rangement doubl\u00e9es. INSTRUCTIONS DE LAVAGE : Couleur 55XX\/XX55 - Lavage \u00e0 domicile selon EN ISO 20471. 60\u00b0 C. CERTIFICATION : EN 342 conjointement avec l'art. 1862. groupe de certification B S - L<\/p>\n<p>65% polyester, 35% coton, serg\u00e9, ext\u00e9rieur hydrofuge, 240g\/m<\/p>","protected":false},"excerpt":{"rendered":"<p>High-Vis Winterjacke mit Steppfutter aus haltbarem, wasser- und schmutzabweisendem Aussenmaterial. Die Jacke kann im unteren Bereich angepasst werden und ist am R\u00fccken erweitert, um den R\u00fccken auch bei Bewegung vor K\u00e4lte zu sch\u00fctzen. Auf dem Arm, auf der Brust und am R\u00fccken sind Fl\u00e4chen zur Veredelung vorhanden. Die Jacke ist High Vis und K\u00e4lte EN-zertifiziert [&hellip;]<\/p>\n","protected":false},"featured_media":597734,"template":"","meta":[],"product_brand":[],"product_cat":[4186],"product_tag":[],"class_list":{"0":"post-597679","1":"product","2":"type-product","3":"status-publish","4":"has-post-thumbnail","6":"product_cat-jacken","7":"pa_brand-blaklaeder","8":"pa_brand-type-workwear","9":"pa_filter-color-blau","10":"pa_filter-color-gelb","11":"pa_filter-color-grau","12":"pa_filter-color-orange","13":"pa_filter-color-rot","14":"pa_filter-color-schwarz","16":"first","17":"instock","18":"sale","19":"taxable","20":"shipping-taxable","21":"purchasable","22":"product-type-variable","23":"add-to-wishlist-before_image"},"exclude_global_add_ons":[],"addons":[],"acf":[],"_links":{"self":[{"href":"https:\/\/shop.kustom.ch\/fr\/wp-json\/wp\/v2\/product\/597679"}],"collection":[{"href":"https:\/\/shop.kustom.ch\/fr\/wp-json\/wp\/v2\/product"}],"about":[{"href":"https:\/\/shop.kustom.ch\/fr\/wp-json\/wp\/v2\/types\/product"}],"wp:featuredmedia":[{"embeddable":true,"href":"https:\/\/shop.kustom.ch\/fr\/wp-json\/wp\/v2\/media\/597734"}],"wp:attachment":[{"href":"https:\/\/shop.kustom.ch\/fr\/wp-json\/wp\/v2\/media?parent=597679"}],"wp:term":[{"taxonomy":"product_brand","embeddable":true,"href":"https:\/\/shop.kustom.ch\/fr\/wp-json\/wp\/v2\/product_brand?post=597679"},{"taxonomy":"product_cat","embeddable":true,"href":"https:\/\/shop.kustom.ch\/fr\/wp-json\/wp\/v2\/product_cat?post=597679"},{"taxonomy":"product_tag","embeddable":true,"href":"https:\/\/shop.kustom.ch\/fr\/wp-json\/wp\/v2\/product_tag?post=597679"}],"curies":[{"name":"wp","href":"https:\/\/api.w.org\/{rel}","templated":true}]}}