{"id":597640,"date":"2025-03-05T01:29:55","date_gmt":"2025-03-05T00:29:55","guid":{"rendered":"https:\/\/shop.kustom.ch\/?post_type=product&#038;p=597640"},"modified":"2026-03-31T09:04:31","modified_gmt":"2026-03-31T08:04:31","slug":"high-vis-fleecejacke-2","status":"publish","type":"product","link":"https:\/\/shop.kustom.ch\/fr\/produit\/high-vis-fleecejacke-2\/","title":{"rendered":"Veste polaire haute visibilit\u00e9"},"content":{"rendered":"<p>Veste haute visibilit\u00e9 confortable disponible en quatre combinaisons de couleurs. Elle a une coupe ergonomique pour une bonne libert\u00e9 de mouvement et poss\u00e8de de nombreuses poches intelligentes comme des poches poitrine, des poches lat\u00e9rales et une poche pour t\u00e9l\u00e9phone portable. Certifi\u00e9e selon EN 471, XS-S classe 2 M-XXXL.<\/p>\n<p>FERMETURE : Ceinture r\u00e9glable avec cordon de serrage. Poignets r\u00e9glables avec \u00e9lastique. D\u00c9TAILS : Poche pour carte d'identit\u00e9 escamotable. FERMETURE FRONTALE : Fermeture \u00e0 glissi\u00e8re en plastique. TRAVAILLEURS PRINCIPAUX : Travailleurs de la route et du b\u00e2timent. RIS-3279-TOM . REFLEX : Mat\u00e9riau r\u00e9fl\u00e9chissant sur le torse, les manches et les \u00e9paules. TISSU : pour hommes. Jaune haute visibilit\u00e9. Protection haute visibilit\u00e9. POCHES : Poche de poitrine avec fermeture \u00e0 glissi\u00e8re. Deux poches avant. INSTRUCTIONS DE LAVAGE : Nombre de lavages : 25. Ne pas essorer. CERTIFICATION : Groupe de certification C -&gt;M<\/p>\n<p>100 % polyester, polaire, bross\u00e9 d'un c\u00f4t\u00e9, anti-pilling, 250 g\/m<\/p>","protected":false},"excerpt":{"rendered":"<p>Bequeme High Vis Jacke in vier verschiedenen Farbkombinationen. Sie hat eine ergonomische Passform f\u00fcr gute Bewegungsfreiheit und besitzt viele intelligente Taschen wie Brusttaschen, Seitentaschen und Handytasche. Zertifiziert nach EN 471, XS-S Klasse 2 M-XXXL. ABSCHLUSS: Verstellbarer Bund mit Kordelzug. Verstellbare \u00c4rmelb\u00fcndchen mit Gummizug. DETAILS: Ausweistasche versenkbar. FRONTVERSCHLUSS: Reissverschluss aus Kunststoff. HAUPTEIGENSCHAFTEN: Strassen- und Bauarbeiter. RIS-3279-TOM [&hellip;]<\/p>\n","protected":false},"featured_media":597695,"template":"","meta":[],"product_brand":[],"product_cat":[4186],"product_tag":[],"class_list":{"0":"post-597640","1":"product","2":"type-product","3":"status-publish","4":"has-post-thumbnail","6":"product_cat-jacken","7":"pa_brand-blaklaeder","8":"pa_brand-type-workwear","9":"pa_filter-color-gelb","10":"pa_filter-color-orange","12":"first","13":"instock","14":"sale","15":"taxable","16":"shipping-taxable","17":"purchasable","18":"product-type-variable","19":"add-to-wishlist-before_image"},"exclude_global_add_ons":[],"addons":[],"acf":[],"_links":{"self":[{"href":"https:\/\/shop.kustom.ch\/fr\/wp-json\/wp\/v2\/product\/597640"}],"collection":[{"href":"https:\/\/shop.kustom.ch\/fr\/wp-json\/wp\/v2\/product"}],"about":[{"href":"https:\/\/shop.kustom.ch\/fr\/wp-json\/wp\/v2\/types\/product"}],"wp:featuredmedia":[{"embeddable":true,"href":"https:\/\/shop.kustom.ch\/fr\/wp-json\/wp\/v2\/media\/597695"}],"wp:attachment":[{"href":"https:\/\/shop.kustom.ch\/fr\/wp-json\/wp\/v2\/media?parent=597640"}],"wp:term":[{"taxonomy":"product_brand","embeddable":true,"href":"https:\/\/shop.kustom.ch\/fr\/wp-json\/wp\/v2\/product_brand?post=597640"},{"taxonomy":"product_cat","embeddable":true,"href":"https:\/\/shop.kustom.ch\/fr\/wp-json\/wp\/v2\/product_cat?post=597640"},{"taxonomy":"product_tag","embeddable":true,"href":"https:\/\/shop.kustom.ch\/fr\/wp-json\/wp\/v2\/product_tag?post=597640"}],"curies":[{"name":"wp","href":"https:\/\/api.w.org\/{rel}","templated":true}]}}