{"id":597551,"date":"2025-03-05T01:28:38","date_gmt":"2025-03-05T00:28:38","guid":{"rendered":"https:\/\/shop.kustom.ch\/?post_type=product&#038;p=597551"},"modified":"2026-03-31T09:04:29","modified_gmt":"2026-03-31T08:04:29","slug":"high-vis-funktionsjacke","status":"publish","type":"product","link":"https:\/\/shop.kustom.ch\/fr\/produit\/high-vis-funktionsjacke\/","title":{"rendered":"Veste fonctionnelle haute visibilit\u00e9"},"content":{"rendered":"<p>Une veste fonctionnelle l\u00e9g\u00e8re, imperm\u00e9able au vent et \u00e0 l'eau, avec des coutures coll\u00e9es. Doubl\u00e9e en mesh avec cordon de serrage \u00e0 la taille et dans la partie inf\u00e9rieure de la veste. La veste a un col haut avec une fermeture \u00e9clair sur toute la longueur pour une protection confortable. Certifi\u00e9 selon EN ISO 20471, XXS-XS classe 2, S-XXL classe 3, v\u00eatements de protection \u00e0 haute visibilit\u00e9 et EN 343 - V\u00eatements de protection par mauvais temps.<\/p>\n<p>FERMETURE : Dos rallong\u00e9. Poignets r\u00e9glables avec fermeture velcro. D\u00c9TAILS : Poche pour carte d'identit\u00e9 escamotable. Capuche amovible enroulable dans le col. Col doubl\u00e9 en polaire. FERMETURE FRONTALE : Fermeture \u00e0 glissi\u00e8re invisible en plastique. FONCTIONNALIT\u00c9 : A\u00e9ration au niveau de l'empi\u00e8cement. TRAVAUX PRINCIPAUX : Travailleurs de la route et du b\u00e2timent. EN 343. REFLEX : D\u00e9tails r\u00e9fl\u00e9chissants sur la capuche. TISSU : pour hommes. Jaune haute visibilit\u00e9. Respirabilit\u00e9 de la peau. Protection haute visibilit\u00e9. POCHES : Poche de poitrine avec fermeture \u00e9clair hydrofuge et doublure en polaire. Poche pour t\u00e9l\u00e9phone portable \u00e0 l'int\u00e9rieur. Poches avant avec fermetures \u00e0 glissi\u00e8re. CONSEILS DE LAVAGE : Nombre de lavages : 20. Ne pas nettoyer \u00e0 sec. CERTIFICATION : EN 343, classe 4,4. groupe de certification C -&gt;M<\/p>\n<p>100% Polyester, Oxford, enduit, imperm\u00e9able 15.000 mm, coupe-vent, respirant Ret 8,5, 200g\/m<\/p>","protected":false},"excerpt":{"rendered":"<p>Eine leichte, wind- und wasserdichte Funktionsjacke mit verklebten N\u00e4hten. Mesh-gef\u00fcttert mit Kordelzug an der Taille und im unteren Teil der Jacke. Die Jacke hat einen hohen Kragen mit durchgehendem Reissverschluss f\u00fcr einen bequemen Schutz. Zertifiziert nach EN ISO 20471, XXS-XS Klasse 2, S-XXL Klasse 3, Schutzkleidung mit hoher Sichtbarkeit und EN 343 &#8211; Schutzkleidung bei [&hellip;]<\/p>\n","protected":false},"featured_media":597583,"template":"","meta":[],"product_brand":[],"product_cat":[4186],"product_tag":[],"class_list":{"0":"post-597551","1":"product","2":"type-product","3":"status-publish","4":"has-post-thumbnail","6":"product_cat-jacken","7":"pa_brand-blaklaeder","8":"pa_brand-type-workwear","9":"pa_filter-color-blau","10":"pa_filter-color-gelb","11":"pa_filter-color-gruen","12":"pa_filter-color-orange","13":"pa_filter-color-rot","14":"pa_filter-color-schwarz","16":"first","17":"instock","18":"sale","19":"taxable","20":"shipping-taxable","21":"purchasable","22":"product-type-variable","23":"add-to-wishlist-before_image"},"exclude_global_add_ons":[],"addons":[],"acf":[],"_links":{"self":[{"href":"https:\/\/shop.kustom.ch\/fr\/wp-json\/wp\/v2\/product\/597551"}],"collection":[{"href":"https:\/\/shop.kustom.ch\/fr\/wp-json\/wp\/v2\/product"}],"about":[{"href":"https:\/\/shop.kustom.ch\/fr\/wp-json\/wp\/v2\/types\/product"}],"wp:featuredmedia":[{"embeddable":true,"href":"https:\/\/shop.kustom.ch\/fr\/wp-json\/wp\/v2\/media\/597583"}],"wp:attachment":[{"href":"https:\/\/shop.kustom.ch\/fr\/wp-json\/wp\/v2\/media?parent=597551"}],"wp:term":[{"taxonomy":"product_brand","embeddable":true,"href":"https:\/\/shop.kustom.ch\/fr\/wp-json\/wp\/v2\/product_brand?post=597551"},{"taxonomy":"product_cat","embeddable":true,"href":"https:\/\/shop.kustom.ch\/fr\/wp-json\/wp\/v2\/product_cat?post=597551"},{"taxonomy":"product_tag","embeddable":true,"href":"https:\/\/shop.kustom.ch\/fr\/wp-json\/wp\/v2\/product_tag?post=597551"}],"curies":[{"name":"wp","href":"https:\/\/api.w.org\/{rel}","templated":true}]}}