{"id":597415,"date":"2025-03-05T01:25:41","date_gmt":"2025-03-05T00:25:41","guid":{"rendered":"https:\/\/shop.kustom.ch\/?post_type=product&#038;p=597415"},"modified":"2026-03-31T09:04:11","modified_gmt":"2026-03-31T08:04:11","slug":"high-vis-winterjacke-3","status":"publish","type":"product","link":"https:\/\/shop.kustom.ch\/fr\/produit\/high-vis-winterjacke-3\/","title":{"rendered":"Veste d'hiver haute visibilit\u00e9"},"content":{"rendered":"<p>Une veste haute visibilit\u00e9 qui tient le vent et l'humidit\u00e9 \u00e0 distance gr\u00e2ce \u00e0 sa surface imperm\u00e9able. La veste est dot\u00e9e d'une doublure matelass\u00e9e et d'une fermeture \u00e9clair pratique dans la doublure au dos. La veste a \u00e9t\u00e9 con\u00e7ue pour que vous soyez visible de toutes les directions, avec des bandes r\u00e9fl\u00e9chissantes partout, m\u00eame sur les \u00e9paules, pour que vous soyez \u00e9galement visible lorsque vous vous penchez. Certifi\u00e9 EN ISO 20471, XXS classe 2 XS-XXXL classe 3, v\u00eatement de protection \u00e0 haute visibilit\u00e9. EN 342 V\u00eatements de protection contre le froid.<\/p>\n<p>FERMETURE : Taille r\u00e9glable avec bouton. Poignets r\u00e9glables avec fermeture velcro. D\u00c9TAILS : fermeture \u00e0 glissi\u00e8re dans la doublure, pour une finition textile facile. Poche pour carte d'identit\u00e9 escamotable. Capuche amovible et r\u00e9glable (vendue s\u00e9par\u00e9ment, art. n\u00b0 2165, 2166). Col doubl\u00e9 en polaire. FERMETURE FRONTALE : fermeture \u00e0 glissi\u00e8re en plastique renforc\u00e9e et dissimul\u00e9e. FONCTIONNALIT\u00c9 : Mat\u00e9riau coupe-vent &amp; imperm\u00e9able avec respirabilit\u00e9, coutures soud\u00e9es. CARACT\u00c9RISTIQUES PRINCIPALES : Conducteur. EN 342. REFLEX : Mat\u00e9riau r\u00e9fl\u00e9chissant sur le torse, les manches et les \u00e9paules. TISSU : Hommes. Bleu. Imperm\u00e9able. Protection haute visibilit\u00e9. POCHES : Poches de poitrine avec fermeture \u00e0 glissi\u00e8re. Poche pour t\u00e9l\u00e9phone portable \u00e0 l'int\u00e9rieur. Poche int\u00e9rieure avec fermeture velcro. Poches avant avec rabats et poches lat\u00e9rales. Poche sur la manche avec poche pour stylo. INSTRUCTIONS DE LAVAGE : Nombre de lavages : 20. Ne pas blanchir. CERTIFICATION : EN 342 avec art. 1883 ou 1885. EN 343, classe 3.1. EN ISO 20471 classe 2 XXS, classe 3 XS-&gt;.<\/p>\n<p>100% Polyester, Oxford, enduit, imperm\u00e9able 15.000 mm, coupe-vent, respirant Ret 8,5, 200g\/m<\/p>","protected":false},"excerpt":{"rendered":"<p>Eine High Vis Jacke, die mit ihrer wasserdichten Oberfl\u00e4che Wind und N\u00e4sse fernh\u00e4lt. Die Jacke hat ein gestepptes Futter und einen praktischen Reissverschluss im Futter am R\u00fccken. Die Jacke wurde so designed, dass Sie aus allen Richtungen sichtbar sind mit Reflexstreifen \u00fcberall, sogar an den Schultern, damit Sie auch sichtbar sind, wenn Sie sich b\u00fccken. [&hellip;]<\/p>\n","protected":false},"featured_media":597482,"template":"","meta":[],"product_brand":[],"product_cat":[4186],"product_tag":[],"class_list":{"0":"post-597415","1":"product","2":"type-product","3":"status-publish","4":"has-post-thumbnail","6":"product_cat-jacken","7":"pa_brand-blaklaeder","8":"pa_brand-type-workwear","9":"pa_filter-color-blau","10":"pa_filter-color-gelb","11":"pa_filter-color-orange","12":"pa_filter-color-schwarz","14":"first","15":"instock","16":"sale","17":"taxable","18":"shipping-taxable","19":"purchasable","20":"product-type-variable","21":"add-to-wishlist-before_image"},"exclude_global_add_ons":[],"addons":[],"acf":[],"_links":{"self":[{"href":"https:\/\/shop.kustom.ch\/fr\/wp-json\/wp\/v2\/product\/597415"}],"collection":[{"href":"https:\/\/shop.kustom.ch\/fr\/wp-json\/wp\/v2\/product"}],"about":[{"href":"https:\/\/shop.kustom.ch\/fr\/wp-json\/wp\/v2\/types\/product"}],"wp:featuredmedia":[{"embeddable":true,"href":"https:\/\/shop.kustom.ch\/fr\/wp-json\/wp\/v2\/media\/597482"}],"wp:attachment":[{"href":"https:\/\/shop.kustom.ch\/fr\/wp-json\/wp\/v2\/media?parent=597415"}],"wp:term":[{"taxonomy":"product_brand","embeddable":true,"href":"https:\/\/shop.kustom.ch\/fr\/wp-json\/wp\/v2\/product_brand?post=597415"},{"taxonomy":"product_cat","embeddable":true,"href":"https:\/\/shop.kustom.ch\/fr\/wp-json\/wp\/v2\/product_cat?post=597415"},{"taxonomy":"product_tag","embeddable":true,"href":"https:\/\/shop.kustom.ch\/fr\/wp-json\/wp\/v2\/product_tag?post=597415"}],"curies":[{"name":"wp","href":"https:\/\/api.w.org\/{rel}","templated":true}]}}