{"id":597396,"date":"2025-03-05T01:25:05","date_gmt":"2025-03-05T00:25:05","guid":{"rendered":"https:\/\/shop.kustom.ch\/?post_type=product&#038;p=597396"},"modified":"2026-03-31T09:04:06","modified_gmt":"2026-03-31T08:04:06","slug":"winter-pilot-jacke","status":"publish","type":"product","link":"https:\/\/shop.kustom.ch\/fr\/produit\/winter-pilot-jacke\/","title":{"rendered":"Veste pilote d'hiver"},"content":{"rendered":"<p>FINITION : Ceinture \u00e0 c\u00f4tes. Bas des manches avec poignets en tricot. D\u00c9TAILS : Boutons-pression en m\u00e9tal. FERMETURE FRONTALE : Fermeture \u00e0 glissi\u00e8re robuste en plastique. FONCTIONNALIT\u00c9 : Doublure chaude. CARACTERISTIQUES PRINCIPALES : P\u00eacheur. TISSU : Hommes. bleu. hydrofuge. Vent \/ humidit\u00e9 \/ froid. POCHES : Poches poitrine avec fermetures \u00e9clair et anneau en D. Poche pour t\u00e9l\u00e9phone portable. Poches lat\u00e9rales. Poche sur la manche avec fermeture \u00e9clair. INSTRUCTIONS DE LAVAGE : Ne pas blanchir.<\/p>\n<p>70% polyester, 30% coton, serg\u00e9, ext\u00e9rieur hydrofuge, 230g\/m<\/p>","protected":false},"excerpt":{"rendered":"<p>ABSCHLUSS: Gerippter Taillenbund. Armabschluss mit Strickb\u00fcndchen. DETAILS: Metall-Druckkn\u00f6pfe. FRONTVERSCHLUSS: Robuster Reissverschluss aus Kunststoff. FUNKTIONALIT\u00c4T: Warm gef\u00fcttert. HAUPTEIGENSCHAFTEN: Fischer. STOFF: Herren. blau. wasserabweisend. Wind \/ N\u00e4sse \/ K\u00e4lte. TASCHEN: Brusttaschen mit Reissverschl\u00fcssen und D-Ring. Handytasche. Seitentaschen. \u00c4rmeltasche mit Reissverschluss. WASCHANLEITUNG: Nicht bleichen 70% Polyester, 30% Baumwolle, K\u00f6per, wasserabweisendes Obermaterial, 230g\/m\u00b2<\/p>","protected":false},"featured_media":597460,"template":"","meta":[],"product_brand":[],"product_cat":[4186],"product_tag":[],"class_list":{"0":"post-597396","1":"product","2":"type-product","3":"status-publish","4":"has-post-thumbnail","6":"product_cat-jacken","7":"pa_brand-blaklaeder","8":"pa_brand-type-workwear","9":"pa_filter-color-blau","11":"first","12":"instock","13":"sale","14":"taxable","15":"shipping-taxable","16":"purchasable","17":"product-type-variable","18":"add-to-wishlist-before_image"},"exclude_global_add_ons":[],"addons":[],"acf":[],"_links":{"self":[{"href":"https:\/\/shop.kustom.ch\/fr\/wp-json\/wp\/v2\/product\/597396"}],"collection":[{"href":"https:\/\/shop.kustom.ch\/fr\/wp-json\/wp\/v2\/product"}],"about":[{"href":"https:\/\/shop.kustom.ch\/fr\/wp-json\/wp\/v2\/types\/product"}],"wp:featuredmedia":[{"embeddable":true,"href":"https:\/\/shop.kustom.ch\/fr\/wp-json\/wp\/v2\/media\/597460"}],"wp:attachment":[{"href":"https:\/\/shop.kustom.ch\/fr\/wp-json\/wp\/v2\/media?parent=597396"}],"wp:term":[{"taxonomy":"product_brand","embeddable":true,"href":"https:\/\/shop.kustom.ch\/fr\/wp-json\/wp\/v2\/product_brand?post=597396"},{"taxonomy":"product_cat","embeddable":true,"href":"https:\/\/shop.kustom.ch\/fr\/wp-json\/wp\/v2\/product_cat?post=597396"},{"taxonomy":"product_tag","embeddable":true,"href":"https:\/\/shop.kustom.ch\/fr\/wp-json\/wp\/v2\/product_tag?post=597396"}],"curies":[{"name":"wp","href":"https:\/\/api.w.org\/{rel}","templated":true}]}}