{"id":597344,"date":"2025-03-05T01:24:27","date_gmt":"2025-03-05T00:24:27","guid":{"rendered":"https:\/\/shop.kustom.ch\/?post_type=product&#038;p=597344"},"modified":"2026-03-31T09:03:54","modified_gmt":"2026-03-31T08:03:54","slug":"flammschutz-unterhemd-half-zip-68-merinowolle","status":"publish","type":"product","link":"https:\/\/shop.kustom.ch\/fr\/produit\/flammschutz-unterhemd-half-zip-68-merinowolle\/","title":{"rendered":"Sous-maillot ignifug\u00e9 demi-zip, 68% laine m\u00e9rinos"},"content":{"rendered":"<p>Sous-maillot ignifug\u00e9 avec demi-zip en laine m\u00e9rinos de haute qualit\u00e9. La meilleure qualit\u00e9 en termes de mat\u00e9riaux et de finition garantit toutes les exigences d'un bon sous-v\u00eatement. Ce mod\u00e8le est dot\u00e9 d'un dos allong\u00e9 et d'un col haut pour une excellente protection dans des conditions m\u00e9t\u00e9orologiques froides et rudes. En plus d'une coupe ergonomique et des propri\u00e9t\u00e9s de protection, ce sous-v\u00eatement a la capacit\u00e9 unique de conserver la chaleur, aussi bien dans un environnement humide que sec. Il est id\u00e9al pour les environnements int\u00e9rieurs et ext\u00e9rieurs. Lavable sur cycle d\u00e9licat \u00e0 60\u00baC. Certifi\u00e9 selon EN 1149-5, EN ISO 11612, IEC 61482-2. EBT 7,3 cal\/cm\u00b2.<\/p>\n<p>FERMETURE : Dos rallong\u00e9. Finition des manches avec poignets. D\u00c9TAILS : \u00c9tiquettes de certification ext\u00e9rieures. Col haut avec fermeture \u00e9clair cach\u00e9e. Coutures contrast\u00e9es. CARACTERISTIQUES PRINCIPALES : EN 1149-5. TISSU : Hommes. noir. Protection contre les flammes. CONDITION DE LAVAGE : S\u00e8che-linge - bas. CERTIFICATION : EBT 7,3 cal\/cm\u00b2, HAF : 78,6%. EN 1149-5. ISO 11612 A1, B1, C1. ELIM - 6,2 cal\/cm\u00b2.<\/p>\n<p>68% laine, 30% modacrylique, 2% antistatique, interlock m\u00e9rinos, ignifug\u00e9, antistatique, 225 g\/m<\/p>","protected":false},"excerpt":{"rendered":"<p>Flammschutz Unterhemd mit Half-Zip aus hochqualitativer Merinowolle. Die beste Qualit\u00e4t in Bezug auf Material und Verarbeitung garantiert alle Anforderungen von guter Unterw\u00e4sche. Dieses Modell hat einen verl\u00e4ngerten R\u00fccken und einen hohen Kragen f\u00fcr einen ausgezeichneten Schutz unter kalten und rauen Wetterbedingungen. Neben einer ergonomischen Passform und den Schutzeigenschaften hat diese Unterw\u00e4sche die einzigartige F\u00e4higkeit die [&hellip;]<\/p>\n","protected":false},"featured_media":597386,"template":"","meta":[],"product_brand":[],"product_cat":[4206],"product_tag":[],"class_list":{"0":"post-597344","1":"product","2":"type-product","3":"status-publish","4":"has-post-thumbnail","6":"product_cat-underwear","7":"pa_brand-blaklaeder","8":"pa_brand-type-workwear","9":"pa_filter-color-schwarz","11":"first","12":"instock","13":"sale","14":"taxable","15":"shipping-taxable","16":"purchasable","17":"product-type-variable","18":"add-to-wishlist-before_image"},"exclude_global_add_ons":[],"addons":[],"acf":[],"_links":{"self":[{"href":"https:\/\/shop.kustom.ch\/fr\/wp-json\/wp\/v2\/product\/597344"}],"collection":[{"href":"https:\/\/shop.kustom.ch\/fr\/wp-json\/wp\/v2\/product"}],"about":[{"href":"https:\/\/shop.kustom.ch\/fr\/wp-json\/wp\/v2\/types\/product"}],"wp:featuredmedia":[{"embeddable":true,"href":"https:\/\/shop.kustom.ch\/fr\/wp-json\/wp\/v2\/media\/597386"}],"wp:attachment":[{"href":"https:\/\/shop.kustom.ch\/fr\/wp-json\/wp\/v2\/media?parent=597344"}],"wp:term":[{"taxonomy":"product_brand","embeddable":true,"href":"https:\/\/shop.kustom.ch\/fr\/wp-json\/wp\/v2\/product_brand?post=597344"},{"taxonomy":"product_cat","embeddable":true,"href":"https:\/\/shop.kustom.ch\/fr\/wp-json\/wp\/v2\/product_cat?post=597344"},{"taxonomy":"product_tag","embeddable":true,"href":"https:\/\/shop.kustom.ch\/fr\/wp-json\/wp\/v2\/product_tag?post=597344"}],"curies":[{"name":"wp","href":"https:\/\/api.w.org\/{rel}","templated":true}]}}