{"id":597290,"date":"2025-03-05T01:23:48","date_gmt":"2025-03-05T00:23:48","guid":{"rendered":"https:\/\/shop.kustom.ch\/?post_type=product&#038;p=597290"},"modified":"2026-03-31T09:03:51","modified_gmt":"2026-03-31T08:03:51","slug":"damen-high-vis-softshell-jacke-2","status":"publish","type":"product","link":"https:\/\/shop.kustom.ch\/fr\/produit\/damen-high-vis-softshell-jacke-2\/","title":{"rendered":"Veste Softshell haute visibilit\u00e9 pour femmes"},"content":{"rendered":"<p>Veste l\u00e9g\u00e8re avec une coupe f\u00e9minine. Le mat\u00e9riau Softshell la rend extr\u00eamement douce, souple et confortable. La veste bicolore pr\u00e9sente des couleurs contrast\u00e9es aux endroits expos\u00e9s pour une visibilit\u00e9 et une s\u00e9curit\u00e9 optimales lorsque le besoin s'en fait le plus sentir. Cette veste haute visibilit\u00e9 de designer est certifi\u00e9e conforme aux normes de s\u00e9curit\u00e9 et poss\u00e8de la l\u00e9g\u00e8ret\u00e9, l'\u00e9lasticit\u00e9 et la r\u00e9sistance des v\u00eatements de travail haute performance. En outre, le tissu est imperm\u00e9able et la capuche peut \u00eatre retir\u00e9e si n\u00e9cessaire. Certifi\u00e9e selon la norme EN ISO 20471, classe 2 V\u00eatements de protection haute visibilit\u00e9.<\/p>\n<p>FERMETURE : Ceinture r\u00e9glable avec cordon de serrage. Poignets r\u00e9glables avec fermeture velcro. D\u00c9TAILS : Bonnes surfaces pour les finitions. Anneau en D. Capuche amovible. Col haut. \u00c9paules de couleur contrast\u00e9e. FERMETURE FRONTALE : Fermeture \u00e0 glissi\u00e8re robuste \u00e0 double sens en plastique. FONCTIONNALIT\u00c9 : Champs de couleur fonc\u00e9e dans les zones expos\u00e9es \u00e0 la salet\u00e9. Taille pour femmes. ACTIVIT\u00c9S PRINCIPALES : Travailleurs de la route et du b\u00e2timent. RIS-3279-TOM . REFLEX : Bandes r\u00e9fl\u00e9chissantes sur le corps et les manches. TISSU : Disponible pour hommes et femmes. Jaune haute visibilit\u00e9. Fermeture \u00e9clair \u00e0 double sens. Tissu extensible. POCHES : Poche de poitrine avec fermeture \u00e0 glissi\u00e8re. Poches avant avec fermetures \u00e0 glissi\u00e8re. CONSEILS DE LAVAGE : Nombre de lavages : 25. Ne pas blanchir. CERTIFICATION : Les v\u00eatements de classe 2 et 3 en orange sont conformes \u00e0 la norme RIS-3279-TOM Issue 2.<\/p>\n<p>92% polyester, 8% \u00e9lasthanne, softshell 3 couches, imperm\u00e9able 11.000 mm, coupe-vent, respirant Ret 20,0, stretch, 255 g\/m<\/p>","protected":false},"excerpt":{"rendered":"<p>Leichte Jacke mit femininem Schnitt. Das Softshell Material macht Sie extrem weich, geschmeidig und bequem. Die zweifarbige Jacke hat kontrastreiche Farben an exponierten Stellen f\u00fcr optimale Sichtbarkeit und Sicherheit wenn sie am dringensten gebraucht wird. Diese Designer High Vis Jacke ist nach Sicherheitsstandards zertifiziert und hat das leichte, elastische Tragegef\u00fchl und die Widerstandsf\u00e4higkeit von Hochleistungs-Arbeitskleidung. [&hellip;]<\/p>\n","protected":false},"featured_media":597340,"template":"","meta":[],"product_brand":[],"product_cat":[4186],"product_tag":[],"class_list":{"0":"post-597290","1":"product","2":"type-product","3":"status-publish","4":"has-post-thumbnail","6":"product_cat-jacken","7":"pa_brand-blaklaeder","8":"pa_brand-type-workwear","9":"pa_filter-color-blau","10":"pa_filter-color-gelb","11":"pa_filter-color-orange","12":"pa_filter-color-rot","13":"pa_filter-color-schwarz","15":"first","16":"instock","17":"sale","18":"taxable","19":"shipping-taxable","20":"purchasable","21":"product-type-variable","22":"add-to-wishlist-before_image"},"exclude_global_add_ons":[],"addons":[],"acf":[],"_links":{"self":[{"href":"https:\/\/shop.kustom.ch\/fr\/wp-json\/wp\/v2\/product\/597290"}],"collection":[{"href":"https:\/\/shop.kustom.ch\/fr\/wp-json\/wp\/v2\/product"}],"about":[{"href":"https:\/\/shop.kustom.ch\/fr\/wp-json\/wp\/v2\/types\/product"}],"wp:featuredmedia":[{"embeddable":true,"href":"https:\/\/shop.kustom.ch\/fr\/wp-json\/wp\/v2\/media\/597340"}],"wp:attachment":[{"href":"https:\/\/shop.kustom.ch\/fr\/wp-json\/wp\/v2\/media?parent=597290"}],"wp:term":[{"taxonomy":"product_brand","embeddable":true,"href":"https:\/\/shop.kustom.ch\/fr\/wp-json\/wp\/v2\/product_brand?post=597290"},{"taxonomy":"product_cat","embeddable":true,"href":"https:\/\/shop.kustom.ch\/fr\/wp-json\/wp\/v2\/product_cat?post=597290"},{"taxonomy":"product_tag","embeddable":true,"href":"https:\/\/shop.kustom.ch\/fr\/wp-json\/wp\/v2\/product_tag?post=597290"}],"curies":[{"name":"wp","href":"https:\/\/api.w.org\/{rel}","templated":true}]}}