{"id":597137,"date":"2025-03-05T01:15:35","date_gmt":"2025-03-05T00:15:35","guid":{"rendered":"https:\/\/shop.kustom.ch\/?post_type=product&#038;p=597137"},"modified":"2026-03-31T09:03:38","modified_gmt":"2026-03-31T08:03:38","slug":"high-vis-leichte-gefuetterte-winterjacke","status":"publish","type":"product","link":"https:\/\/shop.kustom.ch\/fr\/produit\/high-vis-leichte-gefuetterte-winterjacke\/","title":{"rendered":"Veste d'hiver doubl\u00e9e et l\u00e9g\u00e8re High Vis"},"content":{"rendered":"<p>Une veste d'hiver l\u00e9g\u00e8re haute visibilit\u00e9 offrant une grande libert\u00e9 de mouvement et de bonnes propri\u00e9t\u00e9s pour les conditions m\u00e9t\u00e9orologiques froides. La veste est imperm\u00e9able au vent et \u00e0 l'eau avec des coutures coll\u00e9es et poss\u00e8de une doublure en maille l\u00e9g\u00e8re qui augmente la flexibilit\u00e9 et tient chaud. Les d\u00e9tails r\u00e9fl\u00e9chissants imprim\u00e9s sur les \u00e9paules offrent une bonne visibilit\u00e9, m\u00eame d'en haut. Une capuche en tissu haute visibilit\u00e9 et des boutons-pression peuvent \u00eatre ajout\u00e9s (mod\u00e8le 2165 avec doublure l\u00e9g\u00e8re ou 2166 avec doublure en mesh). Certifi\u00e9 selon les normes EN 343 et EN ISO 20471 XS-S classe 2, M-&gt; classe 3, v\u00eatements de protection \u00e0 haute visibilit\u00e9.<\/p>\n<p>FERMETURE : Ceinture r\u00e9glable avec cordon de serrage. Poignets r\u00e9glables avec fermeture velcro. D\u00c9TAILS : fermeture \u00e0 glissi\u00e8re dans la doublure, pour une finition textile facile. Anneau en D. Logo imprim\u00e9 sur la poitrine. Capuche amovible et r\u00e9glable (vendue s\u00e9par\u00e9ment, art. n\u00b0 2165, 2166). FERMETURE FRONTALE : fermeture \u00e0 glissi\u00e8re en plastique. FONCTIONNALIT\u00c9 : Mat\u00e9riau coupe-vent &amp; imperm\u00e9able avec respirabilit\u00e9, coutures soud\u00e9es. Manches pr\u00e9form\u00e9es. CARACT\u00c9RISTIQUES PRINCIPALES : Conducteur. EN ISO 20471. REFLEX : D\u00e9tails r\u00e9fl\u00e9chissants. TISSU : Hommes. Jaune haute visibilit\u00e9. Respirabilit\u00e9 de la peau. Protection contre la haute visibilit\u00e9. POCHES : Poches poitrine avec fermeture \u00e0 glissi\u00e8re. Poche int\u00e9rieure avec fermeture \u00e9clair. Poches lat\u00e9rales avec fermeture \u00e9clair. CONSEILS DE LAVAGE : Nombre de lavages : 25. Ne pas repasser. CERTIFICATION : EN 342 ensemble avec art. 1885. EN 343, classe 4,2. EN ISO 20471 XS-S classe 2, M classe 3<\/p>\n<p>100% Polyester, Oxford, enduit, imperm\u00e9able 15.000 mm, coupe-vent, respirant Ret 8,5, 200g\/m<\/p>","protected":false},"excerpt":{"rendered":"<p>Eine leichte High Vis Winterjacke mit viel Bewegungsfreiheit und guten Eigenschaften f\u00fcr kalte Wetterbedingungen. Die Jacke ist wind- und wasserdicht mit verklebten N\u00e4hten und hat ein leichtes Mesh Futter, das die Flexibilit\u00e4t erh\u00f6ht und warm h\u00e4lt. Aufgedruckte Reflexdetails auf den Schultern bieten gute Sichtbarkeit sogar von oben. Eine Kapuze aus High Vis Stoff und Druckkn\u00f6pfen [&hellip;]<\/p>\n","protected":false},"featured_media":597206,"template":"","meta":[],"product_brand":[],"product_cat":[4186],"product_tag":[],"class_list":{"0":"post-597137","1":"product","2":"type-product","3":"status-publish","4":"has-post-thumbnail","6":"product_cat-jacken","7":"pa_brand-blaklaeder","8":"pa_brand-type-workwear","9":"pa_filter-color-blau","10":"pa_filter-color-gelb","11":"pa_filter-color-grau","12":"pa_filter-color-orange","13":"pa_filter-color-rot","14":"pa_filter-color-schwarz","16":"first","17":"instock","18":"sale","19":"taxable","20":"shipping-taxable","21":"purchasable","22":"product-type-variable","23":"add-to-wishlist-before_image"},"exclude_global_add_ons":[],"addons":[],"acf":[],"_links":{"self":[{"href":"https:\/\/shop.kustom.ch\/fr\/wp-json\/wp\/v2\/product\/597137"}],"collection":[{"href":"https:\/\/shop.kustom.ch\/fr\/wp-json\/wp\/v2\/product"}],"about":[{"href":"https:\/\/shop.kustom.ch\/fr\/wp-json\/wp\/v2\/types\/product"}],"wp:featuredmedia":[{"embeddable":true,"href":"https:\/\/shop.kustom.ch\/fr\/wp-json\/wp\/v2\/media\/597206"}],"wp:attachment":[{"href":"https:\/\/shop.kustom.ch\/fr\/wp-json\/wp\/v2\/media?parent=597137"}],"wp:term":[{"taxonomy":"product_brand","embeddable":true,"href":"https:\/\/shop.kustom.ch\/fr\/wp-json\/wp\/v2\/product_brand?post=597137"},{"taxonomy":"product_cat","embeddable":true,"href":"https:\/\/shop.kustom.ch\/fr\/wp-json\/wp\/v2\/product_cat?post=597137"},{"taxonomy":"product_tag","embeddable":true,"href":"https:\/\/shop.kustom.ch\/fr\/wp-json\/wp\/v2\/product_tag?post=597137"}],"curies":[{"name":"wp","href":"https:\/\/api.w.org\/{rel}","templated":true}]}}