{"id":597136,"date":"2025-03-05T01:15:35","date_gmt":"2025-03-05T00:15:35","guid":{"rendered":"https:\/\/shop.kustom.ch\/?post_type=product&#038;p=597136"},"modified":"2026-03-31T09:03:37","modified_gmt":"2026-03-31T08:03:37","slug":"flammschutz-jacke","status":"publish","type":"product","link":"https:\/\/shop.kustom.ch\/fr\/produit\/flammschutz-jacke\/","title":{"rendered":"Veste ignifug\u00e9e"},"content":{"rendered":"<p>Veste ignifug\u00e9e avec taille et poignets r\u00e9glables et soufflet d'aisance dans le dos pour un confort optimal. La veste r\u00e9sistante \u00e0 l'huile, \u00e0 la salet\u00e9 et \u00e0 l'eau est robuste et poss\u00e8de des poches pratiques avec rabat pour faciliter votre travail. Convient au lavage industriel. Certifi\u00e9 selon les normes EN 1149-5, EN ISO 11611, EN 13034, EN ISO 11612, IEC 61482-2. ATPV : 16,0 cal\/cm\u00b2.<\/p>\n<p>FERMETURE : Ceinture r\u00e9glable avec fermeture velcro. Poignets r\u00e9glables avec boutons-pression. D\u00c9TAILS : Soufflet au dos. \u00c9tiquettes de certification ext\u00e9rieures. Boucles de chaque c\u00f4t\u00e9 de la poitrine pour le d\u00e9tecteur de gaz \/ l'oxyg\u00e9nom\u00e8tre \/ le microphone. FERMETURE FRONTALE : Fermeture \u00e0 glissi\u00e8re m\u00e9tallique dissimul\u00e9e. FONCTIONNALIT\u00c9 : R\u00e9sistant \u00e0 l'huile, \u00e0 la salet\u00e9 et \u00e0 l'eau. CARACTERISTIQUES PRINCIPALES : Soudeur. EN ISO 11612. TISSU : Hommes. bleu. Protection contre les flammes. POSITIONS : Poche poitrine avec anneau en D. Poches avant avec soufflet et rabat. INSTRUCTIONS DE LAVAGE : Ne pas repasser. CERTIFICATION : EN 1149-5. 20 cycles de lavage maximum. EN ISO 11611, classe 1 A1+A2. EN ISO 11612 A1, A2, B1, C1, E3, F1. ATPV - 16 cal\/cm\u00b2<\/p>\n<p>85% coton, 14% polyester, 1% antistatique, serg\u00e9, ignifug\u00e9, antistatique, 350 g\/m<\/p>","protected":false},"excerpt":{"rendered":"<p>Flammhemmende Jacke mit einstellbarem Bund- und Armabschluss und Bewegungsfalte am R\u00fccken f\u00fcr optimalen Tragekomfort. Die \u00f6l-, schmutz- und wasserabweisende Jacke ist robust und hat praktische Taschen mit Patte, um Ihre Arbeit zu erleichtern. Industriew\u00e4sche geeignet. Zertifiziert nach EN 1149-5, EN ISO 11611, EN 13034, EN ISO 11612, IEC 61482-2. ATPV: 16,0 cal\/cm\u00b2. ABSCHLUSS: Verstellbarer Bund [&hellip;]<\/p>\n","protected":false},"featured_media":597186,"template":"","meta":[],"product_brand":[],"product_cat":[4186],"product_tag":[],"class_list":{"0":"post-597136","1":"product","2":"type-product","3":"status-publish","4":"has-post-thumbnail","6":"product_cat-jacken","7":"pa_brand-blaklaeder","8":"pa_brand-type-workwear","9":"pa_filter-color-blau","11":"first","12":"instock","13":"sale","14":"taxable","15":"shipping-taxable","16":"purchasable","17":"product-type-variable","18":"add-to-wishlist-before_image"},"exclude_global_add_ons":[],"addons":[],"acf":[],"_links":{"self":[{"href":"https:\/\/shop.kustom.ch\/fr\/wp-json\/wp\/v2\/product\/597136"}],"collection":[{"href":"https:\/\/shop.kustom.ch\/fr\/wp-json\/wp\/v2\/product"}],"about":[{"href":"https:\/\/shop.kustom.ch\/fr\/wp-json\/wp\/v2\/types\/product"}],"wp:featuredmedia":[{"embeddable":true,"href":"https:\/\/shop.kustom.ch\/fr\/wp-json\/wp\/v2\/media\/597186"}],"wp:attachment":[{"href":"https:\/\/shop.kustom.ch\/fr\/wp-json\/wp\/v2\/media?parent=597136"}],"wp:term":[{"taxonomy":"product_brand","embeddable":true,"href":"https:\/\/shop.kustom.ch\/fr\/wp-json\/wp\/v2\/product_brand?post=597136"},{"taxonomy":"product_cat","embeddable":true,"href":"https:\/\/shop.kustom.ch\/fr\/wp-json\/wp\/v2\/product_cat?post=597136"},{"taxonomy":"product_tag","embeddable":true,"href":"https:\/\/shop.kustom.ch\/fr\/wp-json\/wp\/v2\/product_tag?post=597136"}],"curies":[{"name":"wp","href":"https:\/\/api.w.org\/{rel}","templated":true}]}}