{"id":597044,"date":"2025-03-05T01:14:20","date_gmt":"2025-03-05T00:14:20","guid":{"rendered":"https:\/\/shop.kustom.ch\/?post_type=product&#038;p=597044"},"modified":"2026-03-31T09:03:13","modified_gmt":"2026-03-31T08:03:13","slug":"softshell-jacke-5","status":"publish","type":"product","link":"https:\/\/shop.kustom.ch\/fr\/produit\/softshell-jacke-5\/","title":{"rendered":"Veste softshell"},"content":{"rendered":"<p>Une veste imperm\u00e9able et coupe-vent en softshell souple, parfaite pour mettre en valeur votre entreprise, car elle dispose d'une bonne surface pour les finitions. Cette veste chaude et confortable poss\u00e8de une poche de poitrine, des poches lat\u00e9rales, un cordon de serrage au col, un cordon de serrage \u00e0 l'ourlet et le bas des manches est r\u00e9glable.<\/p>\n<p>FERMETURE : Ceinture r\u00e9glable avec cordon de serrage. Poignets r\u00e9glables avec fermeture velcro. D\u00c9TAILS : Impression sur la poitrine. Col doubl\u00e9 en polaire. FERMETURE FRONTALE : Fermeture \u00e9clair \u00e0 l'avant avec protection du menton en polaire. CARACTERISTIQUES PRINCIPALES : Installateur. TISSU : Hommes. Noir. Respirabilit\u00e9. Vent \/ humidit\u00e9 \/ froid. POCHES : poche de poitrine avec fermeture \u00e0 glissi\u00e8re. Poches avant avec fermetures \u00e0 glissi\u00e8re. INSTRUCTIONS DE LAVAGE : Ne pas nettoyer \u00e0 sec.<\/p>\n<p>100% Polyester, 2 couches, softshell, scell\u00e9, hydrofuge 255 g\/m<\/p>","protected":false},"excerpt":{"rendered":"<p>Eine wasser- und windabweisende Jacke aus weichem Softshell, die sich perfekt zur Profilierung Ihres Unternehmens eignet, da sie \u00fcber eine gute Oberfl\u00e4che f\u00fcr Veredelungen verf\u00fcgt. Die warme und komfortable Jacke hat eine Brusttasche, Seitentaschen, einen Kordelzug am Kragen, einen Kordelzug am Saum und der \u00c4rmelbund ist einstellbar. ABSCHLUSS: Verstellbarer Bund mit Kordelzug. Verstellbare \u00c4rmelb\u00fcndchen mit [&hellip;]<\/p>\n","protected":false},"featured_media":597073,"template":"","meta":[],"product_brand":[],"product_cat":[4186],"product_tag":[],"class_list":{"0":"post-597044","1":"product","2":"type-product","3":"status-publish","4":"has-post-thumbnail","6":"product_cat-jacken","7":"pa_brand-blaklaeder","8":"pa_brand-type-workwear","9":"pa_filter-color-schwarz","11":"first","12":"instock","13":"sale","14":"taxable","15":"shipping-taxable","16":"purchasable","17":"product-type-variable","18":"add-to-wishlist-before_image"},"exclude_global_add_ons":[],"addons":[],"acf":[],"_links":{"self":[{"href":"https:\/\/shop.kustom.ch\/fr\/wp-json\/wp\/v2\/product\/597044"}],"collection":[{"href":"https:\/\/shop.kustom.ch\/fr\/wp-json\/wp\/v2\/product"}],"about":[{"href":"https:\/\/shop.kustom.ch\/fr\/wp-json\/wp\/v2\/types\/product"}],"wp:featuredmedia":[{"embeddable":true,"href":"https:\/\/shop.kustom.ch\/fr\/wp-json\/wp\/v2\/media\/597073"}],"wp:attachment":[{"href":"https:\/\/shop.kustom.ch\/fr\/wp-json\/wp\/v2\/media?parent=597044"}],"wp:term":[{"taxonomy":"product_brand","embeddable":true,"href":"https:\/\/shop.kustom.ch\/fr\/wp-json\/wp\/v2\/product_brand?post=597044"},{"taxonomy":"product_cat","embeddable":true,"href":"https:\/\/shop.kustom.ch\/fr\/wp-json\/wp\/v2\/product_cat?post=597044"},{"taxonomy":"product_tag","embeddable":true,"href":"https:\/\/shop.kustom.ch\/fr\/wp-json\/wp\/v2\/product_tag?post=597044"}],"curies":[{"name":"wp","href":"https:\/\/api.w.org\/{rel}","templated":true}]}}