{"id":596985,"date":"2025-03-05T01:13:14","date_gmt":"2025-03-05T00:13:14","guid":{"rendered":"https:\/\/shop.kustom.ch\/?post_type=product&#038;p=596985"},"modified":"2026-03-31T09:03:04","modified_gmt":"2026-03-31T08:03:04","slug":"softshell-jacke-4","status":"publish","type":"product","link":"https:\/\/shop.kustom.ch\/fr\/produit\/softshell-jacke-4\/","title":{"rendered":"Veste softshell"},"content":{"rendered":"<p>Veste softshell flexible et polyvalente avec capuche r\u00e9glable. R\u00e9flecteurs sombres sur les \u00e9paules et le dos et fermetures \u00e0 glissi\u00e8re robustes. La veste a \u00e9t\u00e9 con\u00e7ue pour offrir une libert\u00e9 de mouvement maximale et elle est fabriqu\u00e9e dans un tissu extensible, coupe-vent et imperm\u00e9able.<\/p>\n<p>FERMETURE : Dos rallong\u00e9. Ourlet des manches r\u00e9glable avec boutons-pression en plastique cach\u00e9s. D\u00c9TAILS : Capuche amovible et r\u00e9glable. Bouton en m\u00e9tal. Col doubl\u00e9 en polaire. FERMETURE FRONTALE : Fermeture \u00e9clair \u00e0 l'avant avec protection du menton en polaire. FONCTIONNALIT\u00c9 : Stretch \u00e0 deux voies. CARACTERISTIQUES PRINCIPALES : Installateur. REFLEX : bandes r\u00e9fl\u00e9chissantes fonc\u00e9es sur les \u00e9paules et le dos. TISSU : Disponible pour hommes et femmes. noir. hydrofuge. Tissu stretch. POCHES : Poches de poitrine avec fermeture \u00e0 glissi\u00e8re. Poches int\u00e9rieures. Poches avant avec fermetures \u00e0 glissi\u00e8re. INSTRUCTIONS DE LAVAGE : 40\u00b0 C<\/p>\n<p>92% polyester, 8% \u00e9lasthanne, softshell 3 couches, imperm\u00e9able 11.000 mm, coupe-vent, respirant Ret 20,0, stretch, 255 g\/m<\/p>","protected":false},"excerpt":{"rendered":"<p>Flexible und vielseitige Softshell Jacke mit verstellbarer Kapuze. Dunkle Reflektoren an Schultern und R\u00fccken sowie robuste Reissverschl\u00fcsse. Die Jacke wurde entwickelt, um maximale Bewegungsfreiheit zu bieten und sie besteht aus einem dehnbaren, wind- und wasserdichten Stoff. ABSCHLUSS: Verl\u00e4ngerter R\u00fccken. Einstellbarer \u00c4rmelsaum mit verdeckten Kunststoff-Druckkn\u00f6pfen. DETAILS: Abnehmbare, verstellbare Kapuze. Metallknopf. Fleecegef\u00fctterter Kragen. FRONTVERSCHLUSS: Reissverschluss vorne mit [&hellip;]<\/p>\n","protected":false},"featured_media":597039,"template":"","meta":[],"product_brand":[],"product_cat":[4186],"product_tag":[],"class_list":{"0":"post-596985","1":"product","2":"type-product","3":"status-publish","4":"has-post-thumbnail","6":"product_cat-jacken","7":"pa_brand-blaklaeder","8":"pa_brand-type-workwear","9":"pa_filter-color-schwarz","11":"first","12":"instock","13":"sale","14":"taxable","15":"shipping-taxable","16":"purchasable","17":"product-type-variable","18":"add-to-wishlist-before_image"},"exclude_global_add_ons":[],"addons":[],"acf":[],"_links":{"self":[{"href":"https:\/\/shop.kustom.ch\/fr\/wp-json\/wp\/v2\/product\/596985"}],"collection":[{"href":"https:\/\/shop.kustom.ch\/fr\/wp-json\/wp\/v2\/product"}],"about":[{"href":"https:\/\/shop.kustom.ch\/fr\/wp-json\/wp\/v2\/types\/product"}],"wp:featuredmedia":[{"embeddable":true,"href":"https:\/\/shop.kustom.ch\/fr\/wp-json\/wp\/v2\/media\/597039"}],"wp:attachment":[{"href":"https:\/\/shop.kustom.ch\/fr\/wp-json\/wp\/v2\/media?parent=596985"}],"wp:term":[{"taxonomy":"product_brand","embeddable":true,"href":"https:\/\/shop.kustom.ch\/fr\/wp-json\/wp\/v2\/product_brand?post=596985"},{"taxonomy":"product_cat","embeddable":true,"href":"https:\/\/shop.kustom.ch\/fr\/wp-json\/wp\/v2\/product_cat?post=596985"},{"taxonomy":"product_tag","embeddable":true,"href":"https:\/\/shop.kustom.ch\/fr\/wp-json\/wp\/v2\/product_tag?post=596985"}],"curies":[{"name":"wp","href":"https:\/\/api.w.org\/{rel}","templated":true}]}}