{"id":596949,"date":"2025-03-05T01:12:37","date_gmt":"2025-03-05T00:12:37","guid":{"rendered":"https:\/\/shop.kustom.ch\/?post_type=product&#038;p=596949"},"modified":"2026-03-31T09:02:42","modified_gmt":"2026-03-31T08:02:42","slug":"fleecejacke-3","status":"publish","type":"product","link":"https:\/\/shop.kustom.ch\/fr\/produit\/fleecejacke-3\/","title":{"rendered":"Veste polaire"},"content":{"rendered":"<p>Veste bicolore en mati\u00e8re polaire anti-boulochage. Elle poss\u00e8de des fonctions telles que deux poches avant spacieuses avec fermeture \u00e9clair, un dos allong\u00e9, des fermetures \u00e9clair \u00e0 l'avant et sur la poche de poitrine avec des d\u00e9tails r\u00e9fl\u00e9chissants.<\/p>\n<p>FERMETURE : Bande \u00e9lastique dans l'ourlet inf\u00e9rieur. Poignets avec \u00e9lastique. D\u00c9TAILS : Col doubl\u00e9 en polaire. FERMETURE FRONTALE : Fermeture \u00e0 glissi\u00e8re robuste en plastique. CARACTERISTIQUES PRINCIPALES : Conducteur. TISSU : Hommes. Noir. Vent \/ humidit\u00e9 \/ froid. POCHES : Poche de poitrine avec fermeture \u00e0 glissi\u00e8re. Poches avant avec fermetures \u00e0 glissi\u00e8re. INSTRUCTIONS DE LAVAGE : Nettoyage \u00e0 sec - normal P. CERTIFICATION : Non certifi\u00e9 High Vis<\/p>\n<p>100 % polyester, polaire, anti-boulochage, 260 g\/m<\/p>","protected":false},"excerpt":{"rendered":"<p>Zweifarbige Jacke aus anti-pilling Fleece Material. Sie hat Funktionen wie zwei ger\u00e4umige Vordertaschen mit Reissverschluss, einen verl\u00e4ngerten R\u00fccken, Reissverschl\u00fcsse vorne und an der Brusttasche mit Reflexdetails. ABSCHLUSS: Elastisches Band im unteren Saum. \u00c4rmelb\u00fcndchen mit Gummizug. DETAILS: Fleecegef\u00fctterter Kragen. FRONTVERSCHLUSS: Robuster Reissverschluss aus Kunststoff. HAUPTEIGENSCHAFTEN: Fahrer. STOFF: Herren. schwarz. Wind \/ N\u00e4sse \/ K\u00e4lte. TASCHEN: Brusttasche [&hellip;]<\/p>\n","protected":false},"featured_media":597006,"template":"","meta":[],"product_brand":[],"product_cat":[4186],"product_tag":[],"class_list":{"0":"post-596949","1":"product","2":"type-product","3":"status-publish","4":"has-post-thumbnail","6":"product_cat-jacken","7":"pa_brand-blaklaeder","8":"pa_brand-type-workwear","9":"pa_filter-color-blau","10":"pa_filter-color-gelb","11":"pa_filter-color-grau","12":"pa_filter-color-gruen","13":"pa_filter-color-rot","14":"pa_filter-color-schwarz","16":"first","17":"instock","18":"sale","19":"taxable","20":"shipping-taxable","21":"purchasable","22":"product-type-variable","23":"add-to-wishlist-before_image"},"exclude_global_add_ons":[],"addons":[],"acf":[],"_links":{"self":[{"href":"https:\/\/shop.kustom.ch\/fr\/wp-json\/wp\/v2\/product\/596949"}],"collection":[{"href":"https:\/\/shop.kustom.ch\/fr\/wp-json\/wp\/v2\/product"}],"about":[{"href":"https:\/\/shop.kustom.ch\/fr\/wp-json\/wp\/v2\/types\/product"}],"wp:featuredmedia":[{"embeddable":true,"href":"https:\/\/shop.kustom.ch\/fr\/wp-json\/wp\/v2\/media\/597006"}],"wp:attachment":[{"href":"https:\/\/shop.kustom.ch\/fr\/wp-json\/wp\/v2\/media?parent=596949"}],"wp:term":[{"taxonomy":"product_brand","embeddable":true,"href":"https:\/\/shop.kustom.ch\/fr\/wp-json\/wp\/v2\/product_brand?post=596949"},{"taxonomy":"product_cat","embeddable":true,"href":"https:\/\/shop.kustom.ch\/fr\/wp-json\/wp\/v2\/product_cat?post=596949"},{"taxonomy":"product_tag","embeddable":true,"href":"https:\/\/shop.kustom.ch\/fr\/wp-json\/wp\/v2\/product_tag?post=596949"}],"curies":[{"name":"wp","href":"https:\/\/api.w.org\/{rel}","templated":true}]}}