{"id":596911,"date":"2025-03-05T01:11:57","date_gmt":"2025-03-05T00:11:57","guid":{"rendered":"https:\/\/shop.kustom.ch\/?post_type=product&#038;p=596911"},"modified":"2026-03-31T09:02:36","modified_gmt":"2026-03-31T08:02:36","slug":"pile-jacke-2","status":"publish","type":"product","link":"https:\/\/shop.kustom.ch\/fr\/produit\/pile-jacke-2\/","title":{"rendered":"Veste Pile"},"content":{"rendered":"<p>Enfin, en r\u00e9ponse \u00e0 une demande longue et populaire, nous sommes fiers de pr\u00e9senter notre veste douillette en tissu Pile, nouvelle cette saison et avec une coupe classique. Fabriqu\u00e9e en tissu Pile de haute qualit\u00e9, cette veste fait un double travail en tant que sweat douillet et ne d\u00e9\u00e7oit pas si vous voulez rester au chaud et \u00e0 l'aise. Elle a un col haut, un dos extra long et des trous pour les pouces. Cette veste est un classique imbattable dans le style Bl\u00e5kl\u00e4der. Si vous recherchez chaleur et protection dans un seul v\u00eatement, c'est le choix parfait pour vous.<\/p>\n<p>FERMETURE : Bande \u00e9lastique dans l'ourlet inf\u00e9rieur. Poignets \u00e9largis avec ouverture pour le pouce et ourlet \u00e9lastique. FERMETURE FRONTALE : Patte \u00e0 vent avec doublure en polaire \u00e0 l'int\u00e9rieur. CARACTERISTIQUES PRINCIPALES : Conducteur. TISSU : hommes. vert. Vent \/ humidit\u00e9 \/ froid. POCHES : Poches int\u00e9rieures. Poches lat\u00e9rales avec fermeture \u00e0 glissi\u00e8re. INSTRUCTIONS DE LAVAGE : Ne pas nettoyer \u00e0 sec.<\/p>\n<p>100% velours polyester, 350g\/m<\/p>","protected":false},"excerpt":{"rendered":"<p>Endlich, als Reaktion auf die lange und beliebte Nachfrage, sind wir stolz darauf, unsere kuschelige Pile-Stoff Jacke zu pr\u00e4sentieren, diese Saison neu und mit einem klassischen Schnitt. Die aus hochwertigem Pilegewebe gefertigte Jacke leistet als kuscheliger Sweater doppelte Arbeit und entt\u00e4uscht nicht, wenn Sie warm und gem\u00fctlich bleiben wollen. Sie hat einen hohen Kragen, einen [&hellip;]<\/p>\n","protected":false},"featured_media":596961,"template":"","meta":[],"product_brand":[],"product_cat":[4186],"product_tag":[],"class_list":{"0":"post-596911","1":"product","2":"type-product","3":"status-publish","4":"has-post-thumbnail","6":"product_cat-jacken","7":"pa_brand-blaklaeder","8":"pa_brand-type-workwear","9":"pa_filter-color-blau","10":"pa_filter-color-gruen","11":"pa_filter-color-orange","12":"pa_filter-color-schwarz","14":"first","15":"instock","16":"sale","17":"taxable","18":"shipping-taxable","19":"purchasable","20":"product-type-variable","21":"add-to-wishlist-before_image"},"exclude_global_add_ons":[],"addons":[],"acf":[],"_links":{"self":[{"href":"https:\/\/shop.kustom.ch\/fr\/wp-json\/wp\/v2\/product\/596911"}],"collection":[{"href":"https:\/\/shop.kustom.ch\/fr\/wp-json\/wp\/v2\/product"}],"about":[{"href":"https:\/\/shop.kustom.ch\/fr\/wp-json\/wp\/v2\/types\/product"}],"wp:featuredmedia":[{"embeddable":true,"href":"https:\/\/shop.kustom.ch\/fr\/wp-json\/wp\/v2\/media\/596961"}],"wp:attachment":[{"href":"https:\/\/shop.kustom.ch\/fr\/wp-json\/wp\/v2\/media?parent=596911"}],"wp:term":[{"taxonomy":"product_brand","embeddable":true,"href":"https:\/\/shop.kustom.ch\/fr\/wp-json\/wp\/v2\/product_brand?post=596911"},{"taxonomy":"product_cat","embeddable":true,"href":"https:\/\/shop.kustom.ch\/fr\/wp-json\/wp\/v2\/product_cat?post=596911"},{"taxonomy":"product_tag","embeddable":true,"href":"https:\/\/shop.kustom.ch\/fr\/wp-json\/wp\/v2\/product_tag?post=596911"}],"curies":[{"name":"wp","href":"https:\/\/api.w.org\/{rel}","templated":true}]}}