{"id":596889,"date":"2025-03-05T01:11:26","date_gmt":"2025-03-05T00:11:26","guid":{"rendered":"https:\/\/shop.kustom.ch\/?post_type=product&#038;p=596889"},"modified":"2026-03-31T09:02:35","modified_gmt":"2026-03-31T08:02:35","slug":"damen-pile-jacke","status":"publish","type":"product","link":"https:\/\/shop.kustom.ch\/fr\/produit\/damen-pile-jacke\/","title":{"rendered":"Veste Pile pour femme"},"content":{"rendered":"<p>La veste Pile de Bl\u00e5kl\u00e4der, coupe femme, est un compagnon chaud de style classique. La veste, qui peut \u00e9galement \u00eatre utilis\u00e9e comme un pull chaud, est fabriqu\u00e9e dans un tissu \u00e0 poils de haute qualit\u00e9 et r\u00e9pond \u00e0 tous les besoins lorsqu'il s'agit de vous garder au chaud et \u00e0 l'aise. La veste est dot\u00e9e d'une fermeture \u00e9clair \u00e0 double sens, d'une capuche, d'un dos rallong\u00e9 et de trous pour les pouces. C'est un classique imbattable dans le style Bl\u00e5kl\u00e4der. Donc, si vous recherchez chaleur et confort dans un seul v\u00eatement, c'est le choix parfait pour vous. \u00c9galement disponible en mod\u00e8le homme 4725.<\/p>\n<p>FERMETURE : Bande \u00e9lastique dans l'ourlet inf\u00e9rieur. Poignets \u00e9largis avec ouverture pour le pouce et ourlet \u00e9lastique. D\u00c9TAILS : Capuche fixe. FERMETURE FRONTALE : Fermeture \u00e0 glissi\u00e8re plastique \u00e0 double sens. CARACTERISTIQUES PRINCIPALES : Travailleur de l'entrep\u00f4t. TISSU : Disponible pour hommes et femmes. vert. Vent \/ humidit\u00e9 \/ froid. POCHES : Poche de poitrine avec fermeture \u00e0 glissi\u00e8re. Poches lat\u00e9rales avec fermeture \u00e0 glissi\u00e8re. INSTRUCTIONS DE LAVAGE : Ne pas blanchir.<\/p>\n<p>100% velours polyester, 350g\/m<\/p>","protected":false},"excerpt":{"rendered":"<p>Die Bl\u00e5kl\u00e4der Pile Jacke im Damenschnitt ist ein w\u00e4rmender Begleiter im klassischen Stil. Die Jacke, die auch als warmer Pullover verwendet werden kann, ist aus hochwertigem Florgewebe gefertigt und l\u00e4sst keine W\u00fcnsche offen, wenn es darum geht, Sie warm und bequem zu halten. Die Jacke hat einen Zwei-Wege-Reissverschluss, eine Kapuze, einen verl\u00e4ngerten R\u00fccken und Daumenl\u00f6cher. [&hellip;]<\/p>\n","protected":false},"featured_media":596941,"template":"","meta":[],"product_brand":[],"product_cat":[4186],"product_tag":[],"class_list":{"0":"post-596889","1":"product","2":"type-product","3":"status-publish","4":"has-post-thumbnail","6":"product_cat-jacken","7":"pa_brand-blaklaeder","8":"pa_brand-type-workwear","9":"pa_filter-color-gruen","10":"pa_filter-color-schwarz","12":"first","13":"instock","14":"sale","15":"taxable","16":"shipping-taxable","17":"purchasable","18":"product-type-variable","19":"add-to-wishlist-before_image"},"exclude_global_add_ons":[],"addons":[],"acf":[],"_links":{"self":[{"href":"https:\/\/shop.kustom.ch\/fr\/wp-json\/wp\/v2\/product\/596889"}],"collection":[{"href":"https:\/\/shop.kustom.ch\/fr\/wp-json\/wp\/v2\/product"}],"about":[{"href":"https:\/\/shop.kustom.ch\/fr\/wp-json\/wp\/v2\/types\/product"}],"wp:featuredmedia":[{"embeddable":true,"href":"https:\/\/shop.kustom.ch\/fr\/wp-json\/wp\/v2\/media\/596941"}],"wp:attachment":[{"href":"https:\/\/shop.kustom.ch\/fr\/wp-json\/wp\/v2\/media?parent=596889"}],"wp:term":[{"taxonomy":"product_brand","embeddable":true,"href":"https:\/\/shop.kustom.ch\/fr\/wp-json\/wp\/v2\/product_brand?post=596889"},{"taxonomy":"product_cat","embeddable":true,"href":"https:\/\/shop.kustom.ch\/fr\/wp-json\/wp\/v2\/product_cat?post=596889"},{"taxonomy":"product_tag","embeddable":true,"href":"https:\/\/shop.kustom.ch\/fr\/wp-json\/wp\/v2\/product_tag?post=596889"}],"curies":[{"name":"wp","href":"https:\/\/api.w.org\/{rel}","templated":true}]}}