{"id":596815,"date":"2025-03-05T01:10:06","date_gmt":"2025-03-05T00:10:06","guid":{"rendered":"https:\/\/shop.kustom.ch\/?post_type=product&#038;p=596815"},"modified":"2026-03-31T09:02:21","modified_gmt":"2026-03-31T08:02:21","slug":"damen-softshell-jacke","status":"publish","type":"product","link":"https:\/\/shop.kustom.ch\/fr\/produit\/damen-softshell-jacke\/","title":{"rendered":"Veste softshell pour femme"},"content":{"rendered":"<p>Veste softshell flexible et polyvalente avec une coupe f\u00e9minine et une capuche r\u00e9glable. Des r\u00e9flecteurs fonc\u00e9s sur les \u00e9paules et le dos ainsi que des fermetures \u00e9clair robustes. La veste est con\u00e7ue pour une libert\u00e9 de mouvement maximale et se compose d'un tissu extensible, coupe-vent et imperm\u00e9able.<\/p>\n<p>FERMETURE : Ceinture r\u00e9glable avec cordon de serrage. Poignets r\u00e9glables avec velcro et poignets. D\u00c9TAILS : Bonnes surfaces pour les finitions. Anneau en D. Capuche amovible et r\u00e9glable. Bouton en m\u00e9tal. Col haut. FERMETURE FRONTALE : Fermeture \u00e9clair \u00e0 l'avant avec protection du menton en polaire. FONCTIONNALIT\u00c9 : Mat\u00e9riau coupe-vent &amp; d\u00e9perlant, coutures non soud\u00e9es. Taille pour femme. CARACTERISTIQUES PRINCIPALES : Conducteur. REFLEX : Bandes r\u00e9fl\u00e9chissantes fonc\u00e9es sur les \u00e9paules et le dos. TISSU : Femme. Noir. Fermeture \u00e9clair \u00e0 double sens. Tissu stretch. POCHES : Poche de poitrine avec fermeture \u00e0 glissi\u00e8re. Poches int\u00e9rieures. Poches avant avec fermetures \u00e0 glissi\u00e8re. INSTRUCTIONS DE LAVAGE : Ne pas blanchir.<\/p>\n<p>92% polyester, 8% \u00e9lasthanne, softshell 3 couches, imperm\u00e9able 11.000 mm, coupe-vent, respirant Ret 20,0, stretch, 255 g\/m<\/p>","protected":false},"excerpt":{"rendered":"<p>Flexible und vielseitige Softshell Jacke mit femininem Schnitt und verstellbarer Kapuze. Dunkle Reflektoren an Schultern und R\u00fccken sowie robuste Reissverschl\u00fcsse. Die Jacke ist auf maximale Bewegungsfreiheit ausgelegt und besteht aus einem dehnbaren, wind- und wasserdichten Gewebe. ABSCHLUSS: Verstellbarer Bund mit Kordelzug. Einstellbarer Armabschluss mit Klettverschluss und B\u00fcndchen. DETAILS: Gute Oberfl\u00e4chen f\u00fcr Veredelung. D-Ring. Abnehmbare, verstellbare [&hellip;]<\/p>\n","protected":false},"featured_media":596862,"template":"","meta":[],"product_brand":[],"product_cat":[4186],"product_tag":[],"class_list":{"0":"post-596815","1":"product","2":"type-product","3":"status-publish","4":"has-post-thumbnail","6":"product_cat-jacken","7":"pa_brand-blaklaeder","8":"pa_brand-type-workwear","9":"pa_filter-color-blau","10":"pa_filter-color-gelb","11":"pa_filter-color-rot","12":"pa_filter-color-schwarz","14":"first","15":"instock","16":"sale","17":"taxable","18":"shipping-taxable","19":"purchasable","20":"product-type-variable","21":"add-to-wishlist-before_image"},"exclude_global_add_ons":[],"addons":[],"acf":[],"_links":{"self":[{"href":"https:\/\/shop.kustom.ch\/fr\/wp-json\/wp\/v2\/product\/596815"}],"collection":[{"href":"https:\/\/shop.kustom.ch\/fr\/wp-json\/wp\/v2\/product"}],"about":[{"href":"https:\/\/shop.kustom.ch\/fr\/wp-json\/wp\/v2\/types\/product"}],"wp:featuredmedia":[{"embeddable":true,"href":"https:\/\/shop.kustom.ch\/fr\/wp-json\/wp\/v2\/media\/596862"}],"wp:attachment":[{"href":"https:\/\/shop.kustom.ch\/fr\/wp-json\/wp\/v2\/media?parent=596815"}],"wp:term":[{"taxonomy":"product_brand","embeddable":true,"href":"https:\/\/shop.kustom.ch\/fr\/wp-json\/wp\/v2\/product_brand?post=596815"},{"taxonomy":"product_cat","embeddable":true,"href":"https:\/\/shop.kustom.ch\/fr\/wp-json\/wp\/v2\/product_cat?post=596815"},{"taxonomy":"product_tag","embeddable":true,"href":"https:\/\/shop.kustom.ch\/fr\/wp-json\/wp\/v2\/product_tag?post=596815"}],"curies":[{"name":"wp","href":"https:\/\/api.w.org\/{rel}","templated":true}]}}