{"id":596703,"date":"2025-03-05T01:07:31","date_gmt":"2025-03-05T00:07:31","guid":{"rendered":"https:\/\/shop.kustom.ch\/?post_type=product&#038;p=596703"},"modified":"2026-03-31T09:01:46","modified_gmt":"2026-03-31T08:01:46","slug":"arbeitsjacke-inhaerent-stahl","status":"publish","type":"product","link":"https:\/\/shop.kustom.ch\/fr\/produit\/arbeitsjacke-inhaerent-stahl\/","title":{"rendered":"Veste de travail Inh\u00e4rent Stahl"},"content":{"rendered":"<p>Une veste ignifug\u00e9e sans doublure de qualit\u00e9 1519 avec un tissu inh\u00e9rent de classe E3, sp\u00e9cialement con\u00e7ue pour les travaux dans l'industrie m\u00e9tallurgique impliquant la manipulation de fer en fusion. Cette veste visible \u00e0 360 degr\u00e9s, mais non certifi\u00e9e highvis, est r\u00e9sistante \u00e0 l'huile, \u00e0 la salet\u00e9 et \u00e0 l'eau et prot\u00e8ge des \u00e9claboussures de m\u00e9tal en fusion et de la chaleur rayonnante. Elle est dot\u00e9e de d\u00e9tails r\u00e9fl\u00e9chissants cousus et plac\u00e9s de mani\u00e8re optimale, d'une poche int\u00e9rieure, de poches ins\u00e9r\u00e9es et de supports pour le d\u00e9tecteur de gaz, l'oxyg\u00e9nom\u00e8tre et le microphone. Test\u00e9 pour le lavage industriel. Certifi\u00e9 selon les normes EN 1149-5, EN13034, EN ISO 11612, EN ISO 11611, IEC 61482-2, ATPV : 14 cal\/cm\u00b2, ELIM : 12 cal\/cm\u00b2.<\/p>\n<p>FERMETURE : Ceinture r\u00e9glable avec boutons-pression. Poignets r\u00e9glables avec bouton-pression. D\u00c9TAILS : \u00c9tiquettes de certification ext\u00e9rieures. Col haut avec fermeture \u00e0 glissi\u00e8re dissimul\u00e9e. Passants de chaque c\u00f4t\u00e9 de la poitrine pour d\u00e9tecteur de gaz\/oxyg\u00e9nom\u00e8tre\/microphone. FERMETURE FRONTALE : Fermeture \u00e0 glissi\u00e8re m\u00e9tallique renforc\u00e9e et dissimul\u00e9e. FONCTIONNALIT\u00c9 : R\u00e9sistant \u00e0 l'huile, \u00e0 la salet\u00e9 et \u00e0 l'eau. CARACT\u00c9RISTIQUES PRINCIPALES : Artisan. EN ISO 11612. REFLEX : r\u00e9flecteurs sur les \u00e9paules, les manches et l'ourlet arri\u00e8re. TISSU : Hommes. Bleu. Protection contre les flammes. POCHES : Poches de poitrine avec fermeture \u00e0 glissi\u00e8re. Poche int\u00e9rieure. Poches lat\u00e9rales dissimul\u00e9es avec boutons m\u00e9talliques cach\u00e9s. INSTRUCTIONS DE LAVAGE : Ne pas nettoyer \u00e0 sec. LAVAGE : Lavage industriel EN ISO 15797. CERTIFICATION : EN 1149-5. EN 13034 PB (6). EN ISO 11611, classe 1 A1+A2. EN ISO 11612 A1, A2, B1, C1, E3, F1. IEC 61482-2, APC 1. non certifi\u00e9 High Vis<\/p>\n<p>44% modacrylique, 30% coton, 20% polyamide, 5% aramide, 1% antistatique, serg\u00e9, ignifug\u00e9, antistatique, 320 g\/m<\/p>","protected":false},"excerpt":{"rendered":"<p>Eine flammhemmende, ungef\u00fctterte Jacke in der Qualit\u00e4t 1519 mit einem inh\u00e4renten Stoff der Klasse E3, der speziell f\u00fcr Arbeiten in der Metallindustrie entwickelt wurde bei denen mit geschmolzenem Eisen gearbeitet wird. Die 360-Grad sichtbare, aber nicht highvis-zertifizierte Jacke ist \u00f6l-, schmutz- und wasserabweisend und sch\u00fctzt vor Spritzern von geschmolzenem Metall und vor Strahlungshitze. Sie hat [&hellip;]<\/p>\n","protected":false},"featured_media":596749,"template":"","meta":[],"product_brand":[],"product_cat":[4186],"product_tag":[],"class_list":{"0":"post-596703","1":"product","2":"type-product","3":"status-publish","4":"has-post-thumbnail","6":"product_cat-jacken","7":"pa_brand-blaklaeder","8":"pa_brand-type-workwear","9":"pa_filter-color-blau","10":"pa_filter-color-gelb","12":"first","13":"instock","14":"sale","15":"taxable","16":"shipping-taxable","17":"purchasable","18":"product-type-variable","19":"add-to-wishlist-before_image"},"exclude_global_add_ons":[],"addons":[],"acf":[],"_links":{"self":[{"href":"https:\/\/shop.kustom.ch\/fr\/wp-json\/wp\/v2\/product\/596703"}],"collection":[{"href":"https:\/\/shop.kustom.ch\/fr\/wp-json\/wp\/v2\/product"}],"about":[{"href":"https:\/\/shop.kustom.ch\/fr\/wp-json\/wp\/v2\/types\/product"}],"wp:featuredmedia":[{"embeddable":true,"href":"https:\/\/shop.kustom.ch\/fr\/wp-json\/wp\/v2\/media\/596749"}],"wp:attachment":[{"href":"https:\/\/shop.kustom.ch\/fr\/wp-json\/wp\/v2\/media?parent=596703"}],"wp:term":[{"taxonomy":"product_brand","embeddable":true,"href":"https:\/\/shop.kustom.ch\/fr\/wp-json\/wp\/v2\/product_brand?post=596703"},{"taxonomy":"product_cat","embeddable":true,"href":"https:\/\/shop.kustom.ch\/fr\/wp-json\/wp\/v2\/product_cat?post=596703"},{"taxonomy":"product_tag","embeddable":true,"href":"https:\/\/shop.kustom.ch\/fr\/wp-json\/wp\/v2\/product_tag?post=596703"}],"curies":[{"name":"wp","href":"https:\/\/api.w.org\/{rel}","templated":true}]}}