{"id":596702,"date":"2025-03-05T01:07:31","date_gmt":"2025-03-05T00:07:31","guid":{"rendered":"https:\/\/shop.kustom.ch\/?post_type=product&#038;p=596702"},"modified":"2026-03-31T09:01:39","modified_gmt":"2026-03-31T08:01:39","slug":"winterjacke-2","status":"publish","type":"product","link":"https:\/\/shop.kustom.ch\/fr\/produit\/winterjacke-2\/","title":{"rendered":"Veste d'hiver"},"content":{"rendered":"<p>Veste avec doublure thermique qui tient chaud par temps froid. Elle est fabriqu\u00e9e dans un mat\u00e9riau l\u00e9ger et est renforc\u00e9e par du denim CORDURA\u00ae sur les \u00e9paules et poss\u00e8de une fermeture \u00e0 glissi\u00e8re. Elle poss\u00e8de une capuche doubl\u00e9e thermiquement, amovible et r\u00e9glable. Les poches avant sont dot\u00e9es d'une fermeture \u00e0 glissi\u00e8re et d'une poche pour t\u00e9l\u00e9phone portable en mesh. Le dos allong\u00e9 emp\u00eache le froid de p\u00e9n\u00e9trer.<\/p>\n<p>FERMETURE : Dos rallong\u00e9. Poignets int\u00e9rieurs. D\u00c9TAILS : Capuche amovible et r\u00e9glable avec doublure chaude. Int\u00e9rieur du col de couleur contrast\u00e9e. \u00c9paules renforc\u00e9es. Broderie Bl\u00e5kl\u00e4der \u00e0 l'arri\u00e8re. FERMETURE FRONTALE : Fermeture \u00e0 glissi\u00e8re en plastique. FONCTIONNALIT\u00c9 : Doublure chaude. CARACTERISTIQUES PRINCIPALES : Jardinier. TISSU : Hommes. Gris. Vent \/ humidit\u00e9 \/ froid. POCHES : Poches int\u00e9rieures avec poche pour t\u00e9l\u00e9phone portable. Poches avant avec fermetures \u00e0 glissi\u00e8re. INSTRUCTIONS DE LAVAGE : Ne pas blanchir. RENFORCEMENT : \u00c9paules renforc\u00e9es<\/p>\n<p>65% polyester, 35% coton, tissage fin , 166g\/m<\/p>","protected":false},"excerpt":{"rendered":"<p>Jacke mit Thermofutter, die bei kaltem Wetter warm h\u00e4lt. Sie besteht aus einem leichten Material und ist mit CORDURA\u00ae Denim \u00fcber den Schultern verst\u00e4rkt und hat einen Reissverschluss. Sie hat eine abnehmbare und einstellbare thermogef\u00fctterte Kapuze. Die Vordertaschen haben einen Reissverschluss und eine Handytasche aus Mesh. Der verl\u00e4ngerte R\u00fccken hindert die K\u00e4lte am Eindringen. ABSCHLUSS: [&hellip;]<\/p>\n","protected":false},"featured_media":530670,"template":"","meta":[],"product_brand":[],"product_cat":[4186],"product_tag":[],"class_list":{"0":"post-596702","1":"product","2":"type-product","3":"status-publish","4":"has-post-thumbnail","6":"product_cat-jacken","7":"pa_brand-blaklaeder","8":"pa_brand-type-workwear","9":"pa_filter-color-grau","11":"first","12":"instock","13":"sale","14":"taxable","15":"shipping-taxable","16":"purchasable","17":"product-type-variable","18":"add-to-wishlist-before_image"},"exclude_global_add_ons":[],"addons":[],"acf":[],"_links":{"self":[{"href":"https:\/\/shop.kustom.ch\/fr\/wp-json\/wp\/v2\/product\/596702"}],"collection":[{"href":"https:\/\/shop.kustom.ch\/fr\/wp-json\/wp\/v2\/product"}],"about":[{"href":"https:\/\/shop.kustom.ch\/fr\/wp-json\/wp\/v2\/types\/product"}],"wp:featuredmedia":[{"embeddable":true,"href":"https:\/\/shop.kustom.ch\/fr\/wp-json\/wp\/v2\/media\/530670"}],"wp:attachment":[{"href":"https:\/\/shop.kustom.ch\/fr\/wp-json\/wp\/v2\/media?parent=596702"}],"wp:term":[{"taxonomy":"product_brand","embeddable":true,"href":"https:\/\/shop.kustom.ch\/fr\/wp-json\/wp\/v2\/product_brand?post=596702"},{"taxonomy":"product_cat","embeddable":true,"href":"https:\/\/shop.kustom.ch\/fr\/wp-json\/wp\/v2\/product_cat?post=596702"},{"taxonomy":"product_tag","embeddable":true,"href":"https:\/\/shop.kustom.ch\/fr\/wp-json\/wp\/v2\/product_tag?post=596702"}],"curies":[{"name":"wp","href":"https:\/\/api.w.org\/{rel}","templated":true}]}}