{"id":596682,"date":"2025-03-05T01:07:26","date_gmt":"2025-03-05T00:07:26","guid":{"rendered":"https:\/\/shop.kustom.ch\/?post_type=product&#038;p=596682"},"modified":"2026-03-31T09:01:38","modified_gmt":"2026-03-31T08:01:38","slug":"high-vis-softshell-jacke-3","status":"publish","type":"product","link":"https:\/\/shop.kustom.ch\/fr\/produit\/high-vis-softshell-jacke-3\/","title":{"rendered":"Veste Softshell haute visibilit\u00e9"},"content":{"rendered":"<p>Une veste haute visibilit\u00e9 fabriqu\u00e9e dans un mat\u00e9riau softshell coupe-vent et imperm\u00e9able. Cette veste matelass\u00e9e super confortable est un r\u00eave \u00e0 porter et offre un confort imbattable lorsque vous en avez le plus besoin. Une excellente respirabilit\u00e9, des bandes r\u00e9fl\u00e9chissantes de transfert, des manches pr\u00e9form\u00e9es en tissu renforc\u00e9 et des \u00e9paules renforc\u00e9es sont quelques-unes des nombreuses caract\u00e9ristiques haut de gamme de cette veste. La veste softshell dispose d'une poche de poitrine et d'une poche int\u00e9rieure g\u00e9n\u00e9reuses, de poignets ajust\u00e9s et d'une fermeture velcro r\u00e9glable. Beaucoup de place pour un logo. Certifi\u00e9e selon la norme EN ISO 20471, classe 1. XS-L classe 1, XL-&gt; classe 2.<\/p>\n<p>FERMETURE : Dos rallong\u00e9. Poignets r\u00e9glables avec fermeture velcro. D\u00c9TAILS : Bonnes surfaces pour les finitions. Anneau en D. Col haut. FERMETURE FRONTALE : Fermeture \u00e0 glissi\u00e8re robuste en plastique. FONCTIONNALIT\u00c9 : Partie avant rembourr\u00e9e. Manches pr\u00e9form\u00e9es. CARACT\u00c9RISTIQUES PRINCIPALES : Jardinier. EN ISO 20471. R\u00c9FLEXE : Bandes r\u00e9fl\u00e9chissantes de 50 mm de large. TISSU : Hommes. Jaune. Hydrofuge. Tissu stretch. POCHES : Poches poitrine avec fermetures \u00e0 glissi\u00e8re et anneau en D. Poche int\u00e9rieure. Poches avant avec fermetures \u00e0 glissi\u00e8re. INSTRUCTIONS DE LAVAGE : Nombre de lavages : 25. Ne pas essorer. RENFORCEMENT : Renforc\u00e9 aux \u00e9paules et aux manches. CERTIFICATION : Groupe de certification B XL - &gt;.;<\/p>\n<p>92% polyester, 8% \u00e9lasthanne, softshell 3 couches, imperm\u00e9able 11.000 mm, coupe-vent, respirant Ret 20,0, stretch, 255 g\/m<\/p>","protected":false},"excerpt":{"rendered":"<p>Eine High Vis Jacke aus einem wind- und wasserdichten Softshell Material. Diese super bequeme Steppjacke ist ein Traum zum Tragen und bietet unschlagbaren Komfort, wenn Sie ihn am dringensten ben\u00f6tigen. Hervorragende Atmungsaktivit\u00e4t, Transferreflexstreifen, vorgeformte \u00c4rmel aus verst\u00e4rktem Stoff und verst\u00e4rkte Schultern sind einige der vielen hochwertigen Eigenschaften der Jacke. Die Softshell Jacke hat eine grossz\u00fcgige [&hellip;]<\/p>\n","protected":false},"featured_media":596723,"template":"","meta":[],"product_brand":[],"product_cat":[4186],"product_tag":[],"class_list":{"0":"post-596682","1":"product","2":"type-product","3":"status-publish","4":"has-post-thumbnail","6":"product_cat-jacken","7":"pa_brand-blaklaeder","8":"pa_brand-type-workwear","9":"pa_filter-color-blau","10":"pa_filter-color-gelb","11":"pa_filter-color-schwarz","13":"first","14":"instock","15":"sale","16":"taxable","17":"shipping-taxable","18":"purchasable","19":"product-type-variable","20":"add-to-wishlist-before_image"},"exclude_global_add_ons":[],"addons":[],"acf":[],"_links":{"self":[{"href":"https:\/\/shop.kustom.ch\/fr\/wp-json\/wp\/v2\/product\/596682"}],"collection":[{"href":"https:\/\/shop.kustom.ch\/fr\/wp-json\/wp\/v2\/product"}],"about":[{"href":"https:\/\/shop.kustom.ch\/fr\/wp-json\/wp\/v2\/types\/product"}],"wp:featuredmedia":[{"embeddable":true,"href":"https:\/\/shop.kustom.ch\/fr\/wp-json\/wp\/v2\/media\/596723"}],"wp:attachment":[{"href":"https:\/\/shop.kustom.ch\/fr\/wp-json\/wp\/v2\/media?parent=596682"}],"wp:term":[{"taxonomy":"product_brand","embeddable":true,"href":"https:\/\/shop.kustom.ch\/fr\/wp-json\/wp\/v2\/product_brand?post=596682"},{"taxonomy":"product_cat","embeddable":true,"href":"https:\/\/shop.kustom.ch\/fr\/wp-json\/wp\/v2\/product_cat?post=596682"},{"taxonomy":"product_tag","embeddable":true,"href":"https:\/\/shop.kustom.ch\/fr\/wp-json\/wp\/v2\/product_tag?post=596682"}],"curies":[{"name":"wp","href":"https:\/\/api.w.org\/{rel}","templated":true}]}}