{"id":596659,"date":"2025-03-05T01:06:51","date_gmt":"2025-03-05T00:06:51","guid":{"rendered":"https:\/\/shop.kustom.ch\/?post_type=product&#038;p=596659"},"modified":"2026-03-31T09:01:38","modified_gmt":"2026-03-31T08:01:38","slug":"high-vis-shell-jacke-4","status":"publish","type":"product","link":"https:\/\/shop.kustom.ch\/fr\/produit\/high-vis-shell-jacke-4\/","title":{"rendered":"Veste High Vis Shell"},"content":{"rendered":"<p>Veste High Vis Shell en tissu ripstop enduit et \u00e9lastique, qui offre une excellente r\u00e9sistance \u00e0 la d\u00e9chirure. La veste a des coutures soud\u00e9es, des manches prolong\u00e9es avec des poignets renforc\u00e9s et des bandes r\u00e9fl\u00e9chissantes soigneusement plac\u00e9es qui, avec le mat\u00e9riau High Vis, garantissent que le porteur est visible de toutes les directions. Poche pour carte d'identit\u00e9 sur la manche gauche. La veste est dot\u00e9e d'une fermeture \u00e9clair \u00e0 double sens, de doubles rabats sur le devant, d'une grande poche Napol\u00e9on pouvant accueillir une tablette, d'une poche avant \u00e0 deux ouvertures, dont l'une est zipp\u00e9e, et de poches poitrine zipp\u00e9es. Poche en filet \u00e0 l'int\u00e9rieur, grande poche int\u00e9rieure avec lien en lycra et poche pour t\u00e9l\u00e9phone portable \u00e0 l'int\u00e9rieur avec fermeture \u00e9clair et ouverture pour le c\u00e2ble d'un casque. La capuche amovible a un bout rembourr\u00e9 et peut \u00eatre r\u00e9gl\u00e9e sur trois niveaux diff\u00e9rents. L'int\u00e9rieur de la veste est dot\u00e9 d'une doublure en filet bross\u00e9 et d'un imprim\u00e9 camo extensible pour un confort et une libert\u00e9 de mouvement ultimes. Certifi\u00e9 selon EN ISO 20471 classe 3, EN 343.<\/p>\n<p>FERMETURE : Ceinture r\u00e9glable avec cordon de serrage. Poignets r\u00e9glables avec fermeture velcro. D\u00c9TAILS : fermeture \u00e0 glissi\u00e8re dans la doublure, pour une finition textile facile. Poche pour carte d'identit\u00e9. Capuche amovible et r\u00e9glable. Boutons m\u00e9talliques recouverts de caoutchouc. Col haut. \u00c9paules de couleur contrast\u00e9e. FERMETURE FRONTALE : Double coupe-vent avec fermeture Velcro. FONCTIONNALIT\u00c9 : Mat\u00e9riau imperm\u00e9able au vent et \u00e0 l'eau avec respirabilit\u00e9, coutures soud\u00e9es. Manches pr\u00e9form\u00e9es. CARACT\u00c9RISTIQUES PRINCIPALES : Conducteur. EN 343. REFLEX : Mat\u00e9riau r\u00e9fl\u00e9chissant sur le torse, les manches et les \u00e9paules. TISSU : pour hommes. Jaune haute visibilit\u00e9. Imperm\u00e9able. Protection contre la haute visibilit\u00e9. POCHES : Poches poitrine avec fermetures \u00e0 glissi\u00e8re et anneau en D. Poche int\u00e9rieure en mesh. Poche int\u00e9rieure pour iPad. Poche sur la manche avec poche pour carte d'identit\u00e9. INSTRUCTIONS DE LAVAGE : Lavage \u00e0 la maison X 50. Ne pas nettoyer \u00e0 sec. RENFORCEMENT : Renforc\u00e9 aux \u00e9paules et aux manches. CERTIFICATION : EN 343, classe 4,4. EN ISO 20471, XS-M classe 2, L-&gt; classe 3<\/p>\n<p>100% Polyester, ripstop, stretch, enduit, imperm\u00e9able 15.000 mm, coupe-vent, respirant Ret 11,9, 195 g\/m<\/p>","protected":false},"excerpt":{"rendered":"<p>High Vis Shell Jacke aus beschichtetem, elastischen Ripstop-Gewebe, das eine hervorragende Reissfestigkeit bietet. Die Jacke hat verschweisste N\u00e4hte, verl\u00e4ngerte \u00c4rmel mit verst\u00e4rkten B\u00fcndchen und sorgf\u00e4ltig platzierte Reflexstreifen, die zusammen mit dem High Vis Material garantieren, dass der Tr\u00e4ger aus allen Richtungen sichtbar ist. Ausweistasche am linken \u00c4rmel. Die Jacke verf\u00fcgt \u00fcber einen Zwei-Wege-Reissverschluss, doppelte Patten [&hellip;]<\/p>\n","protected":false},"featured_media":596721,"template":"","meta":[],"product_brand":[],"product_cat":[4186],"product_tag":[],"class_list":{"0":"post-596659","1":"product","2":"type-product","3":"status-publish","4":"has-post-thumbnail","6":"product_cat-jacken","7":"pa_brand-blaklaeder","8":"pa_brand-type-workwear","9":"pa_filter-color-blau","10":"pa_filter-color-gelb","11":"pa_filter-color-schwarz","13":"first","14":"instock","15":"sale","16":"taxable","17":"shipping-taxable","18":"purchasable","19":"product-type-variable","20":"add-to-wishlist-before_image"},"exclude_global_add_ons":[],"addons":[],"acf":[],"_links":{"self":[{"href":"https:\/\/shop.kustom.ch\/fr\/wp-json\/wp\/v2\/product\/596659"}],"collection":[{"href":"https:\/\/shop.kustom.ch\/fr\/wp-json\/wp\/v2\/product"}],"about":[{"href":"https:\/\/shop.kustom.ch\/fr\/wp-json\/wp\/v2\/types\/product"}],"wp:featuredmedia":[{"embeddable":true,"href":"https:\/\/shop.kustom.ch\/fr\/wp-json\/wp\/v2\/media\/596721"}],"wp:attachment":[{"href":"https:\/\/shop.kustom.ch\/fr\/wp-json\/wp\/v2\/media?parent=596659"}],"wp:term":[{"taxonomy":"product_brand","embeddable":true,"href":"https:\/\/shop.kustom.ch\/fr\/wp-json\/wp\/v2\/product_brand?post=596659"},{"taxonomy":"product_cat","embeddable":true,"href":"https:\/\/shop.kustom.ch\/fr\/wp-json\/wp\/v2\/product_cat?post=596659"},{"taxonomy":"product_tag","embeddable":true,"href":"https:\/\/shop.kustom.ch\/fr\/wp-json\/wp\/v2\/product_tag?post=596659"}],"curies":[{"name":"wp","href":"https:\/\/api.w.org\/{rel}","templated":true}]}}