{"id":596602,"date":"2025-03-05T01:06:12","date_gmt":"2025-03-05T00:06:12","guid":{"rendered":"https:\/\/shop.kustom.ch\/?post_type=product&#038;p=596602"},"modified":"2026-03-31T09:01:36","modified_gmt":"2026-03-31T08:01:36","slug":"high-vis-winterparka-3","status":"publish","type":"product","link":"https:\/\/shop.kustom.ch\/fr\/produit\/high-vis-winterparka-3\/","title":{"rendered":"Parka d'hiver haute visibilit\u00e9"},"content":{"rendered":"<p>Un v\u00eatement d'hiver chaud pour les environnements de travail difficiles o\u00f9 il est important d'\u00eatre vu. La parka est fabriqu\u00e9e dans un mat\u00e9riau solide, r\u00e9sistant au vent et \u00e0 l'eau, avec des coutures soud\u00e9es et une doublure matelass\u00e9e chaude qui est confortable et prot\u00e8ge du froid et du vent. Elle a un tissu ext\u00e9rieur r\u00e9sistant dans une teinte plus fonc\u00e9e aux endroits les plus expos\u00e9s \u00e0 la salet\u00e9. La veste est dot\u00e9e d'une fermeture \u00e9clair \u00e0 double sens sur le devant et de manches pr\u00e9form\u00e9es pour un meilleur confort. La taille peut \u00eatre r\u00e9gl\u00e9e \u00e0 l'aide d'un cordon de serrage dans le dos pour un meilleur ajustement. Les bandes r\u00e9fl\u00e9chissantes sont press\u00e9es \u00e0 chaud pour plus de flexibilit\u00e9 et la capuche protectrice est munie de boutons-pression pour pouvoir l'attacher et la d\u00e9tacher facilement. Certifi\u00e9 selon EN 342 combin\u00e9 avec 1885 ; EN 343 ; EN ISO 20471 classe 3, v\u00eatements de protection pour une haute visibilit\u00e9.<\/p>\n<p>FERMETURE : Poignets r\u00e9glables avec fermeture velcro. D\u00c9TAILS : fermeture \u00e0 glissi\u00e8re dans la doublure, pour une finition textile facile. Poche pour carte d'identit\u00e9 escamotable. Capuche amovible et r\u00e9glable avec doublure chaude. Col haut. Coutures soud\u00e9es. R\u00e9glable par cordon de serrage \u00e0 la taille. FERMETURE FRONTALE : Fermeture \u00e9clair cach\u00e9e \u00e0 double sens en plastique. FONCTIONNALIT\u00c9 : Insert en maille sur l'emmanchure. Manches pr\u00e9form\u00e9es. CARACTERISTIQUES PRINCIPALES : Artisan. RIS-3279-TOM . REFLEX : Mat\u00e9riau r\u00e9fl\u00e9chissant sur le torse, les manches et les \u00e9paules. TISSU : Disponible pour les hommes et les femmes. Jaune haute visibilit\u00e9. Imperm\u00e9able. Protection contre la haute visibilit\u00e9. POCHES : Poches de poitrine avec fermeture \u00e0 glissi\u00e8re. Poches int\u00e9rieures, dont une avec maille. Poches avant avec rabats. INSTRUCTIONS DE LAVAGE : Nombre de lavages : 20. 40\u00b0 C. CERTIFICATION : EN 342 avec art. 1885. EN 343, classe 3.1. Les v\u00eatements de classe 2 et 3 en orange sont conformes \u00e0 RIS-3279-TOM Issue 2.<\/p>\n<p>100% Polyester, serg\u00e9, stretch, enduit, \u00e9tanche \u00e0 l'eau 11.000mm, coupe-vent, respirant Ret 6,3, 150 g\/m\u00b2.<\/p>","protected":false},"excerpt":{"rendered":"<p>Ein warmes Winter Kleidungsst\u00fcck f\u00fcr harte Arbeitsumgebungen wo es wichtig ist, gesehen zu werden. Der Parka besteht aus einem starken wind- und wasserfesten Material mit verschweissten N\u00e4hten und einem warmen Steppfutter, das komfortabel ist und vor K\u00e4lte und Wind sch\u00fctzt. Er hat ein strapazierf\u00e4higes Aussenmaterial in einem dunkleren Farbton an Stellen, die dem meisten Schmutz [&hellip;]<\/p>\n","protected":false},"featured_media":596628,"template":"","meta":[],"product_brand":[],"product_cat":[4186],"product_tag":[],"class_list":{"0":"post-596602","1":"product","2":"type-product","3":"status-publish","4":"has-post-thumbnail","6":"product_cat-jacken","7":"pa_brand-blaklaeder","8":"pa_brand-type-workwear","9":"pa_filter-color-blau","10":"pa_filter-color-gelb","11":"pa_filter-color-grau","12":"pa_filter-color-orange","13":"pa_filter-color-rot","14":"pa_filter-color-schwarz","16":"first","17":"instock","18":"sale","19":"taxable","20":"shipping-taxable","21":"purchasable","22":"product-type-variable","23":"add-to-wishlist-before_image"},"exclude_global_add_ons":[],"addons":[],"acf":[],"_links":{"self":[{"href":"https:\/\/shop.kustom.ch\/fr\/wp-json\/wp\/v2\/product\/596602"}],"collection":[{"href":"https:\/\/shop.kustom.ch\/fr\/wp-json\/wp\/v2\/product"}],"about":[{"href":"https:\/\/shop.kustom.ch\/fr\/wp-json\/wp\/v2\/types\/product"}],"wp:featuredmedia":[{"embeddable":true,"href":"https:\/\/shop.kustom.ch\/fr\/wp-json\/wp\/v2\/media\/596628"}],"wp:attachment":[{"href":"https:\/\/shop.kustom.ch\/fr\/wp-json\/wp\/v2\/media?parent=596602"}],"wp:term":[{"taxonomy":"product_brand","embeddable":true,"href":"https:\/\/shop.kustom.ch\/fr\/wp-json\/wp\/v2\/product_brand?post=596602"},{"taxonomy":"product_cat","embeddable":true,"href":"https:\/\/shop.kustom.ch\/fr\/wp-json\/wp\/v2\/product_cat?post=596602"},{"taxonomy":"product_tag","embeddable":true,"href":"https:\/\/shop.kustom.ch\/fr\/wp-json\/wp\/v2\/product_tag?post=596602"}],"curies":[{"name":"wp","href":"https:\/\/api.w.org\/{rel}","templated":true}]}}