{"id":596556,"date":"2025-03-05T01:05:10","date_gmt":"2025-03-05T00:05:10","guid":{"rendered":"https:\/\/shop.kustom.ch\/?post_type=product&#038;p=596556"},"modified":"2026-03-31T09:01:31","modified_gmt":"2026-03-31T08:01:31","slug":"high-vis-softshell-jacke-2","status":"publish","type":"product","link":"https:\/\/shop.kustom.ch\/fr\/produit\/high-vis-softshell-jacke-2\/","title":{"rendered":"Veste Softshell haute visibilit\u00e9"},"content":{"rendered":"<p>Une veste softshell l\u00e9g\u00e8re qui, gr\u00e2ce \u00e0 son mat\u00e9riau, est extr\u00eamement douce, confortable et flexible. La veste est bicolore avec des couleurs contrast\u00e9es aux endroits expos\u00e9s \u00e0 la salet\u00e9 pour une visibilit\u00e9 et une s\u00e9curit\u00e9 optimales lorsqu'elle est le plus n\u00e9cessaire. Elle r\u00e9siste donc tr\u00e8s bien \u00e0 la salet\u00e9 et offre une visibilit\u00e9 et une s\u00e9curit\u00e9 optimales lorsqu'elle est le plus n\u00e9cessaire. Cette veste haute visibilit\u00e9 certifi\u00e9e offre \u00e0 la fois la sensation de l\u00e9g\u00e8ret\u00e9 et de mobilit\u00e9 et la r\u00e9sistance que doivent avoir les v\u00eatements de travail. De plus, son mat\u00e9riau est imperm\u00e9able et la capuche peut \u00eatre retir\u00e9e si n\u00e9cessaire. Le 4494 est un mod\u00e8le jumeau du mod\u00e8le populaire 4491 et est id\u00e9al pour ceux qui n'ont pas besoin de la classe 2 et peuvent travailler avec la classe 1. Certifi\u00e9 selon la norme EN ISO 20471 classe 1. Certification combin\u00e9e groupe D.<\/p>\n<p>FERMETURE : Ceinture r\u00e9glable avec cordon de serrage. Poignets r\u00e9glables avec fermeture velcro. D\u00c9TAILS : Bonnes surfaces pour les finitions. Anneau en D. Capuche amovible. Col haut. FERMETURE FRONTALE : Fermeture \u00e0 glissi\u00e8re robuste en plastique. FONCTIONNALIT\u00c9 : R\u00e9sistant au vent &amp; \u00e0 l'eau, coutures non scell\u00e9es, respirant. TRAVAILLEURS PRINCIPAUX : Travailleurs de la route et du b\u00e2timent. EN ISO 20471. REFLEX : bandes r\u00e9fl\u00e9chissantes sur le corps et les manches. TISSU : Hommes. Jaune. Imperm\u00e9able. Protection haute visibilit\u00e9. POCHES : Poche de poitrine avec fermeture \u00e9clair et anneau en D. Poches avant avec fermetures \u00e0 glissi\u00e8re. INSTRUCTIONS DE LAVAGE : Nombre de lavages : 25. Ne pas repasser. CERTIFICATION : Groupe de certification D<\/p>\n<p>92% polyester, 8% \u00e9lasthanne, softshell 3 couches, imperm\u00e9able 11.000 mm, coupe-vent, respirant Ret 20,0, stretch, 255 g\/m<\/p>","protected":false},"excerpt":{"rendered":"<p>Eine leichte Softshell Jacke, die dank ihres Materials extrem weich, bequem und flexibel ist. Die Jacke ist zweifarbig mit Kontrastfarben an Schmutz-ausgesetzten Stellen f\u00fcr optimale Sichtbarkeit und Sicherheit, wenn sie am meisten ben\u00f6tigt wird. Daher kann sie Schmutz sehr gut widerstehen und bietet optimale Sichtbarkeit und Sicherheit, wenn sie am meisten ben\u00f6tigt wird. Diese zertifizierte [&hellip;]<\/p>\n","protected":false},"featured_media":596589,"template":"","meta":[],"product_brand":[],"product_cat":[4186],"product_tag":[],"class_list":{"0":"post-596556","1":"product","2":"type-product","3":"status-publish","4":"has-post-thumbnail","6":"product_cat-jacken","7":"pa_brand-blaklaeder","8":"pa_brand-type-workwear","9":"pa_filter-color-blau","10":"pa_filter-color-gelb","11":"pa_filter-color-orange","12":"pa_filter-color-rot","13":"pa_filter-color-schwarz","15":"first","16":"instock","17":"sale","18":"taxable","19":"shipping-taxable","20":"purchasable","21":"product-type-variable","22":"add-to-wishlist-before_image"},"exclude_global_add_ons":[],"addons":[],"acf":[],"_links":{"self":[{"href":"https:\/\/shop.kustom.ch\/fr\/wp-json\/wp\/v2\/product\/596556"}],"collection":[{"href":"https:\/\/shop.kustom.ch\/fr\/wp-json\/wp\/v2\/product"}],"about":[{"href":"https:\/\/shop.kustom.ch\/fr\/wp-json\/wp\/v2\/types\/product"}],"wp:featuredmedia":[{"embeddable":true,"href":"https:\/\/shop.kustom.ch\/fr\/wp-json\/wp\/v2\/media\/596589"}],"wp:attachment":[{"href":"https:\/\/shop.kustom.ch\/fr\/wp-json\/wp\/v2\/media?parent=596556"}],"wp:term":[{"taxonomy":"product_brand","embeddable":true,"href":"https:\/\/shop.kustom.ch\/fr\/wp-json\/wp\/v2\/product_brand?post=596556"},{"taxonomy":"product_cat","embeddable":true,"href":"https:\/\/shop.kustom.ch\/fr\/wp-json\/wp\/v2\/product_cat?post=596556"},{"taxonomy":"product_tag","embeddable":true,"href":"https:\/\/shop.kustom.ch\/fr\/wp-json\/wp\/v2\/product_tag?post=596556"}],"curies":[{"name":"wp","href":"https:\/\/api.w.org\/{rel}","templated":true}]}}