{"id":596497,"date":"2025-03-05T01:04:27","date_gmt":"2025-03-05T00:04:27","guid":{"rendered":"https:\/\/shop.kustom.ch\/?post_type=product&#038;p=596497"},"modified":"2026-03-31T09:01:29","modified_gmt":"2026-03-31T08:01:29","slug":"high-vis-softshell-jacke","status":"publish","type":"product","link":"https:\/\/shop.kustom.ch\/fr\/produit\/high-vis-softshell-jacke\/","title":{"rendered":"Veste Softshell haute visibilit\u00e9"},"content":{"rendered":"<p>Une veste softshell l\u00e9g\u00e8re qui, gr\u00e2ce \u00e0 son mat\u00e9riau, est extr\u00eamement douce, confortable et flexible. La veste est bicolore avec des couleurs contrast\u00e9es dans certaines zones pour une visibilit\u00e9 et une s\u00e9curit\u00e9 optimales lorsqu'elles sont le plus n\u00e9cessaires. Cette veste certifi\u00e9e haute visibilit\u00e9 est l\u00e9g\u00e8re et extensible au toucher et a l'\u00e9paisseur d'une veste de travail. De plus, le tissu est imperm\u00e9able \u00e0 l'eau et au vent et la capuche peut \u00eatre retir\u00e9e si n\u00e9cessaire. Certifi\u00e9e selon la norme EN ISO 20471, classe 2. Classe de certification C.<\/p>\n<p>FERMETURE : Ceinture r\u00e9glable avec cordon de serrage. Poignets r\u00e9glables avec fermeture velcro. D\u00c9TAILS : Bonnes surfaces pour les finitions. Anneau en D. Capuche amovible. Col haut. \u00c9paules de couleur contrast\u00e9e. FERMETURE FRONTALE : Fermeture \u00e0 glissi\u00e8re robuste en plastique. FONCTIONNALIT\u00c9 : Imperm\u00e9able au vent et \u00e0 l'eau, coutures non scell\u00e9es, respirant. CARACT\u00c9RISTIQUES PRINCIPALES : Conducteur. EN ISO 20471. REFLEX : D\u00e9tails r\u00e9fl\u00e9chissants. TISSU : Hommes. Jaune haute visibilit\u00e9. coupe-vent. Protection haute visibilit\u00e9. POCHES : Poche de poitrine avec fermeture \u00e9clair et anneau en D. Poches avant avec fermetures \u00e0 glissi\u00e8re. INSTRUCTIONS DE LAVAGE : Nombre de lavages : 25. Ne pas blanchir. CERTIFICATION : Les v\u00eatements de classe 2 et 3 en orange sont conformes \u00e0 la norme RIS-3279-TOM Issue 2.<\/p>\n<p>92% polyester, 8% \u00e9lasthanne, softshell 3 couches, imperm\u00e9able 11.000 mm, coupe-vent, respirant Ret 20,0, stretch, 255 g\/m<\/p>","protected":false},"excerpt":{"rendered":"<p>Eine leichte Softshell Jacke, die dank ihres Materials extrem weich, komfortabel und flexibel ist. Die Jacke ist zweifarbig mit Kontrastfarben in einigen Bereichen f\u00fcr optimale Sichtbarkeit und Sicherheit, wenn sie am meisten ben\u00f6tigt werden. Diese zertifizierte High Vis Jacke f\u00fchlt sich leicht und dehnbar an und hat die St\u00e4rke einer Arbeitsjacke. Zus\u00e4tzlich ist der Stoff [&hellip;]<\/p>\n","protected":false},"featured_media":596558,"template":"","meta":[],"product_brand":[],"product_cat":[4186],"product_tag":[],"class_list":{"0":"post-596497","1":"product","2":"type-product","3":"status-publish","4":"has-post-thumbnail","6":"product_cat-jacken","7":"pa_brand-blaklaeder","8":"pa_brand-type-workwear","9":"pa_filter-color-blau","10":"pa_filter-color-gelb","11":"pa_filter-color-grau","12":"pa_filter-color-orange","13":"pa_filter-color-rot","14":"pa_filter-color-schwarz","16":"first","17":"instock","18":"sale","19":"taxable","20":"shipping-taxable","21":"purchasable","22":"product-type-variable","23":"add-to-wishlist-before_image"},"exclude_global_add_ons":[],"addons":[],"acf":[],"_links":{"self":[{"href":"https:\/\/shop.kustom.ch\/fr\/wp-json\/wp\/v2\/product\/596497"}],"collection":[{"href":"https:\/\/shop.kustom.ch\/fr\/wp-json\/wp\/v2\/product"}],"about":[{"href":"https:\/\/shop.kustom.ch\/fr\/wp-json\/wp\/v2\/types\/product"}],"wp:featuredmedia":[{"embeddable":true,"href":"https:\/\/shop.kustom.ch\/fr\/wp-json\/wp\/v2\/media\/596558"}],"wp:attachment":[{"href":"https:\/\/shop.kustom.ch\/fr\/wp-json\/wp\/v2\/media?parent=596497"}],"wp:term":[{"taxonomy":"product_brand","embeddable":true,"href":"https:\/\/shop.kustom.ch\/fr\/wp-json\/wp\/v2\/product_brand?post=596497"},{"taxonomy":"product_cat","embeddable":true,"href":"https:\/\/shop.kustom.ch\/fr\/wp-json\/wp\/v2\/product_cat?post=596497"},{"taxonomy":"product_tag","embeddable":true,"href":"https:\/\/shop.kustom.ch\/fr\/wp-json\/wp\/v2\/product_tag?post=596497"}],"curies":[{"name":"wp","href":"https:\/\/api.w.org\/{rel}","templated":true}]}}