{"id":596474,"date":"2025-03-05T01:03:56","date_gmt":"2025-03-05T00:03:56","guid":{"rendered":"https:\/\/shop.kustom.ch\/?post_type=product&#038;p=596474"},"modified":"2026-03-31T09:01:25","modified_gmt":"2026-03-31T08:01:25","slug":"high-vis-winterparka-2","status":"publish","type":"product","link":"https:\/\/shop.kustom.ch\/fr\/produit\/high-vis-winterparka-2\/","title":{"rendered":"Parka d'hiver haute visibilit\u00e9"},"content":{"rendered":"<p>Une parka d'hiver haute visibilit\u00e9 de classe 1 qui vous tiendra chaud gr\u00e2ce \u00e0 sa finition et \u00e0 sa doublure matelass\u00e9e, et qui vous soutiendra dans votre travail. La parka est imperm\u00e9able au vent et \u00e0 l'eau avec des coutures scell\u00e9es et la capuche est amovible et peut \u00eatre utilis\u00e9e pour les casques et les protections auditives. Elle est r\u00e9glable \u00e0 la taille pour un confort personnalis\u00e9 et des fermetures \u00e9clair sur les c\u00f4t\u00e9s permettent d'acc\u00e9der aux poches int\u00e9rieures sans devoir ouvrir le devant et avoir froid.<\/p>\n<p>FERMETURE : Dos rallong\u00e9. Poignets r\u00e9glables avec fermeture velcro. D\u00c9TAILS : Bonnes surfaces pour les finitions. Anneau en D. Impression r\u00e9fl\u00e9chissante \u00e0 l'arri\u00e8re de la capuche. Capuche amovible et r\u00e9glable avec doublure chaude. Mousqueton en m\u00e9tal. Boutons en m\u00e9tal. Col doubl\u00e9 en polaire. Coutures soud\u00e9es. Fermeture \u00e9clair sur les c\u00f4t\u00e9s, recouverte d'une bande. Passants de chaque c\u00f4t\u00e9 de la poitrine pour microphones et autres \u00e9quipements. R\u00e9glable par cordon de serrage \u00e0 la taille. Manches raglan. FERMETURE FRONTALE : Double coupe-vent avec fermeture velcro, poign\u00e9e en hypalon avec transfert r\u00e9fl\u00e9chissant. FONCTIONNALIT\u00c9 : Mat\u00e9riau coupe-vent &amp; imperm\u00e9able avec respirabilit\u00e9, coutures soud\u00e9es. Manches pr\u00e9form\u00e9es. CARACTERISTIQUES PRINCIPALES : Conducteur. EN 343. REFLEX : Bandes r\u00e9fl\u00e9chissantes sur les \u00e9paules. TISSU : Hommes. Jaune. Respirabilit\u00e9 de la peau. Protection contre la haute visibilit\u00e9. POCHES : Poches ins\u00e9r\u00e9es avec fermeture \u00e9clair et doublure en polaire. Poche int\u00e9rieure en mesh. Poches avec fermeture \u00e9clair et doublure en polaire. Poche sur la manche pour les stylos. INSTRUCTIONS DE LAVAGE : Nombre de lavages : 25. Ne pas essorer. CERTIFICATION : Certifi\u00e9e EN 342 avec l'article 1875. EN 343, classe 4,1. groupe de certification D<\/p>\n<p>100% Polyester, Oxford, enduit, imperm\u00e9able 15.000 mm, coupe-vent, respirant Ret 8,5, 200g\/m<\/p>","protected":false},"excerpt":{"rendered":"<p>Ein High Vis Winterparka der Klasse 1, der Sie mit seiner Ausf\u00fchrung und einem gesteppten Futter warm h\u00e4lt und Sie bei der Arbeit unterst\u00fctzt. Der Parka ist wind- und wasserdicht mit versiegelten N\u00e4hten und die Kapuze ist abnehmbar und f\u00fcr Helme und Geh\u00f6rschutz geeignet. Er ist in der Taille verstellbar f\u00fcr individuellen Komfort und Reissverschl\u00fcsse [&hellip;]<\/p>\n","protected":false},"featured_media":596522,"template":"","meta":[],"product_brand":[],"product_cat":[4186],"product_tag":[],"class_list":{"0":"post-596474","1":"product","2":"type-product","3":"status-publish","4":"has-post-thumbnail","6":"product_cat-jacken","7":"pa_brand-blaklaeder","8":"pa_brand-type-workwear","9":"pa_filter-color-blau","10":"pa_filter-color-gelb","12":"first","13":"instock","14":"sale","15":"taxable","16":"shipping-taxable","17":"purchasable","18":"product-type-variable","19":"add-to-wishlist-before_image"},"exclude_global_add_ons":[],"addons":[],"acf":[],"_links":{"self":[{"href":"https:\/\/shop.kustom.ch\/fr\/wp-json\/wp\/v2\/product\/596474"}],"collection":[{"href":"https:\/\/shop.kustom.ch\/fr\/wp-json\/wp\/v2\/product"}],"about":[{"href":"https:\/\/shop.kustom.ch\/fr\/wp-json\/wp\/v2\/types\/product"}],"wp:featuredmedia":[{"embeddable":true,"href":"https:\/\/shop.kustom.ch\/fr\/wp-json\/wp\/v2\/media\/596522"}],"wp:attachment":[{"href":"https:\/\/shop.kustom.ch\/fr\/wp-json\/wp\/v2\/media?parent=596474"}],"wp:term":[{"taxonomy":"product_brand","embeddable":true,"href":"https:\/\/shop.kustom.ch\/fr\/wp-json\/wp\/v2\/product_brand?post=596474"},{"taxonomy":"product_cat","embeddable":true,"href":"https:\/\/shop.kustom.ch\/fr\/wp-json\/wp\/v2\/product_cat?post=596474"},{"taxonomy":"product_tag","embeddable":true,"href":"https:\/\/shop.kustom.ch\/fr\/wp-json\/wp\/v2\/product_tag?post=596474"}],"curies":[{"name":"wp","href":"https:\/\/api.w.org\/{rel}","templated":true}]}}