{"id":596430,"date":"2025-03-05T01:02:45","date_gmt":"2025-03-05T00:02:45","guid":{"rendered":"https:\/\/shop.kustom.ch\/?post_type=product&#038;p=596430"},"modified":"2026-03-31T09:01:15","modified_gmt":"2026-03-31T08:01:15","slug":"high-vis-winterjacke-2","status":"publish","type":"product","link":"https:\/\/shop.kustom.ch\/fr\/produit\/high-vis-winterjacke-2\/","title":{"rendered":"Veste d'hiver haute visibilit\u00e9"},"content":{"rendered":"<p>Une veste d'hiver tr\u00e8s r\u00e9sistante en haute visibilit\u00e9 classe 1. La veste a une doublure matelass\u00e9e, est imperm\u00e9able au vent et \u00e0 l'eau avec des coutures scell\u00e9es et a une coupe confortable et ample pour un confort suppl\u00e9mentaire. La capuche est amovible et peut \u00eatre utilis\u00e9e pour les casques et les cache-oreilles. \u00c9galement disponible en mod\u00e8le femme 4470.<\/p>\n<p>FERMETURE : Dos rallong\u00e9. Poignets r\u00e9glables avec fermeture velcro. D\u00c9TAILS : Fermeture \u00e0 glissi\u00e8re dans la doublure, pour une finition textile facile. Poche pour carte d'identit\u00e9 amovible. Impression r\u00e9fl\u00e9chissante \u00e0 l'arri\u00e8re de la capuche. Capuche pour casque et prot\u00e8ge-oreilles. Mousqueton en m\u00e9tal. Boutons en m\u00e9tal. Col haut avec fermeture \u00e9clair. Coutures soud\u00e9es. Passants de chaque c\u00f4t\u00e9 de la poitrine pour microphones et autres \u00e9quipements. Manches raglan. FERMETURE FRONTALE : Patte \u00e0 vent avec doublure en polaire \u00e0 l'int\u00e9rieur. FONCTIONNALIT\u00c9 : Insert en maille sur l'emmanchure. Manches pr\u00e9form\u00e9es. CARACT\u00c9RISTIQUES PRINCIPALES : Artisan. EN ISO 20471. REFLEX : Bandes r\u00e9fl\u00e9chissantes sur le corps et les manches. TISSU : Disponible pour hommes et femmes. jaune. imperm\u00e9able. Protection haute visibilit\u00e9. POCHES : Poche de poitrine avec fermeture \u00e0 glissi\u00e8re et anneau en D. Poche Napol\u00e9on \u00e0 l'int\u00e9rieur du coupe-vent. Poches de rangement avec fermeture \u00e9clair et doublure polaire. Poche sur la manche pour les stylos. INSTRUCTIONS DE LAVAGE : nombre de lavages : 25. Ne pas nettoyer \u00e0 sec. CERTIFICATION : Certifi\u00e9e EN 342 avec l'article 1875. EN 343, classe 4,1. groupe de certification D<\/p>\n<p>100% Polyester, Oxford, enduit, imperm\u00e9able 15.000 mm, coupe-vent, respirant Ret 8,5, 200g\/m<\/p>","protected":false},"excerpt":{"rendered":"<p>Eine sehr strapazierf\u00e4hige Winterjacke in High Vis Klasse 1. Die Jacke hat ein gestepptes Futter, ist wind- und wasserdicht mit versiegelten N\u00e4hten und hat eine bequeme, weitere Passform f\u00fcr zus\u00e4tzlichen Komfort. Die Kapuze ist abnehmbar und f\u00fcr Helme und Ohrensch\u00fctzer geeignet. Auch als Damenmodell 4470 erh\u00e4ltlich. ABSCHLUSS: Verl\u00e4ngerter R\u00fccken. Verstellbare \u00c4rmelb\u00fcndchen mit Klettverschluss. DETAILS: Reissverschluss [&hellip;]<\/p>\n","protected":false},"featured_media":596490,"template":"","meta":[],"product_brand":[],"product_cat":[4186],"product_tag":[],"class_list":{"0":"post-596430","1":"product","2":"type-product","3":"status-publish","4":"has-post-thumbnail","6":"product_cat-jacken","7":"pa_brand-blaklaeder","8":"pa_brand-type-workwear","9":"pa_filter-color-blau","10":"pa_filter-color-gelb","12":"first","13":"instock","14":"sale","15":"taxable","16":"shipping-taxable","17":"purchasable","18":"product-type-variable","19":"add-to-wishlist-before_image"},"exclude_global_add_ons":[],"addons":[],"acf":[],"_links":{"self":[{"href":"https:\/\/shop.kustom.ch\/fr\/wp-json\/wp\/v2\/product\/596430"}],"collection":[{"href":"https:\/\/shop.kustom.ch\/fr\/wp-json\/wp\/v2\/product"}],"about":[{"href":"https:\/\/shop.kustom.ch\/fr\/wp-json\/wp\/v2\/types\/product"}],"wp:featuredmedia":[{"embeddable":true,"href":"https:\/\/shop.kustom.ch\/fr\/wp-json\/wp\/v2\/media\/596490"}],"wp:attachment":[{"href":"https:\/\/shop.kustom.ch\/fr\/wp-json\/wp\/v2\/media?parent=596430"}],"wp:term":[{"taxonomy":"product_brand","embeddable":true,"href":"https:\/\/shop.kustom.ch\/fr\/wp-json\/wp\/v2\/product_brand?post=596430"},{"taxonomy":"product_cat","embeddable":true,"href":"https:\/\/shop.kustom.ch\/fr\/wp-json\/wp\/v2\/product_cat?post=596430"},{"taxonomy":"product_tag","embeddable":true,"href":"https:\/\/shop.kustom.ch\/fr\/wp-json\/wp\/v2\/product_tag?post=596430"}],"curies":[{"name":"wp","href":"https:\/\/api.w.org\/{rel}","templated":true}]}}