{"id":596391,"date":"2025-03-05T01:02:07","date_gmt":"2025-03-05T00:02:07","guid":{"rendered":"https:\/\/shop.kustom.ch\/?post_type=product&#038;p=596391"},"modified":"2026-03-31T09:01:10","modified_gmt":"2026-03-31T08:01:10","slug":"damen-high-vis-winterjacke-2","status":"publish","type":"product","link":"https:\/\/shop.kustom.ch\/fr\/produit\/damen-high-vis-winterjacke-2\/","title":{"rendered":"Veste d'hiver haute visibilit\u00e9 pour femmes"},"content":{"rendered":"<p>Une veste d'hiver tr\u00e8s r\u00e9sistante de classe 1 haute visibilit\u00e9 et de coupe f\u00e9minine. La veste a une doublure matelass\u00e9e, est imperm\u00e9able au vent et \u00e0 l'eau avec des coutures scell\u00e9es et a une coupe confortable, plus large et ajustable pour plus de confort. La capuche est amovible et peut \u00eatre utilis\u00e9e pour les casques et les cache-oreilles. \u00c9galement disponible en mod\u00e8le 4480 pour hommes.<\/p>\n<p>FERMETURE : Dos rallong\u00e9. Poignets r\u00e9glables avec fermeture velcro. D\u00c9TAILS : Fermeture \u00e0 glissi\u00e8re dans la doublure, pour une finition textile facile. Poche pour carte d'identit\u00e9 amovible. Impression r\u00e9fl\u00e9chissante \u00e0 l'arri\u00e8re de la capuche. Capuche pour casque et prot\u00e8ge-oreilles. Mousqueton en m\u00e9tal. Boutons en m\u00e9tal. Col haut avec fermeture \u00e9clair. Coutures soud\u00e9es. Passants de chaque c\u00f4t\u00e9 de la poitrine pour microphones et autres \u00e9quipements. Manches raglan. FERMETURE FRONTALE : Double coupe-vent avec fermeture velcro, poign\u00e9e en hypalon avec transfert r\u00e9fl\u00e9chissant. FONCTIONNALIT\u00c9 : Insert en mesh sur l'omoplate. Manches pr\u00e9form\u00e9es. TRAVAILLEURS PRINCIPAUX : Travailleurs de la route et du b\u00e2timent. EN 342. R\u00c9FLEXE : Bandes r\u00e9fl\u00e9chissantes de transfert de 50 mm de large. TISSU : Disponible pour hommes et femmes. bleu. coupe-vent. Protection haute visibilit\u00e9. POCHES : Poche poitrine avec fermeture \u00e9clair et anneau en D. Poche int\u00e9rieure avec fermeture \u00e9clair. Poches de rangement avec fermeture \u00e9clair et doublure polaire. Poche sur la manche pour les stylos. INSTRUCTIONS DE LAVAGE : Nombre de lavages : 25. Ne pas blanchir. CERTIFICATION : Certifi\u00e9e EN 342 avec l'article 1875. EN 343, classe 4,1. EN ISO 20471, classe 1.<\/p>\n<p>100% Polyester, Oxford, enduit, imperm\u00e9able 15.000 mm, coupe-vent, respirant Ret 8,5, 200g\/m<\/p>","protected":false},"excerpt":{"rendered":"<p>Eine sehr strapazierf\u00e4hige Winterjacke in High Vis Klasse 1 und Damenschnitt. Die Jacke hat ein gestepptes Futter, ist wind- und wasserdicht mit versiegelten N\u00e4hten und hat eine bequeme, weitere und verstellbare Passform f\u00fcr zus\u00e4tzlichen Komfort. Die Kapuze ist abnehmbar und f\u00fcr Helme und Ohrensch\u00fctzer geeignet. Auch als Herrenmodell 4480 erh\u00e4ltlich. ABSCHLUSS: Verl\u00e4ngerter R\u00fccken. Verstellbare \u00c4rmelb\u00fcndchen [&hellip;]<\/p>\n","protected":false},"featured_media":596438,"template":"","meta":[],"product_brand":[],"product_cat":[4186],"product_tag":[],"class_list":{"0":"post-596391","1":"product","2":"type-product","3":"status-publish","4":"has-post-thumbnail","6":"product_cat-jacken","7":"pa_brand-blaklaeder","8":"pa_brand-type-workwear","9":"pa_filter-color-blau","10":"pa_filter-color-gelb","12":"first","13":"instock","14":"sale","15":"taxable","16":"shipping-taxable","17":"purchasable","18":"product-type-variable","19":"add-to-wishlist-before_image"},"exclude_global_add_ons":[],"addons":[],"acf":[],"_links":{"self":[{"href":"https:\/\/shop.kustom.ch\/fr\/wp-json\/wp\/v2\/product\/596391"}],"collection":[{"href":"https:\/\/shop.kustom.ch\/fr\/wp-json\/wp\/v2\/product"}],"about":[{"href":"https:\/\/shop.kustom.ch\/fr\/wp-json\/wp\/v2\/types\/product"}],"wp:featuredmedia":[{"embeddable":true,"href":"https:\/\/shop.kustom.ch\/fr\/wp-json\/wp\/v2\/media\/596438"}],"wp:attachment":[{"href":"https:\/\/shop.kustom.ch\/fr\/wp-json\/wp\/v2\/media?parent=596391"}],"wp:term":[{"taxonomy":"product_brand","embeddable":true,"href":"https:\/\/shop.kustom.ch\/fr\/wp-json\/wp\/v2\/product_brand?post=596391"},{"taxonomy":"product_cat","embeddable":true,"href":"https:\/\/shop.kustom.ch\/fr\/wp-json\/wp\/v2\/product_cat?post=596391"},{"taxonomy":"product_tag","embeddable":true,"href":"https:\/\/shop.kustom.ch\/fr\/wp-json\/wp\/v2\/product_tag?post=596391"}],"curies":[{"name":"wp","href":"https:\/\/api.w.org\/{rel}","templated":true}]}}