{"id":596372,"date":"2025-03-05T01:02:04","date_gmt":"2025-03-05T00:02:04","guid":{"rendered":"https:\/\/shop.kustom.ch\/?post_type=product&#038;p=596372"},"modified":"2026-03-31T09:01:09","modified_gmt":"2026-03-31T08:01:09","slug":"high-vis-parka-evolution","status":"publish","type":"product","link":"https:\/\/shop.kustom.ch\/fr\/produit\/high-vis-parka-evolution\/","title":{"rendered":"Parka haute visibilit\u00e9 Evolution"},"content":{"rendered":"<p>Parka d'hiver haute visibilit\u00e9 doubl\u00e9e thermiquement, fabriqu\u00e9e dans un tissu coupe-vent et imperm\u00e9able de haute qualit\u00e9 et offrant une excellente respirabilit\u00e9. La veste est dot\u00e9e d'une doublure chaude et l\u00e9g\u00e8re en bouteilles de PET recycl\u00e9es. Pour un meilleur ajustement et confort, la veste a des manches pr\u00e9form\u00e9es, des a\u00e9rations sous les bras et une fermeture \u00e9clair \u00e0 double sens. Elle poss\u00e8de de nombreuses fonctions techniques telles que des coutures soud\u00e9es, un rabat coupe-vent, un coupe-vent autour de la nuque, des poignets avec trous pour les pouces, une capuche amovible et r\u00e9glable, une impression renforc\u00e9e, des bandes r\u00e9fl\u00e9chissantes et des poches doubl\u00e9es de polaire avec soufflet et pare-neige. En d'autres termes, elle a tout pour elle. Respirabilit\u00e9 de 20,000 g\/m\u00b2\/24h et imperm\u00e9abilit\u00e9 de 20,000 mm. Certifi\u00e9e EN ISO 20471 classe 3, EN 342 lorsqu'elle est combin\u00e9e avec l'article 1885, EN 343.<\/p>\n<p>FERMETURE : Dos \u00e9largi en bas, possibilit\u00e9 d'ouverture sur les c\u00f4t\u00e9s avec des fermetures \u00e9clair cach\u00e9es. Poignets r\u00e9glables avec ceinture int\u00e9rieure. D\u00c9TAILS : Capuche amovible et r\u00e9glable avec doublure chaude. Col particuli\u00e8rement haut dans le dos. Coutures soud\u00e9es. R\u00e9glable par cordon de serrage \u00e0 la taille. FERMETURE FRONTALE : Double coupe-vent avec fermeture velcro. FONCTIONNALIT\u00c9 : Mat\u00e9riau imperm\u00e9able au vent et \u00e0 l'eau avec respirabilit\u00e9, coutures soud\u00e9es. CARACT\u00c9RISTIQUES PRINCIPALES : Conducteur. EN 343. REFLEX : bandes r\u00e9fl\u00e9chissantes \u00e9lastiques de 50 mm de large. TISSU : pour hommes. Jaune haute visibilit\u00e9. Respirabilit\u00e9 de la peau. Protection contre la haute visibilit\u00e9. POCHES : Poches poitrine avec fermeture \u00e0 glissi\u00e8re. Poche pour documents \u00e0 l'avant. Poche int\u00e9rieure en mesh. Double poche avant avec rabat, la poche ext\u00e9rieure avec fermeture \u00e9clair cach\u00e9e et doublure en polaire, la poche du dessous avec protection contre la neige. INSTRUCTIONS DE LAVAGE : Nombre de lavages : 20. Ne pas blanchir. RENFORCEMENT : Renforc\u00e9 aux \u00e9paules, aux manches, \u00e0 l'ourlet et aux ouvertures des poches. CERTIFICATION : EN 342 avec art. 1885. EN 343, classe 3.1. EN ISO 20471, classe 3.<\/p>\n<p>100% Polyester, Dobby, enduit, Dermizax\u00ae, imperm\u00e9able 20.000 mm, coupe-vent, respirant 20.000 g\/m\u00b2\/24h, 200 g\/m<\/p>","protected":false},"excerpt":{"rendered":"<p>Thermogef\u00fctterter High Vis Winterparka aus einem hochqualitativen wind- und wasserdichten Stoff mit exzellenter Atmungsaktivit\u00e4t. Die Jacke hat ein warmes und leichtes Futter bestehend aus recycelten PET Flaschen. F\u00fcr bessere Passform und Komfort hat die Jacke vorgeformte \u00c4rmel, Bel\u00fcftung unter den Armen und einen Zwei-Wege-Reissverschluss. Sie besitzt viele technische Funktionen wie verschweisste N\u00e4hte, eine Windleiste, Windschutz [&hellip;]<\/p>\n","protected":false},"featured_media":596436,"template":"","meta":[],"product_brand":[],"product_cat":[4186],"product_tag":[],"class_list":{"0":"post-596372","1":"product","2":"type-product","3":"status-publish","4":"has-post-thumbnail","6":"product_cat-jacken","7":"pa_brand-blaklaeder","8":"pa_brand-type-workwear","9":"pa_filter-color-blau","10":"pa_filter-color-gelb","12":"first","13":"instock","14":"sale","15":"taxable","16":"shipping-taxable","17":"purchasable","18":"product-type-variable","19":"add-to-wishlist-before_image"},"exclude_global_add_ons":[],"addons":[],"acf":[],"_links":{"self":[{"href":"https:\/\/shop.kustom.ch\/fr\/wp-json\/wp\/v2\/product\/596372"}],"collection":[{"href":"https:\/\/shop.kustom.ch\/fr\/wp-json\/wp\/v2\/product"}],"about":[{"href":"https:\/\/shop.kustom.ch\/fr\/wp-json\/wp\/v2\/types\/product"}],"wp:featuredmedia":[{"embeddable":true,"href":"https:\/\/shop.kustom.ch\/fr\/wp-json\/wp\/v2\/media\/596436"}],"wp:attachment":[{"href":"https:\/\/shop.kustom.ch\/fr\/wp-json\/wp\/v2\/media?parent=596372"}],"wp:term":[{"taxonomy":"product_brand","embeddable":true,"href":"https:\/\/shop.kustom.ch\/fr\/wp-json\/wp\/v2\/product_brand?post=596372"},{"taxonomy":"product_cat","embeddable":true,"href":"https:\/\/shop.kustom.ch\/fr\/wp-json\/wp\/v2\/product_cat?post=596372"},{"taxonomy":"product_tag","embeddable":true,"href":"https:\/\/shop.kustom.ch\/fr\/wp-json\/wp\/v2\/product_tag?post=596372"}],"curies":[{"name":"wp","href":"https:\/\/api.w.org\/{rel}","templated":true}]}}