{"id":596370,"date":"2025-03-05T01:02:03","date_gmt":"2025-03-05T00:02:03","guid":{"rendered":"https:\/\/shop.kustom.ch\/?post_type=product&#038;p=596370"},"modified":"2026-03-31T09:01:03","modified_gmt":"2026-03-31T08:01:03","slug":"multinorm-winterparka","status":"publish","type":"product","link":"https:\/\/shop.kustom.ch\/fr\/produit\/multinorm-winterparka\/","title":{"rendered":"Parka d'hiver multi-normes"},"content":{"rendered":"<p>Une parka d'hiver ignifug\u00e9e, r\u00e9sistante et doubl\u00e9e, parfaite pour travailler dans des environnements expos\u00e9s et froids. Le col est \u00e9quip\u00e9 de boutons, ce qui vous permet d'utiliser la capuche 2169 (vendue s\u00e9par\u00e9ment).La parka r\u00e9sistante \u00e0 l'huile, \u00e0 la salet\u00e9 et \u00e0 l'eau poss\u00e8de deux boucles pour les d\u00e9tecteurs de gaz, une fermeture \u00e0 double sens, une taille r\u00e9glable, des poignets et des poches lat\u00e9rales. Le col est \u00e9quip\u00e9 de boutons, ce qui permet de fixer la capuche 2169 (vendue s\u00e9par\u00e9ment). Certifi\u00e9 selon EN ISO 20471. EN 1149-5, IEC 61482-2. EN ISO 11612. EN 342. EN ISO 11611. EN 13034.<\/p>\n<p>FERMETURE : Dos rallong\u00e9. Poignets r\u00e9glables avec fermeture velcro. D\u00c9TAILS : Anneau en D. \u00c9tiquettes de certification ext\u00e9rieures. Boutons dissimul\u00e9s. Col doubl\u00e9 en polaire. Boucles de chaque c\u00f4t\u00e9 de la poitrine pour le d\u00e9tecteur de gaz \/ l'oxyg\u00e9nom\u00e8tre \/ le microphone. Taille r\u00e9glable. FERMETURE FRONTALE : Fermeture \u00e0 glissi\u00e8re m\u00e9tallique \u00e0 double sens, renforc\u00e9e et dissimul\u00e9e. FONCTIONNALIT\u00c9 : R\u00e9sistant \u00e0 l'huile, \u00e0 la salet\u00e9 et \u00e0 l'eau. CARACT\u00c9RISTIQUES PRINCIPALES : Employ\u00e9 de service. EN ISO 11612. REFLEX : Bandes r\u00e9fl\u00e9chissantes ignifuges avec doubles coutures. TISSU : Hommes. Bleu. Anti-flamme. POCHES : Poches poitrine avec soufflet et rabat. Poche pour documents \u00e0 l'avant. Poche int\u00e9rieure avec fermeture velcro. Poches avant avec doublure en polaire. INSTRUCTIONS DE LAVAGE : Ne pas blanchir. CERTIFICATION : EN 1149-5. EN 13034 PB (6). EN 342 avec 1869-1514. EN 61482-2, APC 2. EN ISO 11611, classe 1 A1+A2. EN ISO 11612 A1, A2, B1, C1, E3, F1. EN ISO 20471, classe 3<\/p>\n<p>75% coton, 24% polyester, 1% antistatique, serg\u00e9, ignifug\u00e9, antistatique, 350 g\/m<\/p>","protected":false},"excerpt":{"rendered":"<p>Ein flammenhemmender, strapazierf\u00e4higer und gef\u00fctterter Winterparka, der sich perfekt f\u00fcr Arbeiten in exponierten und kalten Umgebungen eignet. Der Kragen ist mit Kn\u00f6pfen ausgestattet, so dass Sie die Kapuze 2169 (separat erh\u00e4ltlich) verwenden k\u00f6nnen.Der \u00f6l-, schmutz- und wasserabweisende Parka hat zwei Schlaufen f\u00fcr Gasmessger\u00e4te, einen Zwei-Wege-Verschluss, eine verstellbare Taille, B\u00fcndchen an den \u00c4rmelenden und Seitentaschen. Der [&hellip;]<\/p>\n","protected":false},"featured_media":596398,"template":"","meta":[],"product_brand":[],"product_cat":[4186],"product_tag":[],"class_list":{"0":"post-596370","1":"product","2":"type-product","3":"status-publish","4":"has-post-thumbnail","6":"product_cat-jacken","7":"pa_brand-blaklaeder","8":"pa_brand-type-workwear","9":"pa_filter-color-blau","10":"pa_filter-color-gelb","12":"first","13":"instock","14":"sale","15":"taxable","16":"shipping-taxable","17":"purchasable","18":"product-type-variable","19":"add-to-wishlist-before_image"},"exclude_global_add_ons":[],"addons":[],"acf":[],"_links":{"self":[{"href":"https:\/\/shop.kustom.ch\/fr\/wp-json\/wp\/v2\/product\/596370"}],"collection":[{"href":"https:\/\/shop.kustom.ch\/fr\/wp-json\/wp\/v2\/product"}],"about":[{"href":"https:\/\/shop.kustom.ch\/fr\/wp-json\/wp\/v2\/types\/product"}],"wp:featuredmedia":[{"embeddable":true,"href":"https:\/\/shop.kustom.ch\/fr\/wp-json\/wp\/v2\/media\/596398"}],"wp:attachment":[{"href":"https:\/\/shop.kustom.ch\/fr\/wp-json\/wp\/v2\/media?parent=596370"}],"wp:term":[{"taxonomy":"product_brand","embeddable":true,"href":"https:\/\/shop.kustom.ch\/fr\/wp-json\/wp\/v2\/product_brand?post=596370"},{"taxonomy":"product_cat","embeddable":true,"href":"https:\/\/shop.kustom.ch\/fr\/wp-json\/wp\/v2\/product_cat?post=596370"},{"taxonomy":"product_tag","embeddable":true,"href":"https:\/\/shop.kustom.ch\/fr\/wp-json\/wp\/v2\/product_tag?post=596370"}],"curies":[{"name":"wp","href":"https:\/\/api.w.org\/{rel}","templated":true}]}}