{"id":596329,"date":"2025-03-05T01:01:23","date_gmt":"2025-03-05T00:01:23","guid":{"rendered":"https:\/\/shop.kustom.ch\/?post_type=product&#038;p=596329"},"modified":"2026-03-31T09:01:02","modified_gmt":"2026-03-31T08:01:02","slug":"industrie-jacke-stretch-2","status":"publish","type":"product","link":"https:\/\/shop.kustom.ch\/fr\/produit\/industrie-jacke-stretch-2\/","title":{"rendered":"Veste industrielle stretch"},"content":{"rendered":"<p>Une veste lavable industriellement et qui ne gratte pas, en toile de coton confortable et flexible, avec un stretch \u00e0 deux sens. La veste est dot\u00e9e de d\u00e9tails r\u00e9fl\u00e9chissants pour \u00eatre vu en cas de besoin.<\/p>\n<p>FERMETURE : Poignets r\u00e9glables avec boutons m\u00e9talliques cach\u00e9s. D\u00c9TAILS : Anneau en D. Boutons-pression en m\u00e9tal. Col montant. Taille r\u00e9glable. FERMETURE AVANT : Fermeture avant avec boutons-pression m\u00e9talliques cach\u00e9s. FONCTIONNALIT\u00c9 : Anti-rayures. Manches pr\u00e9form\u00e9es. CARACT\u00c9RISTIQUES PRINCIPALES : Artisan. REFLEX : D\u00e9tails r\u00e9fl\u00e9chissants sur les manches. TISSU : Hommes. Bleu. Tissu stretch. Industrie \/ Service. POCHES : Poches poitrine avec soufflet et rabat. Poche int\u00e9rieure avec poche zipp\u00e9e cach\u00e9e. Poche sur la manche avec poche pour stylo. INSTRUCTIONS DE LAVAGE : Repassage - moyen. LAVAGE : lavage industriel EN ISO 15797<\/p>\n<p>98% coton, 2% \u00e9lastol\u00e9fine, toile, 285 g\/m<\/p>","protected":false},"excerpt":{"rendered":"<p>Eine industriell waschbare und kratzfreie Jacke aus gem\u00fctlichem, flexiblen Baumwoll-Canvas mit Zwei-Wege-Stretch. Die Jacke hat reflektierende Details, damit Sie bei Bedarf gesehen werden. ABSCHLUSS: Verstellbarer Armabschluss mit versteckten Metallkn\u00f6pfen. DETAILS: D-Ring. Metall-Druckkn\u00f6pfe. Stehkragen. Verstellbare Taille. FRONTVERSCHLUSS: Frontverschluss mit verdeckten Metall-Druckkn\u00f6pfen. FUNKTIONALIT\u00c4T: Kratzfrei. Vorgeformte \u00c4rmel. HAUPTEIGENSCHAFTEN: Handwerker. REFLEX: Reflektierende Details an den \u00c4rmeln. STOFF: Herren. blau. [&hellip;]<\/p>\n","protected":false},"featured_media":596359,"template":"","meta":[],"product_brand":[],"product_cat":[4186],"product_tag":[],"class_list":{"0":"post-596329","1":"product","2":"type-product","3":"status-publish","4":"has-post-thumbnail","6":"product_cat-jacken","7":"pa_brand-blaklaeder","8":"pa_brand-type-workwear","9":"pa_filter-color-blau","10":"pa_filter-color-grau","11":"pa_filter-color-schwarz","13":"first","14":"instock","15":"sale","16":"taxable","17":"shipping-taxable","18":"purchasable","19":"product-type-variable","20":"add-to-wishlist-before_image"},"exclude_global_add_ons":[],"addons":[],"acf":[],"_links":{"self":[{"href":"https:\/\/shop.kustom.ch\/fr\/wp-json\/wp\/v2\/product\/596329"}],"collection":[{"href":"https:\/\/shop.kustom.ch\/fr\/wp-json\/wp\/v2\/product"}],"about":[{"href":"https:\/\/shop.kustom.ch\/fr\/wp-json\/wp\/v2\/types\/product"}],"wp:featuredmedia":[{"embeddable":true,"href":"https:\/\/shop.kustom.ch\/fr\/wp-json\/wp\/v2\/media\/596359"}],"wp:attachment":[{"href":"https:\/\/shop.kustom.ch\/fr\/wp-json\/wp\/v2\/media?parent=596329"}],"wp:term":[{"taxonomy":"product_brand","embeddable":true,"href":"https:\/\/shop.kustom.ch\/fr\/wp-json\/wp\/v2\/product_brand?post=596329"},{"taxonomy":"product_cat","embeddable":true,"href":"https:\/\/shop.kustom.ch\/fr\/wp-json\/wp\/v2\/product_cat?post=596329"},{"taxonomy":"product_tag","embeddable":true,"href":"https:\/\/shop.kustom.ch\/fr\/wp-json\/wp\/v2\/product_tag?post=596329"}],"curies":[{"name":"wp","href":"https:\/\/api.w.org\/{rel}","templated":true}]}}