{"id":596288,"date":"2025-03-05T00:40:17","date_gmt":"2025-03-04T23:40:17","guid":{"rendered":"https:\/\/shop.kustom.ch\/?post_type=product&#038;p=596288"},"modified":"2026-03-31T09:01:01","modified_gmt":"2026-03-31T08:01:01","slug":"high-vis-winterparka","status":"publish","type":"product","link":"https:\/\/shop.kustom.ch\/fr\/produit\/high-vis-winterparka\/","title":{"rendered":"Parka d'hiver haute visibilit\u00e9"},"content":{"rendered":"<p>Une parka d'hiver haute visibilit\u00e9 de classe 3 qui vous tiendra chaud gr\u00e2ce \u00e0 sa finition et \u00e0 sa doublure matelass\u00e9e, et qui vous aidera \u00e0 travailler. La parka est imperm\u00e9able au vent et \u00e0 l'eau avec des coutures scell\u00e9es et la capuche est amovible et peut \u00eatre utilis\u00e9e pour les casques et les protections auditives. Elle est r\u00e9glable \u00e0 la taille pour un confort personnalis\u00e9 et des fermetures \u00e9clair sur les c\u00f4t\u00e9s permettent d'acc\u00e9der aux poches int\u00e9rieures sans devoir ouvrir le devant et avoir froid.<\/p>\n<p>FERMETURE : Dos rallong\u00e9. Poignets r\u00e9glables avec fermeture velcro. D\u00c9TAILS : Fermeture \u00e0 glissi\u00e8re dans la doublure, pour une finition textile facile. Poche pour carte d'identit\u00e9 amovible. Impression r\u00e9fl\u00e9chissante \u00e0 l'arri\u00e8re de la capuche. Capuche pour casque et prot\u00e8ge-oreilles. Mousqueton en m\u00e9tal. Boutons en m\u00e9tal. Col doubl\u00e9 en polaire. Coutures soud\u00e9es. Fermeture \u00e9clair sur les c\u00f4t\u00e9s, recouverte d'une bande. Passants de chaque c\u00f4t\u00e9 de la poitrine pour microphones et autres \u00e9quipements. R\u00e9glable par cordon de serrage \u00e0 la taille. Manches raglan. FERMETURE FRONTALE : Patte \u00e0 vent avec doublure en polaire \u00e0 l'int\u00e9rieur. FONCTIONNALIT\u00c9 : Champs de couleur fonc\u00e9e dans les zones expos\u00e9es \u00e0 la salet\u00e9. Manches pr\u00e9form\u00e9es. CARACT\u00c9RISTIQUES PRINCIPALES : Artisan. RIS-3279-TOM . REFLEX : Bandes r\u00e9fl\u00e9chissantes sur le corps et les manches. TISSU : Hommes. Bleu. Imperm\u00e9able. Protection haute visibilit\u00e9. POCHES : Poches ins\u00e9r\u00e9es avec fermeture \u00e0 glissi\u00e8re et doublure en polaire. Poche int\u00e9rieure en mesh. Poches de rangement avec fermeture \u00e9clair et doublure en polaire. Poche sur la manche pour les stylos. INSTRUCTIONS DE LAVAGE : Nombre de lavages : 20. 40\u00b0 C. CERTIFICATION : Certifi\u00e9e EN 342 avec l'article 1875. EN 343, classe 4,1. groupe de certification B -&gt;M<\/p>\n<p>100% Polyester, serg\u00e9, stretch, enduit, \u00e9tanche \u00e0 l'eau 11.000mm, coupe-vent, respirant Ret 6,3, 150 g\/m\u00b2.<\/p>","protected":false},"excerpt":{"rendered":"<p>Ein High Vis Winterparka der Klasse 3, der Sie mit seiner Ausf\u00fchrung und einem gesteppten Futter warm h\u00e4lt und Sie bei der Arbeit unterst\u00fctzt. Der Parka ist wind- und wasserdicht mit versiegelten N\u00e4hten und die Kapuze ist abnehmbar und f\u00fcr Helme und Geh\u00f6rschutz geeignet. Er ist in der Taille verstellbar f\u00fcr individuellen Komfort und Reissverschl\u00fcsse [&hellip;]<\/p>\n","protected":false},"featured_media":596324,"template":"","meta":[],"product_brand":[],"product_cat":[4186],"product_tag":[],"class_list":{"0":"post-596288","1":"product","2":"type-product","3":"status-publish","4":"has-post-thumbnail","6":"product_cat-jacken","7":"pa_brand-blaklaeder","8":"pa_brand-type-workwear","9":"pa_filter-color-blau","10":"pa_filter-color-gelb","11":"pa_filter-color-orange","12":"pa_filter-color-rot","13":"pa_filter-color-schwarz","15":"first","16":"instock","17":"sale","18":"taxable","19":"shipping-taxable","20":"purchasable","21":"product-type-variable","22":"add-to-wishlist-before_image"},"exclude_global_add_ons":[],"addons":[],"acf":[],"_links":{"self":[{"href":"https:\/\/shop.kustom.ch\/fr\/wp-json\/wp\/v2\/product\/596288"}],"collection":[{"href":"https:\/\/shop.kustom.ch\/fr\/wp-json\/wp\/v2\/product"}],"about":[{"href":"https:\/\/shop.kustom.ch\/fr\/wp-json\/wp\/v2\/types\/product"}],"wp:featuredmedia":[{"embeddable":true,"href":"https:\/\/shop.kustom.ch\/fr\/wp-json\/wp\/v2\/media\/596324"}],"wp:attachment":[{"href":"https:\/\/shop.kustom.ch\/fr\/wp-json\/wp\/v2\/media?parent=596288"}],"wp:term":[{"taxonomy":"product_brand","embeddable":true,"href":"https:\/\/shop.kustom.ch\/fr\/wp-json\/wp\/v2\/product_brand?post=596288"},{"taxonomy":"product_cat","embeddable":true,"href":"https:\/\/shop.kustom.ch\/fr\/wp-json\/wp\/v2\/product_cat?post=596288"},{"taxonomy":"product_tag","embeddable":true,"href":"https:\/\/shop.kustom.ch\/fr\/wp-json\/wp\/v2\/product_tag?post=596288"}],"curies":[{"name":"wp","href":"https:\/\/api.w.org\/{rel}","templated":true}]}}