{"id":596116,"date":"2025-03-05T00:37:27","date_gmt":"2025-03-04T23:37:27","guid":{"rendered":"https:\/\/shop.kustom.ch\/?post_type=product&#038;p=596116"},"modified":"2026-03-31T09:00:31","modified_gmt":"2026-03-31T08:00:31","slug":"damen-high-vis-shell-jacke-2","status":"publish","type":"product","link":"https:\/\/shop.kustom.ch\/fr\/produit\/damen-high-vis-shell-jacke-2\/","title":{"rendered":"Veste femme High Vis Shell"},"content":{"rendered":"<p>Une veste shell de coupe f\u00e9minine, classe 2 haute visibilit\u00e9, qui vous rend visible lorsque vous en avez le plus besoin. La veste est imperm\u00e9able au vent et \u00e0 l'eau et a des coutures scell\u00e9es. La capuche est amovible et peut \u00eatre utilis\u00e9e pour les casques et les cache-oreilles. La veste poss\u00e8de une fermeture \u00e9clair \u00e0 double sens sur le devant et une ventilation \u00e0 l'arri\u00e8re. \u00c9galement disponible en mod\u00e8le 4435 pour hommes.<\/p>\n<p>FERMETURE : Ceinture r\u00e9glable avec cordon de serrage. Poignet int\u00e9rieur avec trou pour le pouce. D\u00c9TAILS : Bonnes surfaces pour les finitions. Anneau en D. Capuche amovible et r\u00e9glable avec doublure en maille. Mousqueton en m\u00e9tal. Boutons en m\u00e9tal. Col haut avec fermeture \u00e0 glissi\u00e8re. Coutures soud\u00e9es. Passants de chaque c\u00f4t\u00e9 de la poitrine pour microphones et autres \u00e9quipements. Manches raglan. FERMETURE FRONTALE : Pare-vent avec fermeture velcro, poign\u00e9e en hypalon avec transfert r\u00e9fl\u00e9chissant. FONCTIONNALIT\u00c9 : A\u00e9ration dans le dos. Manches pr\u00e9form\u00e9es. CARACT\u00c9RISTIQUES PRINCIPALES : Artisan. RIS-3279-TOM . REFLEX : Bandes r\u00e9fl\u00e9chissantes sur le corps et les manches. TISSU : Disponible pour hommes et femmes. bleu. coupe-vent. Protection contre la haute visibilit\u00e9. PORTEFEUILLE : Poche de poitrine avec fermeture \u00e9clair et anneau en D. Poche Napol\u00e9on \u00e0 l'int\u00e9rieur du coupe-vent. Poches de rangement avec fermeture \u00e9clair et doublure polaire. Poche sur la manche pour les stylos. INSTRUCTIONS DE LAVAGE : nombre de lavages : 20. Ne pas repasser. CERTIFICATION : EN 343, classe 4,4. Les v\u00eatements de classe 2 et 3 en orange sont conformes \u00e0 la norme RIS-3279-TOM Issue 2.<\/p>\n<p>100% Polyester, serg\u00e9, stretch, enduit, \u00e9tanche \u00e0 l'eau 11.000mm, coupe-vent, respirant Ret 6,3, 150 g\/m\u00b2.<\/p>","protected":false},"excerpt":{"rendered":"<p>Eine Shell Jacke im Damenschnitt, Klasse 2 High Vis, die Sie sichtbar macht, wenn Sie es am meisten brauchen. Die Jacke ist wind- und wasserdicht und hat versiegelte N\u00e4hte. Die Kapuze ist abnehmbar und f\u00fcr Helme und Ohrensch\u00fctzer geeignet. Die Jacke besitzt einen Zwei-Wege-Reissverschluss an der Vorderseite und Bel\u00fcftung an der R\u00fcckseite. Auch als Herrenmodell [&hellip;]<\/p>\n","protected":false},"featured_media":596154,"template":"","meta":[],"product_brand":[],"product_cat":[4186],"product_tag":[],"class_list":{"0":"post-596116","1":"product","2":"type-product","3":"status-publish","4":"has-post-thumbnail","6":"product_cat-jacken","7":"pa_brand-blaklaeder","8":"pa_brand-type-workwear","9":"pa_filter-color-blau","10":"pa_filter-color-gelb","11":"pa_filter-color-orange","12":"pa_filter-color-rot","13":"pa_filter-color-schwarz","15":"first","16":"instock","17":"sale","18":"taxable","19":"shipping-taxable","20":"purchasable","21":"product-type-variable","22":"add-to-wishlist-before_image"},"exclude_global_add_ons":[],"addons":[],"acf":[],"_links":{"self":[{"href":"https:\/\/shop.kustom.ch\/fr\/wp-json\/wp\/v2\/product\/596116"}],"collection":[{"href":"https:\/\/shop.kustom.ch\/fr\/wp-json\/wp\/v2\/product"}],"about":[{"href":"https:\/\/shop.kustom.ch\/fr\/wp-json\/wp\/v2\/types\/product"}],"wp:featuredmedia":[{"embeddable":true,"href":"https:\/\/shop.kustom.ch\/fr\/wp-json\/wp\/v2\/media\/596154"}],"wp:attachment":[{"href":"https:\/\/shop.kustom.ch\/fr\/wp-json\/wp\/v2\/media?parent=596116"}],"wp:term":[{"taxonomy":"product_brand","embeddable":true,"href":"https:\/\/shop.kustom.ch\/fr\/wp-json\/wp\/v2\/product_brand?post=596116"},{"taxonomy":"product_cat","embeddable":true,"href":"https:\/\/shop.kustom.ch\/fr\/wp-json\/wp\/v2\/product_cat?post=596116"},{"taxonomy":"product_tag","embeddable":true,"href":"https:\/\/shop.kustom.ch\/fr\/wp-json\/wp\/v2\/product_tag?post=596116"}],"curies":[{"name":"wp","href":"https:\/\/api.w.org\/{rel}","templated":true}]}}