{"id":596054,"date":"2025-03-05T00:36:11","date_gmt":"2025-03-04T23:36:11","guid":{"rendered":"https:\/\/shop.kustom.ch\/?post_type=product&#038;p=596054"},"modified":"2026-03-31T09:00:30","modified_gmt":"2026-03-31T08:00:30","slug":"high-vis-shell-jacke-3","status":"publish","type":"product","link":"https:\/\/shop.kustom.ch\/fr\/produit\/high-vis-shell-jacke-3\/","title":{"rendered":"Veste High Vis Shell"},"content":{"rendered":"<p>Une veste shell de classe 3 haute visibilit\u00e9 qui vous permet de rester visible lorsque vous en avez le plus besoin. La veste est \u00e9tanche au vent et \u00e0 l'eau avec des coutures scell\u00e9es, et la capuche est amovible et peut \u00eatre utilis\u00e9e pour les casques et les cache-oreilles. Elle dispose d'une ventilation \u00e0 l'arri\u00e8re. \u00c9galement disponible en mod\u00e8le femme 4436.<\/p>\n<p>FERMETURE : Ceinture r\u00e9glable avec cordon de serrage. Poignet int\u00e9rieur avec trou pour le pouce. D\u00c9TAILS : Bonnes surfaces pour les finitions. Anneau en D. Impression r\u00e9fl\u00e9chissante \u00e0 l'arri\u00e8re de la capuche. Capuche amovible et r\u00e9glable avec doublure en mesh. Mousqueton en m\u00e9tal. Boutons en m\u00e9tal. Col doubl\u00e9 en polaire. Coutures soud\u00e9es. Passants de chaque c\u00f4t\u00e9 de la poitrine pour microphones et autres \u00e9quipements. Manches raglan. FERMETURE FRONTALE : Patte \u00e0 vent avec doublure en polaire \u00e0 l'int\u00e9rieur. FONCTIONNALIT\u00c9 : Mat\u00e9riau coupe-vent &amp; imperm\u00e9able avec respirabilit\u00e9, coutures soud\u00e9es. Manches pr\u00e9form\u00e9es. CARACTERISTIQUES PRINCIPALES : Conducteur. RIS-3279-TOM . REFLEX : bandes r\u00e9fl\u00e9chissantes sur le corps et les manches. TISSU : Disponible pour hommes et femmes. Jaune haute visibilit\u00e9. Imperm\u00e9able. Protection contre la haute visibilit\u00e9. POCHE : Poche de poitrine avec fermeture \u00e0 glissi\u00e8re et anneau en D. Poche int\u00e9rieure en mesh. Poches de rangement avec fermeture \u00e9clair et doublure en polaire. Poche sur la manche pour les stylos. INSTRUCTIONS DE LAVAGE : Nombre de lavages : 20. 40\u00b0 C. CERTIFICATION : EN 343, classe 4,4. groupe de certification B<\/p>\n<p>100% Polyester, serg\u00e9, stretch, enduit, \u00e9tanche \u00e0 l'eau 11.000mm, coupe-vent, respirant Ret 6,3, 150 g\/m\u00b2.<\/p>","protected":false},"excerpt":{"rendered":"<p>Eine Shell Jacke in Klasse 3 High Vis, die Sie sichtbar h\u00e4lt, wenn Sie es am meisten brauchen. Die Jacke ist wind- und wasserdicht mit versiegelten N\u00e4hten, und die Kapuze ist abnehmbar und f\u00fcr Helme und Ohrensch\u00fctzer geeignet. Sie hat eine Bel\u00fcftung an der R\u00fcckseite. Auch als Damenmodell 4436 erh\u00e4ltlich. ABSCHLUSS: Verstellbarer Bund mit Kordelzug. [&hellip;]<\/p>\n","protected":false},"featured_media":596121,"template":"","meta":[],"product_brand":[],"product_cat":[4186],"product_tag":[],"class_list":{"0":"post-596054","1":"product","2":"type-product","3":"status-publish","4":"has-post-thumbnail","6":"product_cat-jacken","7":"pa_brand-blaklaeder","8":"pa_brand-type-workwear","9":"pa_filter-color-blau","10":"pa_filter-color-gelb","11":"pa_filter-color-orange","12":"pa_filter-color-rot","13":"pa_filter-color-schwarz","15":"first","16":"instock","17":"sale","18":"taxable","19":"shipping-taxable","20":"purchasable","21":"product-type-variable","22":"add-to-wishlist-before_image"},"exclude_global_add_ons":[],"addons":[],"acf":[],"_links":{"self":[{"href":"https:\/\/shop.kustom.ch\/fr\/wp-json\/wp\/v2\/product\/596054"}],"collection":[{"href":"https:\/\/shop.kustom.ch\/fr\/wp-json\/wp\/v2\/product"}],"about":[{"href":"https:\/\/shop.kustom.ch\/fr\/wp-json\/wp\/v2\/types\/product"}],"wp:featuredmedia":[{"embeddable":true,"href":"https:\/\/shop.kustom.ch\/fr\/wp-json\/wp\/v2\/media\/596121"}],"wp:attachment":[{"href":"https:\/\/shop.kustom.ch\/fr\/wp-json\/wp\/v2\/media?parent=596054"}],"wp:term":[{"taxonomy":"product_brand","embeddable":true,"href":"https:\/\/shop.kustom.ch\/fr\/wp-json\/wp\/v2\/product_brand?post=596054"},{"taxonomy":"product_cat","embeddable":true,"href":"https:\/\/shop.kustom.ch\/fr\/wp-json\/wp\/v2\/product_cat?post=596054"},{"taxonomy":"product_tag","embeddable":true,"href":"https:\/\/shop.kustom.ch\/fr\/wp-json\/wp\/v2\/product_tag?post=596054"}],"curies":[{"name":"wp","href":"https:\/\/api.w.org\/{rel}","templated":true}]}}