{"id":596003,"date":"2025-03-05T00:35:30","date_gmt":"2025-03-04T23:35:30","guid":{"rendered":"https:\/\/shop.kustom.ch\/?post_type=product&#038;p=596003"},"modified":"2026-03-31T09:00:00","modified_gmt":"2026-03-31T08:00:00","slug":"damen-high-vis-softshell-jacke","status":"publish","type":"product","link":"https:\/\/shop.kustom.ch\/fr\/produit\/damen-high-vis-softshell-jacke\/","title":{"rendered":"Veste Softshell haute visibilit\u00e9 pour femmes"},"content":{"rendered":"<p>Une veste softshell l\u00e9g\u00e8re de coupe f\u00e9minine fabriqu\u00e9e dans un mat\u00e9riau qui la rend extr\u00eamement douce, souple et confortable. Cette veste haute visibilit\u00e9 est dot\u00e9e d'une poche de poitrine et d'une fermeture \u00e9clair \u00e0 double sens sur le devant. Elle offre \u00e0 la fois la sensation de l\u00e9g\u00e8ret\u00e9 et d'\u00e9lasticit\u00e9 et la r\u00e9sistance d'un bon v\u00eatement de travail. Elle est \u00e9galement coupe-vent, imperm\u00e9able et respirante. Il est dot\u00e9 d'une capuche amovible. \u00c9galement disponible en mod\u00e8le pour hommes 4494.<\/p>\n<p>FERMETURE : Ceinture r\u00e9glable avec cordon de serrage. Poignets r\u00e9glables avec fermeture velcro. D\u00c9TAILS : Bonnes surfaces pour les finitions. Anneau en D. Capuche amovible. Col haut. FERMETURE FRONTALE : Fermeture \u00e0 glissi\u00e8re robuste \u00e0 double sens en plastique. FONCTIONNALIT\u00c9 : Imperm\u00e9able au vent et \u00e0 l'eau, coutures non scell\u00e9es, respirant. CARACT\u00c9RISTIQUES PRINCIPALES : Artisan. EN ISO 20471. REFLEX : Bandes r\u00e9fl\u00e9chissantes de transfert de 50 mm de large. TISSU : Disponible pour hommes et femmes. bleu. coupe-vent. Protection haute visibilit\u00e9. POCHES : Poche de poitrine avec fermeture \u00e9clair et anneau en D. Poches avant avec fermetures \u00e0 glissi\u00e8re. INSTRUCTIONS DE LAVAGE : Nombre de lavages : 25. 40\u00b0 C. CERTIFICATION : EN ISO 20471, classe 1<\/p>\n<p>92% polyester, 8% \u00e9lasthanne, softshell 3 couches, imperm\u00e9able 11.000 mm, coupe-vent, respirant Ret 20,0, stretch, 255 g\/m<\/p>","protected":false},"excerpt":{"rendered":"<p>Eine leichte Softshell-Jacke im Damenschnitt aus einem Material, das sie extrem weich, geschmeidig und bequem macht. Diese High Vis Jacke hat eine Brusttasche und einen Zwei-Wege-Reissverschluss auf der Vorderseite und bietet sowohl das leichte, elastische Gef\u00fchl als auch die Strapazierf\u00e4higkeit eines guten Arbeits-Kleidungsst\u00fccks. Ausserdem ist sie winddicht, wasserdicht und atmungsaktiv. Sie hat eine abnehmbare Kapuze. [&hellip;]<\/p>\n","protected":false},"featured_media":530666,"template":"","meta":[],"product_brand":[],"product_cat":[4186],"product_tag":[],"class_list":{"0":"post-596003","1":"product","2":"type-product","3":"status-publish","4":"has-post-thumbnail","6":"product_cat-jacken","7":"pa_brand-blaklaeder","8":"pa_brand-type-workwear","9":"pa_filter-color-blau","10":"pa_filter-color-gelb","11":"pa_filter-color-orange","12":"pa_filter-color-rot","13":"pa_filter-color-schwarz","15":"first","16":"instock","17":"sale","18":"taxable","19":"shipping-taxable","20":"purchasable","21":"product-type-variable","22":"add-to-wishlist-before_image"},"exclude_global_add_ons":[],"addons":[],"acf":[],"_links":{"self":[{"href":"https:\/\/shop.kustom.ch\/fr\/wp-json\/wp\/v2\/product\/596003"}],"collection":[{"href":"https:\/\/shop.kustom.ch\/fr\/wp-json\/wp\/v2\/product"}],"about":[{"href":"https:\/\/shop.kustom.ch\/fr\/wp-json\/wp\/v2\/types\/product"}],"wp:featuredmedia":[{"embeddable":true,"href":"https:\/\/shop.kustom.ch\/fr\/wp-json\/wp\/v2\/media\/530666"}],"wp:attachment":[{"href":"https:\/\/shop.kustom.ch\/fr\/wp-json\/wp\/v2\/media?parent=596003"}],"wp:term":[{"taxonomy":"product_brand","embeddable":true,"href":"https:\/\/shop.kustom.ch\/fr\/wp-json\/wp\/v2\/product_brand?post=596003"},{"taxonomy":"product_cat","embeddable":true,"href":"https:\/\/shop.kustom.ch\/fr\/wp-json\/wp\/v2\/product_cat?post=596003"},{"taxonomy":"product_tag","embeddable":true,"href":"https:\/\/shop.kustom.ch\/fr\/wp-json\/wp\/v2\/product_tag?post=596003"}],"curies":[{"name":"wp","href":"https:\/\/api.w.org\/{rel}","templated":true}]}}