{"id":595802,"date":"2025-03-05T00:31:20","date_gmt":"2025-03-04T23:31:20","guid":{"rendered":"https:\/\/shop.kustom.ch\/?post_type=product&#038;p=595802"},"modified":"2026-03-31T08:59:34","modified_gmt":"2026-03-31T07:59:34","slug":"flammschutz-regenmantel-level-2","status":"publish","type":"product","link":"https:\/\/shop.kustom.ch\/fr\/produit\/flammschutz-regenmantel-level-2\/","title":{"rendered":"Manteau de pluie ignifug\u00e9 niveau 2"},"content":{"rendered":"<p>Cet imperm\u00e9able a tout ce dont vous avez besoin pour travailler dans des environnements expos\u00e9s. Le manteau ignifug\u00e9 en haute visibilit\u00e9 et en mat\u00e9riau solide avec un facteur de protection \u00e9lev\u00e9 a, en plus des propri\u00e9t\u00e9s donn\u00e9es d'imperm\u00e9abilit\u00e9 au vent et \u00e0 l'eau avec des coutures soud\u00e9es, de nombreuses caract\u00e9ristiques sp\u00e9cialement adapt\u00e9es qui vous aideront dans votre travail. Il est dot\u00e9 d'une capuche amovible et r\u00e9glable et d'un col doux doubl\u00e9 de polaire. Le manteau est \u00e9quip\u00e9 de poches avant facilement accessibles avec rabats et boutons-pression, d'une poche Napol\u00e9on \u00e0 l'int\u00e9rieur de la fermeture frontale et d'une poche amovible pour carte d'identit\u00e9. Une fermeture \u00e0 glissi\u00e8re bidirectionnelle cach\u00e9e et solide jusqu'au col, des boutons cach\u00e9s et la patte de boutonnage temp\u00eate emp\u00eachent l'humidit\u00e9 de p\u00e9n\u00e9trer. Bonne coupe et poignets r\u00e9glables par velcro. Certifi\u00e9 selon EN 1149-5. EN ISO 20471. EN 343. EN ISO 14116. IEC 61482-2.<\/p>\n<p>FERMETURE : Poignets r\u00e9glables avec velcro. D\u00c9TAILS : Anneau en D. Bandes r\u00e9fl\u00e9chissantes imprim\u00e9es. Capuche amovible et r\u00e9glable. Boutons dissimul\u00e9s. Col haut avec fermeture \u00e9clair. Coutures soud\u00e9es. FERMETURE FRONTALE : Patte \u00e0 vent avec boutons. FONCTIONNALIT\u00c9 : Imperm\u00e9able au vent et \u00e0 l'eau avec coutures soud\u00e9es. CARACT\u00c9RISTIQUES PRINCIPALES : Artisan. EN 1149-5. REFLEX : Bandes r\u00e9fl\u00e9chissantes imprim\u00e9es. TISSU : Hommes. Bleu. Imperm\u00e9able. Protection contre les flammes. POCHES : Poche Napol\u00e9on \u00e0 l'int\u00e9rieur du rabat. Poches avant avec rabats. INSTRUCTIONS DE LAVAGE : Ne pas repasser. CERTIFICATION : EN 1149-5. EN 343, classe 4,1. EN ISO 14116, indice 3. EN ISO 20471, classe 3. IEC 61482-2, APC 1<\/p>\n<p>67% polyester, 33% coton, enduit de PVC, coupe-vent et imperm\u00e9able, ignifug\u00e9, antistatique, 390 g\/m<\/p>","protected":false},"excerpt":{"rendered":"<p>Dieser Regenmantel hat alles, was Sie f\u00fcr die Arbeit in exponierten Umgebungen brauchen. Der flammhemmende Mantel in High Vis und starkem Material mit hohem Schutzfaktor hat, neben den gegebenen Eigenschaften Wind- und Wasserdichtigkeit mit verschweissten N\u00e4hten, viele speziell angepasste Merkmale, die Ihnen bei der Arbeit helfen werden. Er hat eine abnehmbare, verstellbare Kapuze und einen [&hellip;]<\/p>\n","protected":false},"featured_media":595870,"template":"","meta":[],"product_brand":[],"product_cat":[4186],"product_tag":[],"class_list":{"0":"post-595802","1":"product","2":"type-product","3":"status-publish","4":"has-post-thumbnail","6":"product_cat-jacken","7":"pa_brand-blaklaeder","8":"pa_brand-type-workwear","9":"pa_filter-color-blau","10":"pa_filter-color-gelb","12":"first","13":"instock","14":"sale","15":"taxable","16":"shipping-taxable","17":"purchasable","18":"product-type-variable","19":"add-to-wishlist-before_image"},"exclude_global_add_ons":[],"addons":[],"acf":[],"_links":{"self":[{"href":"https:\/\/shop.kustom.ch\/fr\/wp-json\/wp\/v2\/product\/595802"}],"collection":[{"href":"https:\/\/shop.kustom.ch\/fr\/wp-json\/wp\/v2\/product"}],"about":[{"href":"https:\/\/shop.kustom.ch\/fr\/wp-json\/wp\/v2\/types\/product"}],"wp:featuredmedia":[{"embeddable":true,"href":"https:\/\/shop.kustom.ch\/fr\/wp-json\/wp\/v2\/media\/595870"}],"wp:attachment":[{"href":"https:\/\/shop.kustom.ch\/fr\/wp-json\/wp\/v2\/media?parent=595802"}],"wp:term":[{"taxonomy":"product_brand","embeddable":true,"href":"https:\/\/shop.kustom.ch\/fr\/wp-json\/wp\/v2\/product_brand?post=595802"},{"taxonomy":"product_cat","embeddable":true,"href":"https:\/\/shop.kustom.ch\/fr\/wp-json\/wp\/v2\/product_cat?post=595802"},{"taxonomy":"product_tag","embeddable":true,"href":"https:\/\/shop.kustom.ch\/fr\/wp-json\/wp\/v2\/product_tag?post=595802"}],"curies":[{"name":"wp","href":"https:\/\/api.w.org\/{rel}","templated":true}]}}