{"id":595706,"date":"2025-03-05T00:29:38","date_gmt":"2025-03-04T23:29:38","guid":{"rendered":"https:\/\/shop.kustom.ch\/?post_type=product&#038;p=595706"},"modified":"2026-03-31T08:59:31","modified_gmt":"2026-03-31T07:59:31","slug":"regenjacke-level-2","status":"publish","type":"product","link":"https:\/\/shop.kustom.ch\/fr\/produit\/regenjacke-level-2\/","title":{"rendered":"Veste de pluie niveau 2"},"content":{"rendered":"<p>Une veste de pluie haute visibilit\u00e9 pour tous ceux qui ont des t\u00e2ches professionnelles n\u00e9cessitant des v\u00eatements de pluie robustes mais polyvalents. Elle est imperm\u00e9able au vent et \u00e0 l'eau avec des coutures soud\u00e9es et dispose d'une ventilation dans le dos. La veste est dot\u00e9e d'une capuche amovible et r\u00e9glable et d'un col doux doubl\u00e9 de polaire. Elle poss\u00e8de des poches facilement accessibles, ainsi qu'une poche amovible pour carte d'identit\u00e9, des poches avant avec rabat et boutons-pression et une poche Napol\u00e9on \u00e0 l'int\u00e9rieur du rabat. Fermeture \u00e0 glissi\u00e8re robuste \u00e0 double sens qui s'\u00e9tend jusqu'au col et fermeture frontale \u00e0 boutons-pression, ainsi qu'une fermeture \u00e0 ressort qui retient les liquides. Bonne coupe avec taille r\u00e9glable et cordon de serrage, ainsi que manches r\u00e9glables avec velcro et poignet int\u00e9rieur en n\u00e9opr\u00e8ne qui maintient la chaleur du corps m\u00eame en cas d'humidit\u00e9. Certifi\u00e9 selon EN 343, v\u00eatements de protection contre le mauvais temps et EN ISO 20471, classe 3, v\u00eatements de protection \u00e0 haute visibilit\u00e9. Les couleurs 4600 et 9900 ne sont pas certifi\u00e9es EN ISO 20471. Les couleurs 4600, 5300 et 9900 ont \u00e9t\u00e9 mises \u00e0 jour. L'ancien mod\u00e8le est livr\u00e9 jusqu'\u00e0 \u00e9puisement des stocks. Pour le mod\u00e8le mis \u00e0 jour en couleur 4600 et 9900, consultez l'article 4305.<\/p>\n<p>FERMETURE : Dos rallong\u00e9. Poignets r\u00e9glables avec poignets en n\u00e9opr\u00e8ne \u00e0 l'int\u00e9rieur. D\u00c9TAILS : Anneau en D. Capuche amovible et r\u00e9glable. Col doubl\u00e9 en polaire. FERMETURE FRONTALE : Patte de boutonnage pour le vent. FONCTIONNALIT\u00c9 : A\u00e9ration dans le dos. TRAVAILLEURS PRINCIPAUX : Travailleurs de la route et du b\u00e2timent. EN 343. R\u00c9FLEXE : bandes r\u00e9fl\u00e9chissantes de 65 mm de large. TISSU : Hommes. bleu. coupe-vent. Pluie. POSITIONS : Poche Napol\u00e9on \u00e0 l'int\u00e9rieur du rabat. Poches avant avec rabat et bouton-pression. INSTRUCTIONS DE LAVAGE : Nombre de lavages : x 5 - valable pour la couleur 5500. Ne pas blanchir. CERTIFICATION : EN 343, classe 3.1. EN ISO 20471, classe 3. Les couleurs 4600 et 9900 ne sont pas certifi\u00e9es selon EN ISO 20471.<\/p>\n<p>polyester 100%, enduit de PU, coupe-vent et imperm\u00e9able, 240g\/m<\/p>","protected":false},"excerpt":{"rendered":"<p>Eine Regenjacke in High Vis f\u00fcr all jene mit Arbeitsaufgaben, die robuste aber wandelbare Regenkleidung erfordern. Sie ist wind- und wasserdicht mit verschweissten N\u00e4hten und hat eine Bel\u00fcftung am R\u00fccken. Die Jacke hat eine abnehmbare und einstellbare Kapuze und einen weichen Fleece-gef\u00fctterten Kragen. Sie besitzt leicht zug\u00e4ngliche Taschen, sowie eine abnehmbare Ausweistasche, Vordertaschen mit Patte [&hellip;]<\/p>\n","protected":false},"featured_media":595753,"template":"","meta":[],"product_brand":[],"product_cat":[4186],"product_tag":[],"class_list":{"0":"post-595706","1":"product","2":"type-product","3":"status-publish","4":"has-post-thumbnail","6":"product_cat-jacken","7":"pa_brand-blaklaeder","8":"pa_brand-type-workwear","9":"pa_filter-color-blau","10":"pa_filter-color-gelb","11":"pa_filter-color-gruen","12":"pa_filter-color-orange","13":"pa_filter-color-rot","14":"pa_filter-color-schwarz","16":"first","17":"instock","18":"sale","19":"taxable","20":"shipping-taxable","21":"purchasable","22":"product-type-variable","23":"add-to-wishlist-before_image"},"exclude_global_add_ons":[],"addons":[],"acf":[],"_links":{"self":[{"href":"https:\/\/shop.kustom.ch\/fr\/wp-json\/wp\/v2\/product\/595706"}],"collection":[{"href":"https:\/\/shop.kustom.ch\/fr\/wp-json\/wp\/v2\/product"}],"about":[{"href":"https:\/\/shop.kustom.ch\/fr\/wp-json\/wp\/v2\/types\/product"}],"wp:featuredmedia":[{"embeddable":true,"href":"https:\/\/shop.kustom.ch\/fr\/wp-json\/wp\/v2\/media\/595753"}],"wp:attachment":[{"href":"https:\/\/shop.kustom.ch\/fr\/wp-json\/wp\/v2\/media?parent=595706"}],"wp:term":[{"taxonomy":"product_brand","embeddable":true,"href":"https:\/\/shop.kustom.ch\/fr\/wp-json\/wp\/v2\/product_brand?post=595706"},{"taxonomy":"product_cat","embeddable":true,"href":"https:\/\/shop.kustom.ch\/fr\/wp-json\/wp\/v2\/product_cat?post=595706"},{"taxonomy":"product_tag","embeddable":true,"href":"https:\/\/shop.kustom.ch\/fr\/wp-json\/wp\/v2\/product_tag?post=595706"}],"curies":[{"name":"wp","href":"https:\/\/api.w.org\/{rel}","templated":true}]}}