{"id":595669,"date":"2025-03-05T00:28:56","date_gmt":"2025-03-04T23:28:56","guid":{"rendered":"https:\/\/shop.kustom.ch\/?post_type=product&#038;p=595669"},"modified":"2026-03-31T08:59:24","modified_gmt":"2026-03-31T07:59:24","slug":"handwerker-jacke-2","status":"publish","type":"product","link":"https:\/\/shop.kustom.ch\/fr\/produit\/handwerker-jacke-2\/","title":{"rendered":"Veste d'artisan"},"content":{"rendered":"<p>Veste sans doublure avec des d\u00e9tails intelligents High-Vis et des bandes r\u00e9fl\u00e9chissantes discr\u00e8tes pour une meilleure visibilit\u00e9. La veste a des coudes pr\u00e9form\u00e9s, des plis de mouvement dans le dos et une taille et des poignets r\u00e9glables pour un confort optimal au travail.<\/p>\n<p>FERMETURE : Taille r\u00e9glable avec bouton. Poignets r\u00e9glables avec bouton-pression. D\u00c9TAILS : Col haut. Empi\u00e8cements en haute visibilit\u00e9, pour une meilleure visibilit\u00e9. FERMETURE FRONTALE : Coupe-vent avec une fixation par bouton. FONCTIONNALIT\u00c9 : Manches pr\u00e9form\u00e9es. CARACT\u00c9RISTIQUES PRINCIPALES : Artisan. REFLEX : r\u00e9flecteurs sur les \u00e9paules, les manches et l'ourlet arri\u00e8re. TISSU : Hommes. Bleu. Visible. POCHES : Poches poitrine avec rabats et bouton-pression. Poches int\u00e9rieures avec poche pour t\u00e9l\u00e9phone portable. Poches de rangement doubl\u00e9es. INSTRUCTIONS DE LAVAGE : Nettoyage \u00e0 sec - normal P. CERTIFICATION : Non certifi\u00e9 High Vis<\/p>\n<p>100% Coton, serg\u00e9, 370 g\/m<\/p>","protected":false},"excerpt":{"rendered":"<p>Ungef\u00fctterte Jacke mit intelligenten High-Vis Details und diskreten Reflexstreifen f\u00fcr bessere Sichtbarkeit. Die Jacke hat vorgeformte Ellb\u00f6gen, Bewegungsfalten am R\u00fccken und einstellbaren Bund und Armabschl\u00fcsse f\u00fcr optimalen Komfort bei der Arbeit. ABSCHLUSS: Verstellbarer Bund mit Knopf. Verstellbare \u00c4rmelb\u00fcndchen mit Druckknopf. DETAILS: Hoher Kragen. Eins\u00e4tze in High Vis, f\u00fcr h\u00f6here Sichtbarkeit. FRONTVERSCHLUSS: Windschutz mit einer Knopfbefestigung. [&hellip;]<\/p>\n","protected":false},"featured_media":595733,"template":"","meta":[],"product_brand":[],"product_cat":[4186],"product_tag":[],"class_list":{"0":"post-595669","1":"product","2":"type-product","3":"status-publish","4":"has-post-thumbnail","6":"product_cat-jacken","7":"pa_brand-blaklaeder","8":"pa_brand-type-workwear","9":"pa_filter-color-blau","10":"pa_filter-color-gelb","11":"pa_filter-color-schwarz","13":"first","14":"instock","15":"sale","16":"taxable","17":"shipping-taxable","18":"purchasable","19":"product-type-variable","20":"add-to-wishlist-before_image"},"exclude_global_add_ons":[],"addons":[],"acf":[],"_links":{"self":[{"href":"https:\/\/shop.kustom.ch\/fr\/wp-json\/wp\/v2\/product\/595669"}],"collection":[{"href":"https:\/\/shop.kustom.ch\/fr\/wp-json\/wp\/v2\/product"}],"about":[{"href":"https:\/\/shop.kustom.ch\/fr\/wp-json\/wp\/v2\/types\/product"}],"wp:featuredmedia":[{"embeddable":true,"href":"https:\/\/shop.kustom.ch\/fr\/wp-json\/wp\/v2\/media\/595733"}],"wp:attachment":[{"href":"https:\/\/shop.kustom.ch\/fr\/wp-json\/wp\/v2\/media?parent=595669"}],"wp:term":[{"taxonomy":"product_brand","embeddable":true,"href":"https:\/\/shop.kustom.ch\/fr\/wp-json\/wp\/v2\/product_brand?post=595669"},{"taxonomy":"product_cat","embeddable":true,"href":"https:\/\/shop.kustom.ch\/fr\/wp-json\/wp\/v2\/product_cat?post=595669"},{"taxonomy":"product_tag","embeddable":true,"href":"https:\/\/shop.kustom.ch\/fr\/wp-json\/wp\/v2\/product_tag?post=595669"}],"curies":[{"name":"wp","href":"https:\/\/api.w.org\/{rel}","templated":true}]}}