{"id":595667,"date":"2025-03-05T00:28:55","date_gmt":"2025-03-04T23:28:55","guid":{"rendered":"https:\/\/shop.kustom.ch\/?post_type=product&#038;p=595667"},"modified":"2026-03-31T08:59:23","modified_gmt":"2026-03-31T07:59:23","slug":"damen-multinorm-jacke","status":"publish","type":"product","link":"https:\/\/shop.kustom.ch\/fr\/produit\/damen-multinorm-jacke\/","title":{"rendered":"Veste multi-normes pour femmes"},"content":{"rendered":"<p>Une veste multi-normes r\u00e9sistante \u00e0 l'huile, \u00e0 la salet\u00e9 et \u00e0 l'eau, de coupe f\u00e9minine, fabriqu\u00e9e dans un mat\u00e9riau r\u00e9sistant et con\u00e7ue pour \u00eatre visible de tous les c\u00f4t\u00e9s. Elle est plus courte \u00e0 l'avant pour une libert\u00e9 de mouvement maximale et poss\u00e8de un ourlet prolong\u00e9 \u00e0 l'arri\u00e8re pour la protection. La veste a des poches de poitrine des deux c\u00f4t\u00e9s et dispose de d\u00e9tails astucieux comme une poche int\u00e9rieure avec compartiment pour t\u00e9l\u00e9phone portable et un tissu sombre aux endroits expos\u00e9s aux salissures. Test\u00e9 pour le lavage industriel. Prot\u00e8ge contre les \u00e9claboussures de produits chimiques liquides. Certifi\u00e9 selon les normes EN 1149-5, EN 13034, EN ISO 20471, EN ISO 11611, EN ISO 11612, IEC 61482-2, ATPV : 11.0 cal\/cm\u00b2.<\/p>\n<p>FERMETURE : Ceinture r\u00e9glable avec fermeture velcro. Poignets r\u00e9glables avec boutons-pression. D\u00c9TAILS : \u00c9tiquettes de certification ext\u00e9rieures. Col haut avec fermeture \u00e0 glissi\u00e8re dissimul\u00e9e. FERMETURE FRONTALE : Fermeture \u00e0 glissi\u00e8re m\u00e9tallique renforc\u00e9e et dissimul\u00e9e. FONCTIONNALIT\u00c9 : R\u00e9sistant \u00e0 l'huile, \u00e0 la salet\u00e9 et \u00e0 l'eau. CARACT\u00c9RISTIQUES PRINCIPALES : Artisan. EN ISO 11612. REFLEX : Bandes r\u00e9fl\u00e9chissantes ignifuges avec doubles coutures. TISSU : Femmes. Jaune haute visibilit\u00e9. Protection contre les flammes. POCHES : Poches poitrine avec fermetures \u00e0 glissi\u00e8re et anneau en D. Poche int\u00e9rieure avec fermeture velcro. Poches avant avec rabat et bouton-pression. INSTRUCTIONS DE LAVAGE : Ne pas repasser. CERTIFICATION : EN 1149-5. EN 13034 PB (6). EN ISO 11611, classe 1 A1+A2. EN ISO 11612 A1, A2, B1, C1, E3, F1. EN ISO 20471 XS-S classe 2, M classe 3. ATPV - 11 cal\/cm\u00b2.<\/p>\n<p>75% coton, 24% polyester, 1% antistatique, serg\u00e9, ignifug\u00e9, antistatique, 350 g\/m<\/p>","protected":false},"excerpt":{"rendered":"<p>Eine \u00f6l-, schmutz- und wasserabweisende Multinorm Jacke im Damenschnitt, aus strapazierf\u00e4higem Material und so konzipiert, dass sie von allen Seiten sichtbar ist. Sie ist vorne k\u00fcrzer f\u00fcr maximale Bewegungsfreiheit und hat hinten ein verl\u00e4ngerten Saum zum Schutz. Die Jacke hat beidseitige Brusttaschen und verf\u00fcgt \u00fcber clevere Details wie eine Innentasche mit Handyfach und dunkles Gewebe [&hellip;]<\/p>\n","protected":false},"featured_media":595697,"template":"","meta":[],"product_brand":[],"product_cat":[4186],"product_tag":[],"class_list":{"0":"post-595667","1":"product","2":"type-product","3":"status-publish","4":"has-post-thumbnail","6":"product_cat-jacken","7":"pa_brand-blaklaeder","8":"pa_brand-type-workwear","9":"pa_filter-color-blau","10":"pa_filter-color-gelb","12":"first","13":"instock","14":"sale","15":"taxable","16":"shipping-taxable","17":"purchasable","18":"product-type-variable","19":"add-to-wishlist-before_image"},"exclude_global_add_ons":[],"addons":[],"acf":[],"_links":{"self":[{"href":"https:\/\/shop.kustom.ch\/fr\/wp-json\/wp\/v2\/product\/595667"}],"collection":[{"href":"https:\/\/shop.kustom.ch\/fr\/wp-json\/wp\/v2\/product"}],"about":[{"href":"https:\/\/shop.kustom.ch\/fr\/wp-json\/wp\/v2\/types\/product"}],"wp:featuredmedia":[{"embeddable":true,"href":"https:\/\/shop.kustom.ch\/fr\/wp-json\/wp\/v2\/media\/595697"}],"wp:attachment":[{"href":"https:\/\/shop.kustom.ch\/fr\/wp-json\/wp\/v2\/media?parent=595667"}],"wp:term":[{"taxonomy":"product_brand","embeddable":true,"href":"https:\/\/shop.kustom.ch\/fr\/wp-json\/wp\/v2\/product_brand?post=595667"},{"taxonomy":"product_cat","embeddable":true,"href":"https:\/\/shop.kustom.ch\/fr\/wp-json\/wp\/v2\/product_cat?post=595667"},{"taxonomy":"product_tag","embeddable":true,"href":"https:\/\/shop.kustom.ch\/fr\/wp-json\/wp\/v2\/product_tag?post=595667"}],"curies":[{"name":"wp","href":"https:\/\/api.w.org\/{rel}","templated":true}]}}