{"id":595645,"date":"2025-03-05T00:28:18","date_gmt":"2025-03-04T23:28:18","guid":{"rendered":"https:\/\/shop.kustom.ch\/?post_type=product&#038;p=595645"},"modified":"2026-03-31T08:59:22","modified_gmt":"2026-03-31T07:59:22","slug":"service-bundjacke","status":"publish","type":"product","link":"https:\/\/shop.kustom.ch\/fr\/produit\/service-bundjacke\/","title":{"rendered":"Veste de service"},"content":{"rendered":"<p>FERMETURE : Ceinture r\u00e9glable avec fermeture Velcro. Poignets r\u00e9glables avec fermeture velcro. D\u00c9TAILS : Poche pour carte d'identit\u00e9 escamotable. FERMETURE FRONTALE : Fermeture \u00e0 glissi\u00e8re invisible en plastique. CARACTERISTIQUES PRINCIPALES : M\u00e9canicien. TISSU : Hommes. Bleu. Industrie \/ Service. POCHES : Poches poitrine avec fermetures \u00e0 glissi\u00e8re et anneau en D. Poche int\u00e9rieure avec poche pour t\u00e9l\u00e9phone portable. Poches avant avec une poche \u00e0 outils suppl\u00e9mentaire cousue. INSTRUCTIONS DE LAVAGE : repassage - moyen<\/p>\n<p>55% Polyester\/45 % Coton, serg\u00e9, polyester recycl\u00e9 270 g\/m<\/p>","protected":false},"excerpt":{"rendered":"<p>ABSCHLUSS: Verstellbarer Bund mit Klettverschluss. Verstellbare \u00c4rmelb\u00fcndchen mit Klettverschluss. DETAILS: Ausweistasche versenkbar. FRONTVERSCHLUSS: Verdeckter Reissverschluss aus Kunststoff. HAUPTEIGENSCHAFTEN: Mechaniker. STOFF: Herren. blau. Industrie \/ Service. TASCHEN: Brusttaschen mit Reissverschl\u00fcssen und D-Ring. Innentasche mit Handytasche. Vordertaschen mit einer aufgen\u00e4hten zus\u00e4tzlichen Werkzeugtasche. WASCHANLEITUNG: B\u00fcgeln &#8211; mittel 55% Polyester\/45 % Baumwolle, K\u00f6per, wiederverwertetes Polyester 270 g\/m\u00b2<\/p>","protected":false},"featured_media":595694,"template":"","meta":[],"product_brand":[],"product_cat":[4186],"product_tag":[],"class_list":{"0":"post-595645","1":"product","2":"type-product","3":"status-publish","4":"has-post-thumbnail","6":"product_cat-jacken","7":"pa_brand-blaklaeder","8":"pa_brand-type-workwear","9":"pa_filter-color-blau","11":"first","12":"instock","13":"sale","14":"taxable","15":"shipping-taxable","16":"purchasable","17":"product-type-variable","18":"add-to-wishlist-before_image"},"exclude_global_add_ons":[],"addons":[],"acf":[],"_links":{"self":[{"href":"https:\/\/shop.kustom.ch\/fr\/wp-json\/wp\/v2\/product\/595645"}],"collection":[{"href":"https:\/\/shop.kustom.ch\/fr\/wp-json\/wp\/v2\/product"}],"about":[{"href":"https:\/\/shop.kustom.ch\/fr\/wp-json\/wp\/v2\/types\/product"}],"wp:featuredmedia":[{"embeddable":true,"href":"https:\/\/shop.kustom.ch\/fr\/wp-json\/wp\/v2\/media\/595694"}],"wp:attachment":[{"href":"https:\/\/shop.kustom.ch\/fr\/wp-json\/wp\/v2\/media?parent=595645"}],"wp:term":[{"taxonomy":"product_brand","embeddable":true,"href":"https:\/\/shop.kustom.ch\/fr\/wp-json\/wp\/v2\/product_brand?post=595645"},{"taxonomy":"product_cat","embeddable":true,"href":"https:\/\/shop.kustom.ch\/fr\/wp-json\/wp\/v2\/product_cat?post=595645"},{"taxonomy":"product_tag","embeddable":true,"href":"https:\/\/shop.kustom.ch\/fr\/wp-json\/wp\/v2\/product_tag?post=595645"}],"curies":[{"name":"wp","href":"https:\/\/api.w.org\/{rel}","templated":true}]}}