{"id":595626,"date":"2025-03-05T00:27:44","date_gmt":"2025-03-04T23:27:44","guid":{"rendered":"https:\/\/shop.kustom.ch\/?post_type=product&#038;p=595626"},"modified":"2026-03-31T08:59:21","modified_gmt":"2026-03-31T07:59:21","slug":"multinorm-jacke-inhaerent","status":"publish","type":"product","link":"https:\/\/shop.kustom.ch\/fr\/produit\/multinorm-jacke-inhaerent\/","title":{"rendered":"Veste multinorme inh\u00e9rente"},"content":{"rendered":"<p>La veste Multinorm r\u00e9sistante \u00e0 l'huile, \u00e0 la salet\u00e9 et \u00e0 l'eau est compos\u00e9e d'un mat\u00e9riau ignifuge inh\u00e9rent, ce qui signifie que les propri\u00e9t\u00e9s ignifuges sont naturellement contenues dans les fibres. Une veste ultramoderne avec un excellent rapport r\u00e9sistance\/poids. Elle poss\u00e8de des solutions de poches intelligentes, comme des poches doubles sur la poitrine avec fermeture \u00e0 glissi\u00e8re dissimul\u00e9e. Les manches pr\u00e9form\u00e9es, le dos plus long et la taille r\u00e9glable assurent un bon ajustement. Le tissu ripstop offre une excellente r\u00e9sistance \u00e0 la d\u00e9chirure. Test\u00e9 et approuv\u00e9 pour 50 lavages. Certifi\u00e9 conforme aux normes EN 1149-5, EN ISO 11611, EN 13034, EN ISO 20471, EN ISO 11612, IEC 61482-2. ATPV : 11 cal\/cm\u00b2. Conforme aux exigences EN ISO 15797 pour le lavage industriel. Atteint la certification de classe 3 lorsqu'il est combin\u00e9 avec le pantalon 1488, 1489, 1588, 1589 et la salopette 2889 sous la norme EN ISO 20471.<\/p>\n<p>FERMETURE : Ceinture r\u00e9glable avec fermeture velcro. Poignets r\u00e9glables avec boutons-pression. D\u00c9TAILS : \u00c9tiquettes de certification ext\u00e9rieures. Col haut avec fermeture \u00e0 glissi\u00e8re. Passants de chaque c\u00f4t\u00e9 de la poitrine pour le d\u00e9tecteur de gaz \/ l'oxyg\u00e9nom\u00e8tre \/ le microphone. \u00c9paules de couleur contrast\u00e9e. FERMETURE FRONTALE : Fermeture \u00e0 glissi\u00e8re en plastique renforc\u00e9e et dissimul\u00e9e. FONCTIONNALIT\u00c9 : Sans m\u00e9tal. CARACTERISTIQUES PRINCIPALES : Employ\u00e9 de service. EN ISO 11612. REFLEX : Bandes r\u00e9fl\u00e9chissantes sur les \u00e9paules. TISSU : Disponible pour hommes et femmes. Jaune haute visibilit\u00e9. Sans m\u00e9tal. Protection contre les flammes. POCHES : Poches poitrine avec fermeture \u00e0 glissi\u00e8re dissimul\u00e9e. Poche int\u00e9rieure. Poches avant avec rabat et bouton-pression. INSTRUCTIONS DE LAVAGE : PRO : convient au s\u00e9chage en tambour. LAVAGE : lavage industriel EN ISO 15797. CERTIFICATION : 50 cycles de lavage maximum. EN 13034 PB (6). Max. 50 cycles de lavage. EN ISO 11611, classe 1 A1+A2. Max. 50 cycles de lavage. EN ISO 20471, XS-S classe 2, M et plus classe 3.<\/p>\n<p>44% Modacrylique, 30% Coton, 20% FR Polyamide, 5% Aramide, 1% antistatique, Ripstop, ignifug\u00e9, antistatique, 260 g\/m<\/p>","protected":false},"excerpt":{"rendered":"<p>Die \u00f6l-, schmutz- und wasserabweisende Multinorm Jacke besteht aus einem inherenten flammfesten Material, was bedeutet, dass die Flammschutz-Eigenschaften nat\u00fcrlich in den Fasern enthalten sind. Eine hochmoderne Jacke mit ausgezeichnetem St\u00e4rke-Gewichts-Verh\u00e4ltnis. Sie besitzt clevere Taschenl\u00f6sungen, wie doppelte Brusttaschen mit verdecktem Reissverschluss. Vorgeformte \u00c4rmel, l\u00e4ngerer R\u00fccken und einstellbarer Bund f\u00fcr eine gute Passform. Der Ripstop-Stoff liefert hervorragende [&hellip;]<\/p>\n","protected":false},"featured_media":595664,"template":"","meta":[],"product_brand":[],"product_cat":[4186],"product_tag":[],"class_list":{"0":"post-595626","1":"product","2":"type-product","3":"status-publish","4":"has-post-thumbnail","6":"product_cat-jacken","7":"pa_brand-blaklaeder","8":"pa_brand-type-workwear","9":"pa_filter-color-blau","10":"pa_filter-color-gelb","11":"pa_filter-color-orange","13":"first","14":"instock","15":"sale","16":"taxable","17":"shipping-taxable","18":"purchasable","19":"product-type-variable","20":"add-to-wishlist-before_image"},"exclude_global_add_ons":[],"addons":[],"acf":[],"_links":{"self":[{"href":"https:\/\/shop.kustom.ch\/fr\/wp-json\/wp\/v2\/product\/595626"}],"collection":[{"href":"https:\/\/shop.kustom.ch\/fr\/wp-json\/wp\/v2\/product"}],"about":[{"href":"https:\/\/shop.kustom.ch\/fr\/wp-json\/wp\/v2\/types\/product"}],"wp:featuredmedia":[{"embeddable":true,"href":"https:\/\/shop.kustom.ch\/fr\/wp-json\/wp\/v2\/media\/595664"}],"wp:attachment":[{"href":"https:\/\/shop.kustom.ch\/fr\/wp-json\/wp\/v2\/media?parent=595626"}],"wp:term":[{"taxonomy":"product_brand","embeddable":true,"href":"https:\/\/shop.kustom.ch\/fr\/wp-json\/wp\/v2\/product_brand?post=595626"},{"taxonomy":"product_cat","embeddable":true,"href":"https:\/\/shop.kustom.ch\/fr\/wp-json\/wp\/v2\/product_cat?post=595626"},{"taxonomy":"product_tag","embeddable":true,"href":"https:\/\/shop.kustom.ch\/fr\/wp-json\/wp\/v2\/product_tag?post=595626"}],"curies":[{"name":"wp","href":"https:\/\/api.w.org\/{rel}","templated":true}]}}