{"id":595625,"date":"2025-03-05T00:27:43","date_gmt":"2025-03-04T23:27:43","guid":{"rendered":"https:\/\/shop.kustom.ch\/?post_type=product&#038;p=595625"},"modified":"2026-03-31T08:59:13","modified_gmt":"2026-03-31T07:59:13","slug":"multinorm-shell-jacke","status":"publish","type":"product","link":"https:\/\/shop.kustom.ch\/fr\/produit\/multinorm-shell-jacke\/","title":{"rendered":"Veste Multinorm Shell"},"content":{"rendered":"<p>Une veste shell fine et tr\u00e8s souple, fabriqu\u00e9e \u00e0 partir d'un mat\u00e9riau ignifuge inh\u00e9rent. Cette veste shell imperm\u00e9able au vent et \u00e0 l'eau, exempte de polyester et de m\u00e9tal, est tr\u00e8s demand\u00e9e. C'est la premi\u00e8re veste de Bl\u00e5kl\u00e4der dans ce genre et elle a \u00e9t\u00e9 d\u00e9velopp\u00e9e avec notre sens de la qualit\u00e9. La veste poss\u00e8de des bandes r\u00e9fl\u00e9chissantes de transfert souples et flexibles, une excellente respirabilit\u00e9 et des zones sombres aux endroits expos\u00e9s. La veste est \u00e9quip\u00e9e de boucles sur la poitrine pour attacher les appareils de mesure des gaz et de l'oxyg\u00e8ne. La capuche l\u00e9g\u00e8rement plus haute et r\u00e9glable peut \u00eatre ajust\u00e9e de mani\u00e8re \u00e0 ce qu'un casque puisse \u00eatre port\u00e9 en dessous. Certifi\u00e9 selon EN 1149-5, EN 13034. EN ISO 20471. EN 343. EN ISO 11611. EN ISO 11612. IEC 61482-2.<\/p>\n<p>FERMETURE : Dos rallong\u00e9. Poignets r\u00e9glables avec fermeture velcro. D\u00c9TAILS : Peut \u00eatre attach\u00e9 \u00e0 l'anneau en D. \u00c9tiquettes de certification ext\u00e9rieures. Capuche amovible et r\u00e9glable. Boutons dissimul\u00e9s. Col haut avec fermeture \u00e0 glissi\u00e8re. Boucles de chaque c\u00f4t\u00e9 de la poitrine pour d\u00e9tecteur de gaz\/oxyg\u00e9nom\u00e8tre\/microphone. FERMETURE FRONTALE : Fermeture \u00e9clair cach\u00e9e \u00e0 double sens en plastique. FONCTIONNALIT\u00c9 : R\u00e9sistant \u00e0 l'huile, \u00e0 la salet\u00e9 et \u00e0 l'eau. TRAVAUX PRINCIPAUX : Travailleurs de la route et du b\u00e2timent. EN ISO 11612. REFLEX : Bandes r\u00e9fl\u00e9chissantes de transfert ignifuges interrompues. TISSU : Hommes. bleu. coupe-vent. Protection contre les flammes. POCHES : Poche de poitrine avec fermeture \u00e0 glissi\u00e8re. Poche int\u00e9rieure. Poches lat\u00e9rales avec fermeture \u00e9clair. INSTRUCTIONS DE LAVAGE : Ne pas blanchir. CERTIFICATION : EN 1149-5. EN 13034 PB (6). EN 343, classe 4,3. EN 61482-2, APC 2. EN ISO 11611 classe 2 , A1+A2. EN ISO 11612 A1, A2, B1, C1, D1, E3, F1. Groupe de certification C -&gt;S<\/p>\n<p>59% viscose, 40% modacrylique, 1% antistatique, enduit, imperm\u00e9able 16.000mm, coupe-vent, respirant Ret 12,6, 250 g\/m<\/p>","protected":false},"excerpt":{"rendered":"<p>Eine d\u00fcnne und sehr flexible Shell Jacke aus inh\u00e4rentem, flammhemmenden Material. Diese wind- und wasserdichte Shell Jacke, welche frei von Polyester und Metall ist, ist sehr gefragt. Es ist Bl\u00e5kl\u00e4ders erste Jacke in diesem Genre und sie wurde mit unserem Gesp\u00fcr f\u00fcr Qualit\u00e4t entwickelt. Die Jacke besitzt weiche, flexible Transfer-Reflexstreifen, hervorragende Atmungsaktivit\u00e4t und dunkle Bereiche [&hellip;]<\/p>\n","protected":false},"featured_media":595663,"template":"","meta":[],"product_brand":[],"product_cat":[4186],"product_tag":[],"class_list":{"0":"post-595625","1":"product","2":"type-product","3":"status-publish","4":"has-post-thumbnail","6":"product_cat-jacken","7":"pa_brand-blaklaeder","8":"pa_brand-type-workwear","9":"pa_filter-color-blau","10":"pa_filter-color-gelb","12":"first","13":"instock","14":"sale","15":"taxable","16":"shipping-taxable","17":"purchasable","18":"product-type-variable","19":"add-to-wishlist-before_image"},"exclude_global_add_ons":[],"addons":[],"acf":[],"_links":{"self":[{"href":"https:\/\/shop.kustom.ch\/fr\/wp-json\/wp\/v2\/product\/595625"}],"collection":[{"href":"https:\/\/shop.kustom.ch\/fr\/wp-json\/wp\/v2\/product"}],"about":[{"href":"https:\/\/shop.kustom.ch\/fr\/wp-json\/wp\/v2\/types\/product"}],"wp:featuredmedia":[{"embeddable":true,"href":"https:\/\/shop.kustom.ch\/fr\/wp-json\/wp\/v2\/media\/595663"}],"wp:attachment":[{"href":"https:\/\/shop.kustom.ch\/fr\/wp-json\/wp\/v2\/media?parent=595625"}],"wp:term":[{"taxonomy":"product_brand","embeddable":true,"href":"https:\/\/shop.kustom.ch\/fr\/wp-json\/wp\/v2\/product_brand?post=595625"},{"taxonomy":"product_cat","embeddable":true,"href":"https:\/\/shop.kustom.ch\/fr\/wp-json\/wp\/v2\/product_cat?post=595625"},{"taxonomy":"product_tag","embeddable":true,"href":"https:\/\/shop.kustom.ch\/fr\/wp-json\/wp\/v2\/product_tag?post=595625"}],"curies":[{"name":"wp","href":"https:\/\/api.w.org\/{rel}","templated":true}]}}