{"id":595609,"date":"2025-03-05T00:27:40","date_gmt":"2025-03-04T23:27:40","guid":{"rendered":"https:\/\/shop.kustom.ch\/?post_type=product&#038;p=595609"},"modified":"2026-03-31T08:59:12","modified_gmt":"2026-03-31T07:59:12","slug":"multinorm-jacke","status":"publish","type":"product","link":"https:\/\/shop.kustom.ch\/fr\/produit\/multinorm-jacke\/","title":{"rendered":"Veste Multinorm"},"content":{"rendered":"<p>Veste multi-normes fabriqu\u00e9e dans un mat\u00e9riau robuste, con\u00e7ue pour \u00eatre visible dans toutes les directions. La veste est plus courte \u00e0 l'avant pour une libert\u00e9 de mouvement maximale et a un dos allong\u00e9 pour une plus grande protection. Elle poss\u00e8de des poches de poitrine des deux c\u00f4t\u00e9s et des d\u00e9tails intelligents, comme une poche int\u00e9rieure avec une pochette pour t\u00e9l\u00e9phone portable et un tissu plus fonc\u00e9 aux endroits les plus expos\u00e9s \u00e0 la salet\u00e9. Convient au lavage industriel. Prot\u00e8ge contre les produits chimiques liquides. Certifi\u00e9 selon EN 1149-5. EN 1149-5, EN ISO 11611, EN 13034, EN ISO 20471, EN ISO 11612, IEC 61482-2. ATPV : 11,0 cal\/cm\u00b2.<\/p>\n<p>FERMETURE : Ceinture r\u00e9glable avec fermeture velcro. Poignets r\u00e9glables avec boutons-pression. D\u00c9TAILS : Poche d'identification amovible pour les v\u00eatements ignifuges. Soufflet au dos. \u00c9tiquettes de certification ext\u00e9rieures. Col haut avec fermeture \u00e0 glissi\u00e8re. FERMETURE FRONTALE : Fermeture \u00e0 glissi\u00e8re m\u00e9tallique renforc\u00e9e et dissimul\u00e9e. FONCTIONNALIT\u00c9 : R\u00e9sistant \u00e0 l'huile, \u00e0 la salet\u00e9 et \u00e0 l'eau. CARACT\u00c9RISTIQUES PRINCIPALES : \u00c9lectricien. EN 13034. REFLEX : Bandes r\u00e9fl\u00e9chissantes ignifuges avec doubles coutures. TISSU : Disponible pour hommes et femmes. Jaune haute visibilit\u00e9. R\u00e9sistance aux flammes. POCHES : Poches poitrine avec rabats. Poche pour t\u00e9l\u00e9phone portable \u00e0 l'int\u00e9rieur. Poche int\u00e9rieure avec fermeture velcro. Poches int\u00e9gr\u00e9es avec rabats. INSTRUCTIONS DE LAVAGE : Ne pas nettoyer \u00e0 sec. LAVAGE : Lavage industriel EN ISO 15797. CERTIFICATION : EN 1149-5. EN 13034 PB (6). EN ISO 11611, classe 1 A1+A2. EN ISO 11612 A1, A2, B1, C1, E3, F1. Max. 50 cycles de lavage. IEC 61482-2, APC 1<\/p>\n<p>75% coton, 24% polyester, 1% antistatique, serg\u00e9, ignifug\u00e9, antistatique, 350 g\/m<\/p>","protected":false},"excerpt":{"rendered":"<p>Multinorm Jacke aus einem robusten Material, entwickelt, um aus jeder Richtung sichtbar zu sein. Die Jacke ist vorne k\u00fcrzer f\u00fcr maximale Bewegungsfreiheit und hat einen verl\u00e4ngerten R\u00fccken f\u00fcr h\u00f6heren Schutz. Sie hat Brusttaschen auf beiden Seiten und besitzt intelligente Details, wie eine Innentasche mit Handyinnentasche und dunklerem Stoff an Stellen, die dem meisten Schmutz ausgesetzt [&hellip;]<\/p>\n","protected":false},"featured_media":595661,"template":"","meta":[],"product_brand":[],"product_cat":[4186],"product_tag":[],"class_list":{"0":"post-595609","1":"product","2":"type-product","3":"status-publish","4":"has-post-thumbnail","6":"product_cat-jacken","7":"pa_brand-blaklaeder","8":"pa_brand-type-workwear","9":"pa_filter-color-blau","10":"pa_filter-color-gelb","12":"first","13":"instock","14":"sale","15":"taxable","16":"shipping-taxable","17":"purchasable","18":"product-type-variable","19":"add-to-wishlist-before_image"},"exclude_global_add_ons":[],"addons":[],"acf":[],"_links":{"self":[{"href":"https:\/\/shop.kustom.ch\/fr\/wp-json\/wp\/v2\/product\/595609"}],"collection":[{"href":"https:\/\/shop.kustom.ch\/fr\/wp-json\/wp\/v2\/product"}],"about":[{"href":"https:\/\/shop.kustom.ch\/fr\/wp-json\/wp\/v2\/types\/product"}],"wp:featuredmedia":[{"embeddable":true,"href":"https:\/\/shop.kustom.ch\/fr\/wp-json\/wp\/v2\/media\/595661"}],"wp:attachment":[{"href":"https:\/\/shop.kustom.ch\/fr\/wp-json\/wp\/v2\/media?parent=595609"}],"wp:term":[{"taxonomy":"product_brand","embeddable":true,"href":"https:\/\/shop.kustom.ch\/fr\/wp-json\/wp\/v2\/product_brand?post=595609"},{"taxonomy":"product_cat","embeddable":true,"href":"https:\/\/shop.kustom.ch\/fr\/wp-json\/wp\/v2\/product_cat?post=595609"},{"taxonomy":"product_tag","embeddable":true,"href":"https:\/\/shop.kustom.ch\/fr\/wp-json\/wp\/v2\/product_tag?post=595609"}],"curies":[{"name":"wp","href":"https:\/\/api.w.org\/{rel}","templated":true}]}}