{"id":595588,"date":"2025-03-05T00:27:06","date_gmt":"2025-03-04T23:27:06","guid":{"rendered":"https:\/\/shop.kustom.ch\/?post_type=product&#038;p=595588"},"modified":"2026-03-31T08:58:59","modified_gmt":"2026-03-31T07:58:59","slug":"multinorm-winterjacke-2","status":"publish","type":"product","link":"https:\/\/shop.kustom.ch\/fr\/produit\/multinorm-winterjacke-2\/","title":{"rendered":"Veste d'hiver Multinorm"},"content":{"rendered":"<p>Veste d'hiver multi-normes, con\u00e7ue pour \u00eatre visible dans toutes les directions, m\u00eame lorsque vous vous penchez. Des poches facilement accessibles pour tous vos besoins combin\u00e9es \u00e0 une coupe confortable, un mat\u00e9riau robuste et une s\u00e9curit\u00e9 accrue font de cette veste le choix id\u00e9al pour les conditions de travail extr\u00eames et exigeantes. Certifi\u00e9 selon EN ISO 20471, XS-L classe 2, XL -&gt; classe 3. EN 1149-5, IEC 61482-2 classe 2. EN342. EN ISO 11612 A1, A2, B1, C1, E3, F1. EN ISO 11611, classe 1 A1+A2. EN 13034 PB (6). ATPV : 43,0 cal\/cm\u00b2.<\/p>\n<p>FERMETURE : Ceinture r\u00e9glable avec fermeture Velcro. Poignets r\u00e9glables avec fermeture velcro. D\u00c9TAILS : Poche d'identification amovible pour les v\u00eatements ignifuges. \u00c9tiquettes de certification ext\u00e9rieures. Col doubl\u00e9 en polaire. Passants de chaque c\u00f4t\u00e9 de la poitrine pour microphones et autres \u00e9quipements. FERMETURE FRONTALE : Fermeture \u00e0 glissi\u00e8re m\u00e9tallique renforc\u00e9e et dissimul\u00e9e. FONCTIONNALIT\u00c9 : R\u00e9sistant \u00e0 l'huile, \u00e0 la salet\u00e9 et \u00e0 l'eau. CARACT\u00c9RISTIQUES PRINCIPALES : Artisan. EN ISO 11611. REFLEX : Bandes r\u00e9fl\u00e9chissantes ignifuges avec doubles coutures. TISSU : Hommes. Bleu. Anti-flamme. PORTEFEUILLE : Poche poitrine avec fermeture \u00e9clair m\u00e9tallique dissimul\u00e9e. Poche pour t\u00e9l\u00e9phone portable \u00e0 l'int\u00e9rieur. Poche int\u00e9rieure avec fermeture velcro. Poches ins\u00e9r\u00e9es avec rabats. INSTRUCTIONS DE LAVAGE : Ne pas essorer. CERTIFICATION : EN 1149-5. EN 13034 PB (6). EN 342 avec 1869-1514. EN ISO 11611, classe 1 A1+A2. EN ISO 11612 A1, A2, B1, C1, E1, F1. EN ISO 20471, XS-L classe 2, XL-&gt; classe 3. ATPV - 43 cal\/cm\u00b2.<\/p>\n<p>40% modacrylique, 24% FR viscose, 20% polyester, 10% coton, 4% aramide, 2% antistatique, double tissage, ignifug\u00e9, antistatique, 310 g\/m<\/p>","protected":false},"excerpt":{"rendered":"<p>Multinorm Winterjacke, entwickelt, um aus jeder Richtung sichtbar zu sein &#8211; auch wenn Sie sich b\u00fccken. Leicht zug\u00e4ngliche Taschen f\u00fcr all Ihre Bed\u00fcrfnisse kombiniert mit einem komfortablen Schnitt, robustem Material und h\u00f6herer Sicherheit machen diese Jacke zur idealen Wahl f\u00fcr extreme und fordernde Arbeitsbedingungen. Zertifiziert nach EN ISO 20471, XS-L Klasse 2, XL -&gt; Klasse [&hellip;]<\/p>\n","protected":false},"featured_media":595639,"template":"","meta":[],"product_brand":[],"product_cat":[4186],"product_tag":[],"class_list":{"0":"post-595588","1":"product","2":"type-product","3":"status-publish","4":"has-post-thumbnail","6":"product_cat-jacken","7":"pa_brand-blaklaeder","8":"pa_brand-type-workwear","9":"pa_filter-color-blau","10":"pa_filter-color-gelb","11":"pa_filter-color-orange","13":"first","14":"instock","15":"sale","16":"taxable","17":"shipping-taxable","18":"purchasable","19":"product-type-variable","20":"add-to-wishlist-before_image"},"exclude_global_add_ons":[],"addons":[],"acf":[],"_links":{"self":[{"href":"https:\/\/shop.kustom.ch\/fr\/wp-json\/wp\/v2\/product\/595588"}],"collection":[{"href":"https:\/\/shop.kustom.ch\/fr\/wp-json\/wp\/v2\/product"}],"about":[{"href":"https:\/\/shop.kustom.ch\/fr\/wp-json\/wp\/v2\/types\/product"}],"wp:featuredmedia":[{"embeddable":true,"href":"https:\/\/shop.kustom.ch\/fr\/wp-json\/wp\/v2\/media\/595639"}],"wp:attachment":[{"href":"https:\/\/shop.kustom.ch\/fr\/wp-json\/wp\/v2\/media?parent=595588"}],"wp:term":[{"taxonomy":"product_brand","embeddable":true,"href":"https:\/\/shop.kustom.ch\/fr\/wp-json\/wp\/v2\/product_brand?post=595588"},{"taxonomy":"product_cat","embeddable":true,"href":"https:\/\/shop.kustom.ch\/fr\/wp-json\/wp\/v2\/product_cat?post=595588"},{"taxonomy":"product_tag","embeddable":true,"href":"https:\/\/shop.kustom.ch\/fr\/wp-json\/wp\/v2\/product_tag?post=595588"}],"curies":[{"name":"wp","href":"https:\/\/api.w.org\/{rel}","templated":true}]}}