{"id":595571,"date":"2025-03-05T00:27:03","date_gmt":"2025-03-04T23:27:03","guid":{"rendered":"https:\/\/shop.kustom.ch\/?post_type=product&#038;p=595571"},"modified":"2026-03-31T08:58:58","modified_gmt":"2026-03-31T07:58:58","slug":"knieschoner-typ-1","status":"publish","type":"product","link":"https:\/\/shop.kustom.ch\/fr\/produit\/knieschoner-typ-1\/","title":{"rendered":"Genouill\u00e8res de type 1"},"content":{"rendered":"<p>Une genouill\u00e8re qui, associ\u00e9e aux genouill\u00e8res 4027 et 4057, devient une genouill\u00e8re de type 1. La genouill\u00e8re CORDURA\u00ae Stretch 4067 peut \u00eatre port\u00e9e \u00e0 tout moment lorsqu'il est n\u00e9cessaire de travailler sur les genoux. La protection est dot\u00e9e d'un mat\u00e9riau en maille a\u00e9r\u00e9e \u00e0 l'arri\u00e8re pour une ventilation suppl\u00e9mentaire. Elle est compatible avec les genouill\u00e8res 4027 et 4057 de Bl\u00e5kl\u00e4der et est disponible en trois tailles. Gr\u00e2ce \u00e0 son mat\u00e9riau et \u00e0 son design, la genouill\u00e8re est confortable et la partie sup\u00e9rieure est r\u00e9glable gr\u00e2ce \u00e0 l'\u00e9lastique. La genouill\u00e8re se porte avec un short lorsque l'on souhaite porter des pantalons courts tout en ayant besoin d'une protection pour les genoux.<\/p>\n<p>FONCTIONNALIT\u00c9 : Partie sup\u00e9rieure r\u00e9glable avec fermeture velcro. CARACT\u00c9RISTIQUES PRINCIPALES : Unisexe. EN 14004. COMPATIBLE AVEC : Short Bl\u00e5kl\u00e4der. SYMBOLES : Stretch \u00e0 deux sens. POCHES : Poches pour genouill\u00e8res. INSTRUCTIONS DE LAVAGE : 40\u00b0 C - doux. CONDITIONNEMENT : Livr\u00e9 par paire. CERTIFICATION : EN 14404 2004+A1 2010, type 1, niveau 1 avec genouill\u00e8re art. 4027<\/p>\n<p>100% polyester, CORDURA\u00ae stretch 320g\/m<\/p>","protected":false},"excerpt":{"rendered":"<p>Ein Knieschoner der zusammen mit den Kniepolstern 4027 und 4057 zu einen Typ 1 Knieschutz wird. Der CORDURA\u00ae Stretch Knieschoner 4067 kann jederzeit, wenn die Arbeit auf den Knien erforderlich ist, getragen werden. Der Schoner hat ein luftiges Mesh Material an der R\u00fcckseite f\u00fcr extra Bel\u00fcftung. Er passt zu Bl\u00e5kl\u00e4ders Kniepolstern 4027 und 4057 und [&hellip;]<\/p>\n","protected":false},"featured_media":595594,"template":"","meta":[],"product_brand":[],"product_cat":[9643,4209],"product_tag":[],"class_list":{"0":"post-595571","1":"product","2":"type-product","3":"status-publish","4":"has-post-thumbnail","6":"product_cat-equipment","7":"product_cat-zubehoer","8":"pa_brand-blaklaeder","9":"pa_brand-type-workwear","10":"pa_filter-color-schwarz","12":"first","13":"instock","14":"sale","15":"taxable","16":"shipping-taxable","17":"purchasable","18":"product-type-variable","19":"add-to-wishlist-before_image"},"exclude_global_add_ons":[],"addons":[],"acf":[],"_links":{"self":[{"href":"https:\/\/shop.kustom.ch\/fr\/wp-json\/wp\/v2\/product\/595571"}],"collection":[{"href":"https:\/\/shop.kustom.ch\/fr\/wp-json\/wp\/v2\/product"}],"about":[{"href":"https:\/\/shop.kustom.ch\/fr\/wp-json\/wp\/v2\/types\/product"}],"wp:featuredmedia":[{"embeddable":true,"href":"https:\/\/shop.kustom.ch\/fr\/wp-json\/wp\/v2\/media\/595594"}],"wp:attachment":[{"href":"https:\/\/shop.kustom.ch\/fr\/wp-json\/wp\/v2\/media?parent=595571"}],"wp:term":[{"taxonomy":"product_brand","embeddable":true,"href":"https:\/\/shop.kustom.ch\/fr\/wp-json\/wp\/v2\/product_brand?post=595571"},{"taxonomy":"product_cat","embeddable":true,"href":"https:\/\/shop.kustom.ch\/fr\/wp-json\/wp\/v2\/product_cat?post=595571"},{"taxonomy":"product_tag","embeddable":true,"href":"https:\/\/shop.kustom.ch\/fr\/wp-json\/wp\/v2\/product_tag?post=595571"}],"curies":[{"name":"wp","href":"https:\/\/api.w.org\/{rel}","templated":true}]}}